{"id":10877,"date":"2021-11-01T09:18:35","date_gmt":"2021-11-01T09:18:35","guid":{"rendered":"https:\/\/edfrozen.com\/product\/ravioloni-with-buffalo-ricotta-and-baby-spinach-leaves\/"},"modified":"2025-05-23T13:22:10","modified_gmt":"2025-05-23T11:22:10","slug":"ravioloni-me-rikota-buffalo-dhe-gjethe-spinaqi-te-njoma","status":"publish","type":"product","link":"https:\/\/edfrozen.com\/sq\/product\/ravioloni-me-rikota-buffalo-dhe-gjethe-spinaqi-te-njoma\/","title":{"rendered":"Ravioloni me Rikota Buffalo dhe Gjethe Spinaqi t\u00eb Njoma"},"content":{"rendered":"","protected":false},"excerpt":{"rendered":"<div class=\"s-editable\">\n<p>Djath\u00eb rikota i buallit p\u00ebrb\u00ebn 66% t\u00eb mbushjes. Nga shum\u00eb varietete t\u00eb djathit ricotta t\u00eb prodhuara n\u00eb Itali, lloji i b\u00ebr\u00eb nga qum\u00ebshti i buallit \u00ebsht\u00eb i ve\u00e7ant\u00eb p\u00ebr arom\u00ebn e tij t\u00eb \u00ebmb\u00ebl dhe p\u00ebr struktur\u00ebn e tij, e cila \u00ebsht\u00eb m\u00eb pak e grimcuar se llojet e tjera t\u00eb rikot\u00ebs. Spinaqi i zgjedhur p\u00ebr f\u00ebmij\u00eb &#8211; gjethet m\u00eb t\u00eb fresk\u00ebta dhe m\u00eb t\u00eb shijshme &#8211; p\u00ebrb\u00ebn 23% t\u00eb mbushjes.<\/p>\n<div><\/div>\n<\/div>\n<p><strong>P\u00ebrb\u00ebr\u00ebsit:<\/strong> bollgur gruri t\u00eb fort\u00eb, vez\u00eb hambari.<\/p>\n<p><strong>P\u00ebrb\u00ebr\u00ebsit (mbushja):<\/strong> alo ricotta 66%, gjethe spinaqi 23%, th\u00ebrrime buke, krip\u00eb, piper.<\/p>\n<p><strong>Informacioni i produktit<\/strong><\/p>\n<table class=\"style-1\" style=\"height: 195px;\" width=\"644\">\n<tbody>\n<tr>\n<td style=\"text-align: left;\">Koha e ruajtjes (-18 \u00b0 C):<\/td>\n<td>18 muaj<\/td>\n<\/tr>\n<tr>\n<td style=\"text-align: left;\">Pesha p\u00ebr cop\u00eb:<\/td>\n<td>38-46 g<\/td>\n<\/tr>\n<tr>\n<td style=\"text-align: left;\">Sh\u00ebrbim i rekomanduar sipas pesh\u00ebs:<\/td>\n<td>150 g<\/td>\n<\/tr>\n<tr>\n<td style=\"text-align: left;\">Gjat\u00ebsia e secil\u00ebs pjes\u00eb:<\/td>\n<td>78-88 mm<\/td>\n<\/tr>\n<tr>\n<td style=\"text-align: left;\">Pesha p\u00ebr cop\u00eb:<\/td>\n<td>65-75 mm<\/td>\n<\/tr>\n<tr>\n<td style=\"text-align: left;\">P\u00ebrqindja e makaronave (%):<\/td>\n<td>33<\/td>\n<\/tr>\n<tr>\n<td style=\"text-align: left;\">P\u00ebrqindja e mbushjes (%):<\/td>\n<td>67<\/td>\n<\/tr>\n<tr>\n<td style=\"text-align: left;\">Paketimi:<\/td>\n<td>5 tabaka nga 9 cop\u00eb secila<\/td>\n<\/tr>\n<tr>\n<td style=\"text-align: left;\">Numri i porcioneve p\u00ebr kuti kartoni:<\/td>\n<td>15<\/td>\n<\/tr>\n<\/tbody>\n<\/table>\n<p>&nbsp;<\/p>\n","protected":false},"featured_media":10878,"template":"","meta":{"inline_featured_image":false},"product_cat":[87],"product_tag":[],"class_list":{"0":"post-10877","1":"product","2":"type-product","3":"status-publish","4":"has-post-thumbnail","6":"product_brand-surgital","7":"product_cat-pasta-gourmet-sq","9":"first","10":"instock","11":"shipping-taxable","12":"product-type-simple"},"yoast_head":"<!-- This site is optimized with the Yoast SEO plugin v27.4 - https:\/\/yoast.com\/product\/yoast-seo-wordpress\/ -->\n<title>Ravioloni me Rikota Buffalo dhe Gjethe Spinaqi t\u00eb Njoma - Ed Frozen<\/title>\n<meta name=\"robots\" content=\"index, follow, max-snippet:-1, max-image-preview:large, max-video-preview:-1\" \/>\n<link rel=\"canonical\" href=\"https:\/\/edfrozen.com\/sq\/product\/ravioloni-me-rikota-buffalo-dhe-gjethe-spinaqi-te-njoma\/\" \/>\n<meta property=\"og:locale\" content=\"sq_AL\" \/>\n<meta property=\"og:type\" content=\"article\" \/>\n<meta property=\"og:title\" content=\"Ravioloni me Rikota Buffalo dhe Gjethe Spinaqi t\u00eb Njoma - Ed Frozen\" \/>\n<meta property=\"og:description\" content=\"Djath\u00eb rikota i buallit p\u00ebrb\u00ebn 66% t\u00eb mbushjes. Nga shum\u00eb varietete t\u00eb djathit ricotta t\u00eb prodhuara n\u00eb Itali, lloji i b\u00ebr\u00eb nga qum\u00ebshti i buallit \u00ebsht\u00eb i ve\u00e7ant\u00eb p\u00ebr arom\u00ebn e tij t\u00eb \u00ebmb\u00ebl dhe p\u00ebr struktur\u00ebn e tij, e cila \u00ebsht\u00eb m\u00eb pak e grimcuar se llojet e tjera t\u00eb rikot\u00ebs. Spinaqi i zgjedhur p\u00ebr f\u00ebmij\u00eb - gjethet m\u00eb t\u00eb fresk\u00ebta dhe m\u00eb t\u00eb shijshme - p\u00ebrb\u00ebn 23% t\u00eb mbushjes.   P\u00ebrb\u00ebr\u00ebsit: bollgur gruri t\u00eb fort\u00eb, vez\u00eb hambari.  P\u00ebrb\u00ebr\u00ebsit (mbushja): alo ricotta 66%, gjethe spinaqi 23%, th\u00ebrrime buke, krip\u00eb, piper.  Informacioni i produktit    Koha e ruajtjes (-18 \u00b0 C): 18 muaj   Pesha p\u00ebr cop\u00eb: 38-46 g   Sh\u00ebrbim i rekomanduar sipas pesh\u00ebs: 150 g   Gjat\u00ebsia e secil\u00ebs pjes\u00eb: 78-88 mm   Pesha p\u00ebr cop\u00eb: 65-75 mm   P\u00ebrqindja e makaronave (%): 33   P\u00ebrqindja e mbushjes (%): 67   Paketimi: 5 tabaka nga 9 cop\u00eb secila   Numri i porcioneve p\u00ebr kuti kartoni: 15    &nbsp;\" \/>\n<meta property=\"og:url\" content=\"https:\/\/edfrozen.com\/sq\/product\/ravioloni-me-rikota-buffalo-dhe-gjethe-spinaqi-te-njoma\/\" \/>\n<meta property=\"og:site_name\" content=\"Ed Frozen\" \/>\n<meta property=\"article:publisher\" content=\"https:\/\/www.facebook.com\/edfrozenalbania\/\" \/>\n<meta property=\"article:modified_time\" content=\"2025-05-23T11:22:10+00:00\" \/>\n<meta property=\"og:image\" content=\"https:\/\/edfrozen.com\/wp-content\/uploads\/2021\/11\/K108_big-e1653384767134.jpg\" \/>\n\t<meta property=\"og:image:width\" content=\"800\" \/>\n\t<meta property=\"og:image:height\" content=\"1094\" \/>\n\t<meta property=\"og:image:type\" content=\"image\/jpeg\" \/>\n<meta name=\"twitter:card\" content=\"summary_large_image\" \/>\n<meta name=\"twitter:label1\" content=\"Est. reading time\" \/>\n\t<meta name=\"twitter:data1\" content=\"1 minute\" \/>\n<script type=\"application\/ld+json\" class=\"yoast-schema-graph\">{\"@context\":\"https:\\\/\\\/schema.org\",\"@graph\":[{\"@type\":\"WebPage\",\"@id\":\"https:\\\/\\\/edfrozen.com\\\/sq\\\/product\\\/ravioloni-me-rikota-buffalo-dhe-gjethe-spinaqi-te-njoma\\\/\",\"url\":\"https:\\\/\\\/edfrozen.com\\\/sq\\\/product\\\/ravioloni-me-rikota-buffalo-dhe-gjethe-spinaqi-te-njoma\\\/\",\"name\":\"Ravioloni me Rikota Buffalo dhe Gjethe Spinaqi t\u00eb Njoma - Ed Frozen\",\"isPartOf\":{\"@id\":\"https:\\\/\\\/edfrozen.com\\\/#website\"},\"primaryImageOfPage\":{\"@id\":\"https:\\\/\\\/edfrozen.com\\\/sq\\\/product\\\/ravioloni-me-rikota-buffalo-dhe-gjethe-spinaqi-te-njoma\\\/#primaryimage\"},\"image\":{\"@id\":\"https:\\\/\\\/edfrozen.com\\\/sq\\\/product\\\/ravioloni-me-rikota-buffalo-dhe-gjethe-spinaqi-te-njoma\\\/#primaryimage\"},\"thumbnailUrl\":\"https:\\\/\\\/edfrozen.com\\\/wp-content\\\/uploads\\\/2021\\\/11\\\/K108_big-e1653384767134.jpg\",\"datePublished\":\"2021-11-01T09:18:35+00:00\",\"dateModified\":\"2025-05-23T11:22:10+00:00\",\"breadcrumb\":{\"@id\":\"https:\\\/\\\/edfrozen.com\\\/sq\\\/product\\\/ravioloni-me-rikota-buffalo-dhe-gjethe-spinaqi-te-njoma\\\/#breadcrumb\"},\"inLanguage\":\"sq-AL\",\"potentialAction\":[{\"@type\":\"ReadAction\",\"target\":[\"https:\\\/\\\/edfrozen.com\\\/sq\\\/product\\\/ravioloni-me-rikota-buffalo-dhe-gjethe-spinaqi-te-njoma\\\/\"]}]},{\"@type\":\"ImageObject\",\"inLanguage\":\"sq-AL\",\"@id\":\"https:\\\/\\\/edfrozen.com\\\/sq\\\/product\\\/ravioloni-me-rikota-buffalo-dhe-gjethe-spinaqi-te-njoma\\\/#primaryimage\",\"url\":\"https:\\\/\\\/edfrozen.com\\\/wp-content\\\/uploads\\\/2021\\\/11\\\/K108_big-e1653384767134.jpg\",\"contentUrl\":\"https:\\\/\\\/edfrozen.com\\\/wp-content\\\/uploads\\\/2021\\\/11\\\/K108_big-e1653384767134.jpg\",\"width\":800,\"height\":1094},{\"@type\":\"BreadcrumbList\",\"@id\":\"https:\\\/\\\/edfrozen.com\\\/sq\\\/product\\\/ravioloni-me-rikota-buffalo-dhe-gjethe-spinaqi-te-njoma\\\/#breadcrumb\",\"itemListElement\":[{\"@type\":\"ListItem\",\"position\":1,\"name\":\"Home\",\"item\":\"https:\\\/\\\/edfrozen.com\\\/\"},{\"@type\":\"ListItem\",\"position\":2,\"name\":\"Shop\",\"item\":\"https:\\\/\\\/edfrozen.com\\\/?page_id=11590\"},{\"@type\":\"ListItem\",\"position\":3,\"name\":\"Ravioloni me Rikota Buffalo dhe Gjethe Spinaqi t\u00eb Njoma\"}]},{\"@type\":\"WebSite\",\"@id\":\"https:\\\/\\\/edfrozen.com\\\/#website\",\"url\":\"https:\\\/\\\/edfrozen.com\\\/\",\"name\":\"Ed Frozen\",\"description\":\"Food &amp; Distribution in Albania\",\"publisher\":{\"@id\":\"https:\\\/\\\/edfrozen.com\\\/#organization\"},\"potentialAction\":[{\"@type\":\"SearchAction\",\"target\":{\"@type\":\"EntryPoint\",\"urlTemplate\":\"https:\\\/\\\/edfrozen.com\\\/?s={search_term_string}\"},\"query-input\":{\"@type\":\"PropertyValueSpecification\",\"valueRequired\":true,\"valueName\":\"search_term_string\"}}],\"inLanguage\":\"sq-AL\"},{\"@type\":\"Organization\",\"@id\":\"https:\\\/\\\/edfrozen.com\\\/#organization\",\"name\":\"ED FROZEN\",\"url\":\"https:\\\/\\\/edfrozen.com\\\/\",\"logo\":{\"@type\":\"ImageObject\",\"inLanguage\":\"sq-AL\",\"@id\":\"https:\\\/\\\/edfrozen.com\\\/#\\\/schema\\\/logo\\\/image\\\/\",\"url\":\"https:\\\/\\\/edfrozen.com\\\/wp-content\\\/uploads\\\/2021\\\/11\\\/logo-edfrozen-copy.png\",\"contentUrl\":\"https:\\\/\\\/edfrozen.com\\\/wp-content\\\/uploads\\\/2021\\\/11\\\/logo-edfrozen-copy.png\",\"width\":1017,\"height\":286,\"caption\":\"ED FROZEN\"},\"image\":{\"@id\":\"https:\\\/\\\/edfrozen.com\\\/#\\\/schema\\\/logo\\\/image\\\/\"},\"sameAs\":[\"https:\\\/\\\/www.facebook.com\\\/edfrozenalbania\\\/\"]}]}<\/script>\n<!-- \/ Yoast SEO plugin. -->","yoast_head_json":{"title":"Ravioloni me Rikota Buffalo dhe Gjethe Spinaqi t\u00eb Njoma - Ed Frozen","robots":{"index":"index","follow":"follow","max-snippet":"max-snippet:-1","max-image-preview":"max-image-preview:large","max-video-preview":"max-video-preview:-1"},"canonical":"https:\/\/edfrozen.com\/sq\/product\/ravioloni-me-rikota-buffalo-dhe-gjethe-spinaqi-te-njoma\/","og_locale":"sq_AL","og_type":"article","og_title":"Ravioloni me Rikota Buffalo dhe Gjethe Spinaqi t\u00eb Njoma - Ed Frozen","og_description":"Djath\u00eb rikota i buallit p\u00ebrb\u00ebn 66% t\u00eb mbushjes. Nga shum\u00eb varietete t\u00eb djathit ricotta t\u00eb prodhuara n\u00eb Itali, lloji i b\u00ebr\u00eb nga qum\u00ebshti i buallit \u00ebsht\u00eb i ve\u00e7ant\u00eb p\u00ebr arom\u00ebn e tij t\u00eb \u00ebmb\u00ebl dhe p\u00ebr struktur\u00ebn e tij, e cila \u00ebsht\u00eb m\u00eb pak e grimcuar se llojet e tjera t\u00eb rikot\u00ebs. Spinaqi i zgjedhur p\u00ebr f\u00ebmij\u00eb - gjethet m\u00eb t\u00eb fresk\u00ebta dhe m\u00eb t\u00eb shijshme - p\u00ebrb\u00ebn 23% t\u00eb mbushjes.   P\u00ebrb\u00ebr\u00ebsit: bollgur gruri t\u00eb fort\u00eb, vez\u00eb hambari.  P\u00ebrb\u00ebr\u00ebsit (mbushja): alo ricotta 66%, gjethe spinaqi 23%, th\u00ebrrime buke, krip\u00eb, piper.  Informacioni i produktit    Koha e ruajtjes (-18 \u00b0 C): 18 muaj   Pesha p\u00ebr cop\u00eb: 38-46 g   Sh\u00ebrbim i rekomanduar sipas pesh\u00ebs: 150 g   Gjat\u00ebsia e secil\u00ebs pjes\u00eb: 78-88 mm   Pesha p\u00ebr cop\u00eb: 65-75 mm   P\u00ebrqindja e makaronave (%): 33   P\u00ebrqindja e mbushjes (%): 67   Paketimi: 5 tabaka nga 9 cop\u00eb secila   Numri i porcioneve p\u00ebr kuti kartoni: 15    &nbsp;","og_url":"https:\/\/edfrozen.com\/sq\/product\/ravioloni-me-rikota-buffalo-dhe-gjethe-spinaqi-te-njoma\/","og_site_name":"Ed Frozen","article_publisher":"https:\/\/www.facebook.com\/edfrozenalbania\/","article_modified_time":"2025-05-23T11:22:10+00:00","og_image":[{"width":800,"height":1094,"url":"https:\/\/edfrozen.com\/wp-content\/uploads\/2021\/11\/K108_big-e1653384767134.jpg","type":"image\/jpeg"}],"twitter_card":"summary_large_image","twitter_misc":{"Est. reading time":"1 minute"},"schema":{"@context":"https:\/\/schema.org","@graph":[{"@type":"WebPage","@id":"https:\/\/edfrozen.com\/sq\/product\/ravioloni-me-rikota-buffalo-dhe-gjethe-spinaqi-te-njoma\/","url":"https:\/\/edfrozen.com\/sq\/product\/ravioloni-me-rikota-buffalo-dhe-gjethe-spinaqi-te-njoma\/","name":"Ravioloni me Rikota Buffalo dhe Gjethe Spinaqi t\u00eb Njoma - Ed Frozen","isPartOf":{"@id":"https:\/\/edfrozen.com\/#website"},"primaryImageOfPage":{"@id":"https:\/\/edfrozen.com\/sq\/product\/ravioloni-me-rikota-buffalo-dhe-gjethe-spinaqi-te-njoma\/#primaryimage"},"image":{"@id":"https:\/\/edfrozen.com\/sq\/product\/ravioloni-me-rikota-buffalo-dhe-gjethe-spinaqi-te-njoma\/#primaryimage"},"thumbnailUrl":"https:\/\/edfrozen.com\/wp-content\/uploads\/2021\/11\/K108_big-e1653384767134.jpg","datePublished":"2021-11-01T09:18:35+00:00","dateModified":"2025-05-23T11:22:10+00:00","breadcrumb":{"@id":"https:\/\/edfrozen.com\/sq\/product\/ravioloni-me-rikota-buffalo-dhe-gjethe-spinaqi-te-njoma\/#breadcrumb"},"inLanguage":"sq-AL","potentialAction":[{"@type":"ReadAction","target":["https:\/\/edfrozen.com\/sq\/product\/ravioloni-me-rikota-buffalo-dhe-gjethe-spinaqi-te-njoma\/"]}]},{"@type":"ImageObject","inLanguage":"sq-AL","@id":"https:\/\/edfrozen.com\/sq\/product\/ravioloni-me-rikota-buffalo-dhe-gjethe-spinaqi-te-njoma\/#primaryimage","url":"https:\/\/edfrozen.com\/wp-content\/uploads\/2021\/11\/K108_big-e1653384767134.jpg","contentUrl":"https:\/\/edfrozen.com\/wp-content\/uploads\/2021\/11\/K108_big-e1653384767134.jpg","width":800,"height":1094},{"@type":"BreadcrumbList","@id":"https:\/\/edfrozen.com\/sq\/product\/ravioloni-me-rikota-buffalo-dhe-gjethe-spinaqi-te-njoma\/#breadcrumb","itemListElement":[{"@type":"ListItem","position":1,"name":"Home","item":"https:\/\/edfrozen.com\/"},{"@type":"ListItem","position":2,"name":"Shop","item":"https:\/\/edfrozen.com\/?page_id=11590"},{"@type":"ListItem","position":3,"name":"Ravioloni me Rikota Buffalo dhe Gjethe Spinaqi t\u00eb Njoma"}]},{"@type":"WebSite","@id":"https:\/\/edfrozen.com\/#website","url":"https:\/\/edfrozen.com\/","name":"Ed Frozen","description":"Food &amp; Distribution in Albania","publisher":{"@id":"https:\/\/edfrozen.com\/#organization"},"potentialAction":[{"@type":"SearchAction","target":{"@type":"EntryPoint","urlTemplate":"https:\/\/edfrozen.com\/?s={search_term_string}"},"query-input":{"@type":"PropertyValueSpecification","valueRequired":true,"valueName":"search_term_string"}}],"inLanguage":"sq-AL"},{"@type":"Organization","@id":"https:\/\/edfrozen.com\/#organization","name":"ED FROZEN","url":"https:\/\/edfrozen.com\/","logo":{"@type":"ImageObject","inLanguage":"sq-AL","@id":"https:\/\/edfrozen.com\/#\/schema\/logo\/image\/","url":"https:\/\/edfrozen.com\/wp-content\/uploads\/2021\/11\/logo-edfrozen-copy.png","contentUrl":"https:\/\/edfrozen.com\/wp-content\/uploads\/2021\/11\/logo-edfrozen-copy.png","width":1017,"height":286,"caption":"ED FROZEN"},"image":{"@id":"https:\/\/edfrozen.com\/#\/schema\/logo\/image\/"},"sameAs":["https:\/\/www.facebook.com\/edfrozenalbania\/"]}]}},"_links":{"self":[{"href":"https:\/\/edfrozen.com\/sq\/wp-json\/wp\/v2\/product\/10877","targetHints":{"allow":["GET"]}}],"collection":[{"href":"https:\/\/edfrozen.com\/sq\/wp-json\/wp\/v2\/product"}],"about":[{"href":"https:\/\/edfrozen.com\/sq\/wp-json\/wp\/v2\/types\/product"}],"wp:featuredmedia":[{"embeddable":true,"href":"https:\/\/edfrozen.com\/sq\/wp-json\/wp\/v2\/media\/10878"}],"wp:attachment":[{"href":"https:\/\/edfrozen.com\/sq\/wp-json\/wp\/v2\/media?parent=10877"}],"wp:term":[{"taxonomy":"product_cat","embeddable":true,"href":"https:\/\/edfrozen.com\/sq\/wp-json\/wp\/v2\/product_cat?post=10877"},{"taxonomy":"product_tag","embeddable":true,"href":"https:\/\/edfrozen.com\/sq\/wp-json\/wp\/v2\/product_tag?post=10877"}],"curies":[{"name":"wp","href":"https:\/\/api.w.org\/{rel}","templated":true}]}}