{"id":10896,"date":"2022-05-24T16:28:24","date_gmt":"2022-05-24T14:28:24","guid":{"rendered":"https:\/\/edfrozen.com\/product\/strigoli\/"},"modified":"2022-06-02T13:00:05","modified_gmt":"2022-06-02T11:00:05","slug":"strigoli","status":"publish","type":"product","link":"https:\/\/edfrozen.com\/sq\/product\/strigoli\/","title":{"rendered":"STRIGOLI\u00ae"},"content":{"rendered":"","protected":false},"excerpt":{"rendered":"<div class=\"s-editable\">\n<div class=\"s-editable\">\n<div class=\"s-editable\">\n<div class=\"s-editable\">\n<div class=\"s-editable\">\n<p><strong>P\u00ebrb\u00ebr\u00ebsit:<\/strong> miell gruri i but\u00eb, uj\u00eb, krip\u00eb.<\/p>\n<p><strong>Informacioni i produktit<\/strong><\/p>\n<\/div>\n<\/div>\n<\/div>\n<\/div>\n<\/div>\n<table class=\"style-1\" style=\"height: 195px;\" width=\"644\">\n<tbody>\n<tr>\n<td style=\"text-align: left;\">Koha e ruajtjes (-18 \u00b0 C):<\/td>\n<td>24 muaj<\/td>\n<\/tr>\n<tr>\n<td style=\"text-align: left;\">Pesha p\u00ebr cop\u00eb:<\/td>\n<td>0,8 g<\/td>\n<\/tr>\n<tr>\n<td style=\"text-align: left;\">Sh\u00ebrbim i rekomanduar sipas pesh\u00ebs:<\/td>\n<td>100 g<\/td>\n<\/tr>\n<tr>\n<td style=\"text-align: left;\">Rendimenti p\u00ebr racion pas gatimit (%):<\/td>\n<td>45<\/td>\n<\/tr>\n<tr>\n<td style=\"text-align: left;\">Gjat\u00ebsia e secil\u00ebs pjes\u00eb:<\/td>\n<td>45-57 mm<\/td>\n<\/tr>\n<tr>\n<td style=\"text-align: left;\">Diametri i nj\u00eb pjese:<\/td>\n<td>5.5 mm<\/td>\n<\/tr>\n<tr>\n<td style=\"text-align: left;\">Paketimi:<\/td>\n<td>makarona t\u00eb paketuara lirshme<\/td>\n<\/tr>\n<tr>\n<td style=\"text-align: left;\">Numri i porcioneve p\u00ebr kuti kartoni:<\/td>\n<td>30<\/td>\n<\/tr>\n<\/tbody>\n<\/table>\n<p>&nbsp;<\/p>\n","protected":false},"featured_media":10897,"template":"","meta":{"inline_featured_image":false},"product_cat":[88],"product_tag":[],"class_list":{"0":"post-10896","1":"product","2":"type-product","3":"status-publish","4":"has-post-thumbnail","6":"product_brand-surgital","7":"product_cat-pasta-fresca-normale-sq","9":"first","10":"instock","11":"shipping-taxable","12":"product-type-simple"},"yoast_head":"<!-- This site is optimized with the Yoast SEO plugin v27.4 - https:\/\/yoast.com\/product\/yoast-seo-wordpress\/ -->\n<title>STRIGOLI\u00ae - Ed Frozen<\/title>\n<meta name=\"robots\" content=\"index, follow, max-snippet:-1, max-image-preview:large, max-video-preview:-1\" \/>\n<link rel=\"canonical\" href=\"https:\/\/edfrozen.com\/sq\/product\/strigoli\/\" \/>\n<meta property=\"og:locale\" content=\"sq_AL\" \/>\n<meta property=\"og:type\" content=\"article\" \/>\n<meta property=\"og:title\" content=\"STRIGOLI\u00ae - Ed Frozen\" \/>\n<meta property=\"og:description\" content=\"P\u00ebrb\u00ebr\u00ebsit: miell gruri i but\u00eb, uj\u00eb, krip\u00eb.  Informacioni i produktit          Koha e ruajtjes (-18 \u00b0 C): 24 muaj   Pesha p\u00ebr cop\u00eb: 0,8 g   Sh\u00ebrbim i rekomanduar sipas pesh\u00ebs: 100 g   Rendimenti p\u00ebr racion pas gatimit (%): 45   Gjat\u00ebsia e secil\u00ebs pjes\u00eb: 45-57 mm   Diametri i nj\u00eb pjese: 5.5 mm   Paketimi: makarona t\u00eb paketuara lirshme   Numri i porcioneve p\u00ebr kuti kartoni: 30    &nbsp;\" \/>\n<meta property=\"og:url\" content=\"https:\/\/edfrozen.com\/sq\/product\/strigoli\/\" \/>\n<meta property=\"og:site_name\" content=\"Ed Frozen\" \/>\n<meta property=\"article:publisher\" content=\"https:\/\/www.facebook.com\/edfrozenalbania\/\" \/>\n<meta property=\"article:modified_time\" content=\"2022-06-02T11:00:05+00:00\" \/>\n<meta property=\"og:image\" content=\"https:\/\/edfrozen.com\/wp-content\/uploads\/2022\/05\/D02_big-e1653403978965.jpg\" \/>\n\t<meta property=\"og:image:width\" content=\"800\" \/>\n\t<meta property=\"og:image:height\" content=\"1094\" \/>\n\t<meta property=\"og:image:type\" content=\"image\/jpeg\" \/>\n<meta name=\"twitter:card\" content=\"summary_large_image\" \/>\n<script type=\"application\/ld+json\" class=\"yoast-schema-graph\">{\"@context\":\"https:\\\/\\\/schema.org\",\"@graph\":[{\"@type\":\"WebPage\",\"@id\":\"https:\\\/\\\/edfrozen.com\\\/sq\\\/product\\\/strigoli\\\/\",\"url\":\"https:\\\/\\\/edfrozen.com\\\/sq\\\/product\\\/strigoli\\\/\",\"name\":\"STRIGOLI\u00ae - Ed Frozen\",\"isPartOf\":{\"@id\":\"https:\\\/\\\/edfrozen.com\\\/#website\"},\"primaryImageOfPage\":{\"@id\":\"https:\\\/\\\/edfrozen.com\\\/sq\\\/product\\\/strigoli\\\/#primaryimage\"},\"image\":{\"@id\":\"https:\\\/\\\/edfrozen.com\\\/sq\\\/product\\\/strigoli\\\/#primaryimage\"},\"thumbnailUrl\":\"https:\\\/\\\/edfrozen.com\\\/wp-content\\\/uploads\\\/2022\\\/05\\\/D02_big-e1653403978965.jpg\",\"datePublished\":\"2022-05-24T14:28:24+00:00\",\"dateModified\":\"2022-06-02T11:00:05+00:00\",\"breadcrumb\":{\"@id\":\"https:\\\/\\\/edfrozen.com\\\/sq\\\/product\\\/strigoli\\\/#breadcrumb\"},\"inLanguage\":\"sq-AL\",\"potentialAction\":[{\"@type\":\"ReadAction\",\"target\":[\"https:\\\/\\\/edfrozen.com\\\/sq\\\/product\\\/strigoli\\\/\"]}]},{\"@type\":\"ImageObject\",\"inLanguage\":\"sq-AL\",\"@id\":\"https:\\\/\\\/edfrozen.com\\\/sq\\\/product\\\/strigoli\\\/#primaryimage\",\"url\":\"https:\\\/\\\/edfrozen.com\\\/wp-content\\\/uploads\\\/2022\\\/05\\\/D02_big-e1653403978965.jpg\",\"contentUrl\":\"https:\\\/\\\/edfrozen.com\\\/wp-content\\\/uploads\\\/2022\\\/05\\\/D02_big-e1653403978965.jpg\",\"width\":800,\"height\":1094},{\"@type\":\"BreadcrumbList\",\"@id\":\"https:\\\/\\\/edfrozen.com\\\/sq\\\/product\\\/strigoli\\\/#breadcrumb\",\"itemListElement\":[{\"@type\":\"ListItem\",\"position\":1,\"name\":\"Home\",\"item\":\"https:\\\/\\\/edfrozen.com\\\/\"},{\"@type\":\"ListItem\",\"position\":2,\"name\":\"Shop\",\"item\":\"https:\\\/\\\/edfrozen.com\\\/?page_id=11590\"},{\"@type\":\"ListItem\",\"position\":3,\"name\":\"STRIGOLI\u00ae\"}]},{\"@type\":\"WebSite\",\"@id\":\"https:\\\/\\\/edfrozen.com\\\/#website\",\"url\":\"https:\\\/\\\/edfrozen.com\\\/\",\"name\":\"Ed Frozen\",\"description\":\"Food &amp; Distribution in Albania\",\"publisher\":{\"@id\":\"https:\\\/\\\/edfrozen.com\\\/#organization\"},\"potentialAction\":[{\"@type\":\"SearchAction\",\"target\":{\"@type\":\"EntryPoint\",\"urlTemplate\":\"https:\\\/\\\/edfrozen.com\\\/?s={search_term_string}\"},\"query-input\":{\"@type\":\"PropertyValueSpecification\",\"valueRequired\":true,\"valueName\":\"search_term_string\"}}],\"inLanguage\":\"sq-AL\"},{\"@type\":\"Organization\",\"@id\":\"https:\\\/\\\/edfrozen.com\\\/#organization\",\"name\":\"ED FROZEN\",\"url\":\"https:\\\/\\\/edfrozen.com\\\/\",\"logo\":{\"@type\":\"ImageObject\",\"inLanguage\":\"sq-AL\",\"@id\":\"https:\\\/\\\/edfrozen.com\\\/#\\\/schema\\\/logo\\\/image\\\/\",\"url\":\"https:\\\/\\\/edfrozen.com\\\/wp-content\\\/uploads\\\/2021\\\/11\\\/logo-edfrozen-copy.png\",\"contentUrl\":\"https:\\\/\\\/edfrozen.com\\\/wp-content\\\/uploads\\\/2021\\\/11\\\/logo-edfrozen-copy.png\",\"width\":1017,\"height\":286,\"caption\":\"ED FROZEN\"},\"image\":{\"@id\":\"https:\\\/\\\/edfrozen.com\\\/#\\\/schema\\\/logo\\\/image\\\/\"},\"sameAs\":[\"https:\\\/\\\/www.facebook.com\\\/edfrozenalbania\\\/\"]}]}<\/script>\n<!-- \/ Yoast SEO plugin. -->","yoast_head_json":{"title":"STRIGOLI\u00ae - Ed Frozen","robots":{"index":"index","follow":"follow","max-snippet":"max-snippet:-1","max-image-preview":"max-image-preview:large","max-video-preview":"max-video-preview:-1"},"canonical":"https:\/\/edfrozen.com\/sq\/product\/strigoli\/","og_locale":"sq_AL","og_type":"article","og_title":"STRIGOLI\u00ae - Ed Frozen","og_description":"P\u00ebrb\u00ebr\u00ebsit: miell gruri i but\u00eb, uj\u00eb, krip\u00eb.  Informacioni i produktit          Koha e ruajtjes (-18 \u00b0 C): 24 muaj   Pesha p\u00ebr cop\u00eb: 0,8 g   Sh\u00ebrbim i rekomanduar sipas pesh\u00ebs: 100 g   Rendimenti p\u00ebr racion pas gatimit (%): 45   Gjat\u00ebsia e secil\u00ebs pjes\u00eb: 45-57 mm   Diametri i nj\u00eb pjese: 5.5 mm   Paketimi: makarona t\u00eb paketuara lirshme   Numri i porcioneve p\u00ebr kuti kartoni: 30    &nbsp;","og_url":"https:\/\/edfrozen.com\/sq\/product\/strigoli\/","og_site_name":"Ed Frozen","article_publisher":"https:\/\/www.facebook.com\/edfrozenalbania\/","article_modified_time":"2022-06-02T11:00:05+00:00","og_image":[{"width":800,"height":1094,"url":"https:\/\/edfrozen.com\/wp-content\/uploads\/2022\/05\/D02_big-e1653403978965.jpg","type":"image\/jpeg"}],"twitter_card":"summary_large_image","schema":{"@context":"https:\/\/schema.org","@graph":[{"@type":"WebPage","@id":"https:\/\/edfrozen.com\/sq\/product\/strigoli\/","url":"https:\/\/edfrozen.com\/sq\/product\/strigoli\/","name":"STRIGOLI\u00ae - Ed Frozen","isPartOf":{"@id":"https:\/\/edfrozen.com\/#website"},"primaryImageOfPage":{"@id":"https:\/\/edfrozen.com\/sq\/product\/strigoli\/#primaryimage"},"image":{"@id":"https:\/\/edfrozen.com\/sq\/product\/strigoli\/#primaryimage"},"thumbnailUrl":"https:\/\/edfrozen.com\/wp-content\/uploads\/2022\/05\/D02_big-e1653403978965.jpg","datePublished":"2022-05-24T14:28:24+00:00","dateModified":"2022-06-02T11:00:05+00:00","breadcrumb":{"@id":"https:\/\/edfrozen.com\/sq\/product\/strigoli\/#breadcrumb"},"inLanguage":"sq-AL","potentialAction":[{"@type":"ReadAction","target":["https:\/\/edfrozen.com\/sq\/product\/strigoli\/"]}]},{"@type":"ImageObject","inLanguage":"sq-AL","@id":"https:\/\/edfrozen.com\/sq\/product\/strigoli\/#primaryimage","url":"https:\/\/edfrozen.com\/wp-content\/uploads\/2022\/05\/D02_big-e1653403978965.jpg","contentUrl":"https:\/\/edfrozen.com\/wp-content\/uploads\/2022\/05\/D02_big-e1653403978965.jpg","width":800,"height":1094},{"@type":"BreadcrumbList","@id":"https:\/\/edfrozen.com\/sq\/product\/strigoli\/#breadcrumb","itemListElement":[{"@type":"ListItem","position":1,"name":"Home","item":"https:\/\/edfrozen.com\/"},{"@type":"ListItem","position":2,"name":"Shop","item":"https:\/\/edfrozen.com\/?page_id=11590"},{"@type":"ListItem","position":3,"name":"STRIGOLI\u00ae"}]},{"@type":"WebSite","@id":"https:\/\/edfrozen.com\/#website","url":"https:\/\/edfrozen.com\/","name":"Ed Frozen","description":"Food &amp; Distribution in Albania","publisher":{"@id":"https:\/\/edfrozen.com\/#organization"},"potentialAction":[{"@type":"SearchAction","target":{"@type":"EntryPoint","urlTemplate":"https:\/\/edfrozen.com\/?s={search_term_string}"},"query-input":{"@type":"PropertyValueSpecification","valueRequired":true,"valueName":"search_term_string"}}],"inLanguage":"sq-AL"},{"@type":"Organization","@id":"https:\/\/edfrozen.com\/#organization","name":"ED FROZEN","url":"https:\/\/edfrozen.com\/","logo":{"@type":"ImageObject","inLanguage":"sq-AL","@id":"https:\/\/edfrozen.com\/#\/schema\/logo\/image\/","url":"https:\/\/edfrozen.com\/wp-content\/uploads\/2021\/11\/logo-edfrozen-copy.png","contentUrl":"https:\/\/edfrozen.com\/wp-content\/uploads\/2021\/11\/logo-edfrozen-copy.png","width":1017,"height":286,"caption":"ED FROZEN"},"image":{"@id":"https:\/\/edfrozen.com\/#\/schema\/logo\/image\/"},"sameAs":["https:\/\/www.facebook.com\/edfrozenalbania\/"]}]}},"_links":{"self":[{"href":"https:\/\/edfrozen.com\/sq\/wp-json\/wp\/v2\/product\/10896","targetHints":{"allow":["GET"]}}],"collection":[{"href":"https:\/\/edfrozen.com\/sq\/wp-json\/wp\/v2\/product"}],"about":[{"href":"https:\/\/edfrozen.com\/sq\/wp-json\/wp\/v2\/types\/product"}],"wp:featuredmedia":[{"embeddable":true,"href":"https:\/\/edfrozen.com\/sq\/wp-json\/wp\/v2\/media\/10897"}],"wp:attachment":[{"href":"https:\/\/edfrozen.com\/sq\/wp-json\/wp\/v2\/media?parent=10896"}],"wp:term":[{"taxonomy":"product_cat","embeddable":true,"href":"https:\/\/edfrozen.com\/sq\/wp-json\/wp\/v2\/product_cat?post=10896"},{"taxonomy":"product_tag","embeddable":true,"href":"https:\/\/edfrozen.com\/sq\/wp-json\/wp\/v2\/product_tag?post=10896"}],"curies":[{"name":"wp","href":"https:\/\/api.w.org\/{rel}","templated":true}]}}