{"id":10910,"date":"2022-05-24T19:54:02","date_gmt":"2022-05-24T17:54:02","guid":{"rendered":"https:\/\/edfrozen.com\/product\/raviolacci-with-porcini-mushrooms\/"},"modified":"2025-05-23T16:03:12","modified_gmt":"2025-05-23T14:03:12","slug":"raviolacci-me-kerpudha-porcini","status":"publish","type":"product","link":"https:\/\/edfrozen.com\/sq\/product\/raviolacci-me-kerpudha-porcini\/","title":{"rendered":"Raviolacci me k\u00ebrpudha porcini"},"content":{"rendered":"","protected":false},"excerpt":{"rendered":"<div class=\"s-editable\">\n<div class=\"s-editable\">\n<div class=\"s-editable\">\n<div class=\"s-editable\">\n<div class=\"s-editable\">\n<div class=\"c-product-head__description\">\n<p><strong>P\u00ebrb\u00ebr\u00ebsit:<\/strong> bollgur gruri i fort\u00eb, bollgur gruri i fort\u00eb, vez\u00eb, uj\u00eb.<\/p>\n<p><strong>P\u00ebrb\u00ebr\u00ebsit (mbushja):<\/strong> rikota, k\u00ebrpudha t\u00eb p\u00ebrziera 21% (k\u00ebrpudha porcini, kampione, shitake, k\u00ebrpudha sfiandrina, k\u00ebrpudha me mjalt\u00eb), k\u00ebrpudha porcini 8%, th\u00ebrrime buke, djath\u00eb Grana Padano DOP, vaj luledielli, krip\u00eb, krip\u00eb.<\/p>\n<p><strong>Informacioni i produktit<\/strong><\/p>\n<\/div>\n<\/div>\n<\/div>\n<\/div>\n<\/div>\n<\/div>\n<table class=\"style-1\" style=\"height: 195px;\" width=\"644\">\n<tbody>\n<tr>\n<td style=\"text-align: left;\">Koha e ruajtjes (-18 \u00b0 C):<\/td>\n<td>24 muaj<\/td>\n<\/tr>\n<tr>\n<td style=\"text-align: left;\">Pesha p\u00ebr cop\u00eb:<\/td>\n<td>18,3 g<\/td>\n<\/tr>\n<tr>\n<td style=\"text-align: left;\">Sh\u00ebrbim i rekomanduar sipas pesh\u00ebs:<\/td>\n<td>140 g<\/td>\n<\/tr>\n<tr>\n<td style=\"text-align: left;\">Rendimenti p\u00ebr racion pas gatimit (%):<\/td>\n<td>20<\/td>\n<\/tr>\n<tr>\n<td style=\"text-align: left;\">Gjat\u00ebsia e secil\u00ebs pjes\u00eb:<\/td>\n<td>55 mm<\/td>\n<\/tr>\n<tr>\n<td style=\"text-align: left;\">Pesha p\u00ebr cop\u00eb:<\/td>\n<td>52 mm<\/td>\n<\/tr>\n<tr>\n<td style=\"text-align: left;\">P\u00ebrqindja e makaronave (%):<\/td>\n<td>44<\/td>\n<\/tr>\n<tr>\n<td style=\"text-align: left;\">P\u00ebrqindja e mbushjes (%):<\/td>\n<td>56<\/td>\n<\/tr>\n<tr>\n<td style=\"text-align: left;\">Paketimi:<\/td>\n<td>Makarona t\u00eb paketuara lirshme<\/td>\n<\/tr>\n<tr>\n<td style=\"text-align: left;\">Numri i porcioneve p\u00ebr kuti kartoni:<\/td>\n<td>21<\/td>\n<\/tr>\n<\/tbody>\n<\/table>\n","protected":false},"featured_media":10911,"template":"","meta":{"inline_featured_image":false},"product_cat":[87],"product_tag":[],"class_list":{"0":"post-10910","1":"product","2":"type-product","3":"status-publish","4":"has-post-thumbnail","6":"product_cat-pasta-gourmet-sq","8":"first","9":"instock","10":"shipping-taxable","11":"product-type-simple"},"yoast_head":"<!-- This site is optimized with the Yoast SEO plugin v27.4 - https:\/\/yoast.com\/product\/yoast-seo-wordpress\/ -->\n<title>Raviolacci me k\u00ebrpudha porcini - Ed Frozen<\/title>\n<meta name=\"robots\" content=\"index, follow, max-snippet:-1, max-image-preview:large, max-video-preview:-1\" \/>\n<link rel=\"canonical\" href=\"https:\/\/edfrozen.com\/sq\/product\/raviolacci-me-kerpudha-porcini\/\" \/>\n<meta property=\"og:locale\" content=\"sq_AL\" \/>\n<meta property=\"og:type\" content=\"article\" \/>\n<meta property=\"og:title\" content=\"Raviolacci me k\u00ebrpudha porcini - Ed Frozen\" \/>\n<meta property=\"og:description\" content=\"P\u00ebrb\u00ebr\u00ebsit: bollgur gruri i fort\u00eb, bollgur gruri i fort\u00eb, vez\u00eb, uj\u00eb.  P\u00ebrb\u00ebr\u00ebsit (mbushja): rikota, k\u00ebrpudha t\u00eb p\u00ebrziera 21% (k\u00ebrpudha porcini, kampione, shitake, k\u00ebrpudha sfiandrina, k\u00ebrpudha me mjalt\u00eb), k\u00ebrpudha porcini 8%, th\u00ebrrime buke, djath\u00eb Grana Padano DOP, vaj luledielli, krip\u00eb, krip\u00eb.  Informacioni i produktit           Koha e ruajtjes (-18 \u00b0 C): 24 muaj   Pesha p\u00ebr cop\u00eb: 18,3 g   Sh\u00ebrbim i rekomanduar sipas pesh\u00ebs: 140 g   Rendimenti p\u00ebr racion pas gatimit (%): 20   Gjat\u00ebsia e secil\u00ebs pjes\u00eb: 55 mm   Pesha p\u00ebr cop\u00eb: 52 mm   P\u00ebrqindja e makaronave (%): 44   P\u00ebrqindja e mbushjes (%): 56   Paketimi: Makarona t\u00eb paketuara lirshme   Numri i porcioneve p\u00ebr kuti kartoni: 21\" \/>\n<meta property=\"og:url\" content=\"https:\/\/edfrozen.com\/sq\/product\/raviolacci-me-kerpudha-porcini\/\" \/>\n<meta property=\"og:site_name\" content=\"Ed Frozen\" \/>\n<meta property=\"article:publisher\" content=\"https:\/\/www.facebook.com\/edfrozenalbania\/\" \/>\n<meta property=\"article:modified_time\" content=\"2025-05-23T14:03:12+00:00\" \/>\n<meta property=\"og:image\" content=\"https:\/\/edfrozen.com\/wp-content\/uploads\/2022\/05\/C42_big-e1653415126743.jpg\" \/>\n\t<meta property=\"og:image:width\" content=\"800\" \/>\n\t<meta property=\"og:image:height\" content=\"1094\" \/>\n\t<meta property=\"og:image:type\" content=\"image\/jpeg\" \/>\n<meta name=\"twitter:card\" content=\"summary_large_image\" \/>\n<meta name=\"twitter:label1\" content=\"Est. reading time\" \/>\n\t<meta name=\"twitter:data1\" content=\"1 minute\" \/>\n<script type=\"application\/ld+json\" class=\"yoast-schema-graph\">{\"@context\":\"https:\\\/\\\/schema.org\",\"@graph\":[{\"@type\":\"WebPage\",\"@id\":\"https:\\\/\\\/edfrozen.com\\\/sq\\\/product\\\/raviolacci-me-kerpudha-porcini\\\/\",\"url\":\"https:\\\/\\\/edfrozen.com\\\/sq\\\/product\\\/raviolacci-me-kerpudha-porcini\\\/\",\"name\":\"Raviolacci me k\u00ebrpudha porcini - Ed Frozen\",\"isPartOf\":{\"@id\":\"https:\\\/\\\/edfrozen.com\\\/#website\"},\"primaryImageOfPage\":{\"@id\":\"https:\\\/\\\/edfrozen.com\\\/sq\\\/product\\\/raviolacci-me-kerpudha-porcini\\\/#primaryimage\"},\"image\":{\"@id\":\"https:\\\/\\\/edfrozen.com\\\/sq\\\/product\\\/raviolacci-me-kerpudha-porcini\\\/#primaryimage\"},\"thumbnailUrl\":\"https:\\\/\\\/edfrozen.com\\\/wp-content\\\/uploads\\\/2022\\\/05\\\/C42_big-e1653415126743.jpg\",\"datePublished\":\"2022-05-24T17:54:02+00:00\",\"dateModified\":\"2025-05-23T14:03:12+00:00\",\"breadcrumb\":{\"@id\":\"https:\\\/\\\/edfrozen.com\\\/sq\\\/product\\\/raviolacci-me-kerpudha-porcini\\\/#breadcrumb\"},\"inLanguage\":\"sq-AL\",\"potentialAction\":[{\"@type\":\"ReadAction\",\"target\":[\"https:\\\/\\\/edfrozen.com\\\/sq\\\/product\\\/raviolacci-me-kerpudha-porcini\\\/\"]}]},{\"@type\":\"ImageObject\",\"inLanguage\":\"sq-AL\",\"@id\":\"https:\\\/\\\/edfrozen.com\\\/sq\\\/product\\\/raviolacci-me-kerpudha-porcini\\\/#primaryimage\",\"url\":\"https:\\\/\\\/edfrozen.com\\\/wp-content\\\/uploads\\\/2022\\\/05\\\/C42_big-e1653415126743.jpg\",\"contentUrl\":\"https:\\\/\\\/edfrozen.com\\\/wp-content\\\/uploads\\\/2022\\\/05\\\/C42_big-e1653415126743.jpg\",\"width\":800,\"height\":1094},{\"@type\":\"BreadcrumbList\",\"@id\":\"https:\\\/\\\/edfrozen.com\\\/sq\\\/product\\\/raviolacci-me-kerpudha-porcini\\\/#breadcrumb\",\"itemListElement\":[{\"@type\":\"ListItem\",\"position\":1,\"name\":\"Home\",\"item\":\"https:\\\/\\\/edfrozen.com\\\/\"},{\"@type\":\"ListItem\",\"position\":2,\"name\":\"Shop\",\"item\":\"https:\\\/\\\/edfrozen.com\\\/?page_id=11590\"},{\"@type\":\"ListItem\",\"position\":3,\"name\":\"Raviolacci me k\u00ebrpudha porcini\"}]},{\"@type\":\"WebSite\",\"@id\":\"https:\\\/\\\/edfrozen.com\\\/#website\",\"url\":\"https:\\\/\\\/edfrozen.com\\\/\",\"name\":\"Ed Frozen\",\"description\":\"Food &amp; Distribution in Albania\",\"publisher\":{\"@id\":\"https:\\\/\\\/edfrozen.com\\\/#organization\"},\"potentialAction\":[{\"@type\":\"SearchAction\",\"target\":{\"@type\":\"EntryPoint\",\"urlTemplate\":\"https:\\\/\\\/edfrozen.com\\\/?s={search_term_string}\"},\"query-input\":{\"@type\":\"PropertyValueSpecification\",\"valueRequired\":true,\"valueName\":\"search_term_string\"}}],\"inLanguage\":\"sq-AL\"},{\"@type\":\"Organization\",\"@id\":\"https:\\\/\\\/edfrozen.com\\\/#organization\",\"name\":\"ED FROZEN\",\"url\":\"https:\\\/\\\/edfrozen.com\\\/\",\"logo\":{\"@type\":\"ImageObject\",\"inLanguage\":\"sq-AL\",\"@id\":\"https:\\\/\\\/edfrozen.com\\\/#\\\/schema\\\/logo\\\/image\\\/\",\"url\":\"https:\\\/\\\/edfrozen.com\\\/wp-content\\\/uploads\\\/2021\\\/11\\\/logo-edfrozen-copy.png\",\"contentUrl\":\"https:\\\/\\\/edfrozen.com\\\/wp-content\\\/uploads\\\/2021\\\/11\\\/logo-edfrozen-copy.png\",\"width\":1017,\"height\":286,\"caption\":\"ED FROZEN\"},\"image\":{\"@id\":\"https:\\\/\\\/edfrozen.com\\\/#\\\/schema\\\/logo\\\/image\\\/\"},\"sameAs\":[\"https:\\\/\\\/www.facebook.com\\\/edfrozenalbania\\\/\"]}]}<\/script>\n<!-- \/ Yoast SEO plugin. -->","yoast_head_json":{"title":"Raviolacci me k\u00ebrpudha porcini - Ed Frozen","robots":{"index":"index","follow":"follow","max-snippet":"max-snippet:-1","max-image-preview":"max-image-preview:large","max-video-preview":"max-video-preview:-1"},"canonical":"https:\/\/edfrozen.com\/sq\/product\/raviolacci-me-kerpudha-porcini\/","og_locale":"sq_AL","og_type":"article","og_title":"Raviolacci me k\u00ebrpudha porcini - Ed Frozen","og_description":"P\u00ebrb\u00ebr\u00ebsit: bollgur gruri i fort\u00eb, bollgur gruri i fort\u00eb, vez\u00eb, uj\u00eb.  P\u00ebrb\u00ebr\u00ebsit (mbushja): rikota, k\u00ebrpudha t\u00eb p\u00ebrziera 21% (k\u00ebrpudha porcini, kampione, shitake, k\u00ebrpudha sfiandrina, k\u00ebrpudha me mjalt\u00eb), k\u00ebrpudha porcini 8%, th\u00ebrrime buke, djath\u00eb Grana Padano DOP, vaj luledielli, krip\u00eb, krip\u00eb.  Informacioni i produktit           Koha e ruajtjes (-18 \u00b0 C): 24 muaj   Pesha p\u00ebr cop\u00eb: 18,3 g   Sh\u00ebrbim i rekomanduar sipas pesh\u00ebs: 140 g   Rendimenti p\u00ebr racion pas gatimit (%): 20   Gjat\u00ebsia e secil\u00ebs pjes\u00eb: 55 mm   Pesha p\u00ebr cop\u00eb: 52 mm   P\u00ebrqindja e makaronave (%): 44   P\u00ebrqindja e mbushjes (%): 56   Paketimi: Makarona t\u00eb paketuara lirshme   Numri i porcioneve p\u00ebr kuti kartoni: 21","og_url":"https:\/\/edfrozen.com\/sq\/product\/raviolacci-me-kerpudha-porcini\/","og_site_name":"Ed Frozen","article_publisher":"https:\/\/www.facebook.com\/edfrozenalbania\/","article_modified_time":"2025-05-23T14:03:12+00:00","og_image":[{"width":800,"height":1094,"url":"https:\/\/edfrozen.com\/wp-content\/uploads\/2022\/05\/C42_big-e1653415126743.jpg","type":"image\/jpeg"}],"twitter_card":"summary_large_image","twitter_misc":{"Est. reading time":"1 minute"},"schema":{"@context":"https:\/\/schema.org","@graph":[{"@type":"WebPage","@id":"https:\/\/edfrozen.com\/sq\/product\/raviolacci-me-kerpudha-porcini\/","url":"https:\/\/edfrozen.com\/sq\/product\/raviolacci-me-kerpudha-porcini\/","name":"Raviolacci me k\u00ebrpudha porcini - Ed Frozen","isPartOf":{"@id":"https:\/\/edfrozen.com\/#website"},"primaryImageOfPage":{"@id":"https:\/\/edfrozen.com\/sq\/product\/raviolacci-me-kerpudha-porcini\/#primaryimage"},"image":{"@id":"https:\/\/edfrozen.com\/sq\/product\/raviolacci-me-kerpudha-porcini\/#primaryimage"},"thumbnailUrl":"https:\/\/edfrozen.com\/wp-content\/uploads\/2022\/05\/C42_big-e1653415126743.jpg","datePublished":"2022-05-24T17:54:02+00:00","dateModified":"2025-05-23T14:03:12+00:00","breadcrumb":{"@id":"https:\/\/edfrozen.com\/sq\/product\/raviolacci-me-kerpudha-porcini\/#breadcrumb"},"inLanguage":"sq-AL","potentialAction":[{"@type":"ReadAction","target":["https:\/\/edfrozen.com\/sq\/product\/raviolacci-me-kerpudha-porcini\/"]}]},{"@type":"ImageObject","inLanguage":"sq-AL","@id":"https:\/\/edfrozen.com\/sq\/product\/raviolacci-me-kerpudha-porcini\/#primaryimage","url":"https:\/\/edfrozen.com\/wp-content\/uploads\/2022\/05\/C42_big-e1653415126743.jpg","contentUrl":"https:\/\/edfrozen.com\/wp-content\/uploads\/2022\/05\/C42_big-e1653415126743.jpg","width":800,"height":1094},{"@type":"BreadcrumbList","@id":"https:\/\/edfrozen.com\/sq\/product\/raviolacci-me-kerpudha-porcini\/#breadcrumb","itemListElement":[{"@type":"ListItem","position":1,"name":"Home","item":"https:\/\/edfrozen.com\/"},{"@type":"ListItem","position":2,"name":"Shop","item":"https:\/\/edfrozen.com\/?page_id=11590"},{"@type":"ListItem","position":3,"name":"Raviolacci me k\u00ebrpudha porcini"}]},{"@type":"WebSite","@id":"https:\/\/edfrozen.com\/#website","url":"https:\/\/edfrozen.com\/","name":"Ed Frozen","description":"Food &amp; Distribution in Albania","publisher":{"@id":"https:\/\/edfrozen.com\/#organization"},"potentialAction":[{"@type":"SearchAction","target":{"@type":"EntryPoint","urlTemplate":"https:\/\/edfrozen.com\/?s={search_term_string}"},"query-input":{"@type":"PropertyValueSpecification","valueRequired":true,"valueName":"search_term_string"}}],"inLanguage":"sq-AL"},{"@type":"Organization","@id":"https:\/\/edfrozen.com\/#organization","name":"ED FROZEN","url":"https:\/\/edfrozen.com\/","logo":{"@type":"ImageObject","inLanguage":"sq-AL","@id":"https:\/\/edfrozen.com\/#\/schema\/logo\/image\/","url":"https:\/\/edfrozen.com\/wp-content\/uploads\/2021\/11\/logo-edfrozen-copy.png","contentUrl":"https:\/\/edfrozen.com\/wp-content\/uploads\/2021\/11\/logo-edfrozen-copy.png","width":1017,"height":286,"caption":"ED FROZEN"},"image":{"@id":"https:\/\/edfrozen.com\/#\/schema\/logo\/image\/"},"sameAs":["https:\/\/www.facebook.com\/edfrozenalbania\/"]}]}},"_links":{"self":[{"href":"https:\/\/edfrozen.com\/sq\/wp-json\/wp\/v2\/product\/10910","targetHints":{"allow":["GET"]}}],"collection":[{"href":"https:\/\/edfrozen.com\/sq\/wp-json\/wp\/v2\/product"}],"about":[{"href":"https:\/\/edfrozen.com\/sq\/wp-json\/wp\/v2\/types\/product"}],"wp:featuredmedia":[{"embeddable":true,"href":"https:\/\/edfrozen.com\/sq\/wp-json\/wp\/v2\/media\/10911"}],"wp:attachment":[{"href":"https:\/\/edfrozen.com\/sq\/wp-json\/wp\/v2\/media?parent=10910"}],"wp:term":[{"taxonomy":"product_cat","embeddable":true,"href":"https:\/\/edfrozen.com\/sq\/wp-json\/wp\/v2\/product_cat?post=10910"},{"taxonomy":"product_tag","embeddable":true,"href":"https:\/\/edfrozen.com\/sq\/wp-json\/wp\/v2\/product_tag?post=10910"}],"curies":[{"name":"wp","href":"https:\/\/api.w.org\/{rel}","templated":true}]}}