{"id":11019,"date":"2022-05-26T20:45:20","date_gmt":"2022-05-26T18:45:20","guid":{"rendered":"https:\/\/edfrozen.com\/product\/coppa-frutti-di-bosco-gluten-free\/"},"modified":"2025-05-24T10:19:17","modified_gmt":"2025-05-24T08:19:17","slug":"kupe-me-fruta-pylli-pa-gluten","status":"publish","type":"product","link":"https:\/\/edfrozen.com\/sq\/product\/kupe-me-fruta-pylli-pa-gluten\/","title":{"rendered":"Kup\u00eb me fruta pylli pa gluten"},"content":{"rendered":"","protected":false},"excerpt":{"rendered":"<div class=\"s-editable\">\n<div class=\"s-editable\">\n<div class=\"s-editable\">\n<div class=\"s-editable\">\n<div class=\"s-editable\">\n<div class=\"c-product-head__description\">\n<p>Mus me krem\u00a0dhe fruta pylli.<\/p>\n<p><strong>Informacioni i produktit<\/strong><\/p>\n<\/div>\n<\/div>\n<\/div>\n<\/div>\n<\/div>\n<\/div>\n<table class=\"style-1\" style=\"height: 195px;\" width=\"644\">\n<tbody>\n<tr>\n<td style=\"text-align: left;\">Pesha:<\/td>\n<td><strong>100 g<\/strong><\/td>\n<\/tr>\n<tr>\n<td style=\"text-align: left;\">Pjes\u00eb:<\/td>\n<td><strong>12<\/strong><\/td>\n<\/tr>\n<tr>\n<td style=\"text-align: left;\">Shkrirja:<\/td>\n<td><strong>1,5\/2 or\u00eb n\u00eb temperatur\u00ebn e dhom\u00ebs<\/strong><\/td>\n<\/tr>\n<\/tbody>\n<\/table>\n","protected":false},"featured_media":11020,"template":"","meta":{"inline_featured_image":false},"product_cat":[96,95],"product_tag":[],"class_list":{"0":"post-11019","1":"product","2":"type-product","3":"status-publish","4":"has-post-thumbnail","6":"product_brand-bindi","7":"product_cat-individuals-sq","8":"product_cat-torta-individuale","10":"first","11":"instock","12":"shipping-taxable","13":"product-type-simple"},"yoast_head":"<!-- This site is optimized with the Yoast SEO plugin v27.4 - https:\/\/yoast.com\/product\/yoast-seo-wordpress\/ -->\n<title>Kup\u00eb me fruta pylli pa gluten - Ed Frozen<\/title>\n<meta name=\"robots\" content=\"index, follow, max-snippet:-1, max-image-preview:large, max-video-preview:-1\" \/>\n<link rel=\"canonical\" href=\"https:\/\/edfrozen.com\/sq\/product\/kupe-me-fruta-pylli-pa-gluten\/\" \/>\n<meta property=\"og:locale\" content=\"sq_AL\" \/>\n<meta property=\"og:type\" content=\"article\" \/>\n<meta property=\"og:title\" content=\"Kup\u00eb me fruta pylli pa gluten - Ed Frozen\" \/>\n<meta property=\"og:description\" content=\"Mus me krem\u00a0dhe fruta pylli.  Informacioni i produktit           Pesha: 100 g   Pjes\u00eb: 12   Shkrirja: 1,5\/2 or\u00eb n\u00eb temperatur\u00ebn e dhom\u00ebs\" \/>\n<meta property=\"og:url\" content=\"https:\/\/edfrozen.com\/sq\/product\/kupe-me-fruta-pylli-pa-gluten\/\" \/>\n<meta property=\"og:site_name\" content=\"Ed Frozen\" \/>\n<meta property=\"article:publisher\" content=\"https:\/\/www.facebook.com\/edfrozenalbania\/\" \/>\n<meta property=\"article:modified_time\" content=\"2025-05-24T08:19:17+00:00\" \/>\n<meta property=\"og:image\" content=\"https:\/\/edfrozen.com\/wp-content\/uploads\/2022\/05\/1124-COPPA-FRUTTI-DI-BOSCO-GLUTEN-FREE-min.jpg\" \/>\n\t<meta property=\"og:image:width\" content=\"800\" \/>\n\t<meta property=\"og:image:height\" content=\"800\" \/>\n\t<meta property=\"og:image:type\" content=\"image\/jpeg\" \/>\n<meta name=\"twitter:card\" content=\"summary_large_image\" \/>\n<meta name=\"twitter:label1\" content=\"Est. reading time\" \/>\n\t<meta name=\"twitter:data1\" content=\"1 minute\" \/>\n<script type=\"application\/ld+json\" class=\"yoast-schema-graph\">{\"@context\":\"https:\\\/\\\/schema.org\",\"@graph\":[{\"@type\":\"WebPage\",\"@id\":\"https:\\\/\\\/edfrozen.com\\\/sq\\\/product\\\/kupe-me-fruta-pylli-pa-gluten\\\/\",\"url\":\"https:\\\/\\\/edfrozen.com\\\/sq\\\/product\\\/kupe-me-fruta-pylli-pa-gluten\\\/\",\"name\":\"Kup\u00eb me fruta pylli pa gluten - Ed Frozen\",\"isPartOf\":{\"@id\":\"https:\\\/\\\/edfrozen.com\\\/#website\"},\"primaryImageOfPage\":{\"@id\":\"https:\\\/\\\/edfrozen.com\\\/sq\\\/product\\\/kupe-me-fruta-pylli-pa-gluten\\\/#primaryimage\"},\"image\":{\"@id\":\"https:\\\/\\\/edfrozen.com\\\/sq\\\/product\\\/kupe-me-fruta-pylli-pa-gluten\\\/#primaryimage\"},\"thumbnailUrl\":\"https:\\\/\\\/edfrozen.com\\\/wp-content\\\/uploads\\\/2022\\\/05\\\/1124-COPPA-FRUTTI-DI-BOSCO-GLUTEN-FREE-min.jpg\",\"datePublished\":\"2022-05-26T18:45:20+00:00\",\"dateModified\":\"2025-05-24T08:19:17+00:00\",\"breadcrumb\":{\"@id\":\"https:\\\/\\\/edfrozen.com\\\/sq\\\/product\\\/kupe-me-fruta-pylli-pa-gluten\\\/#breadcrumb\"},\"inLanguage\":\"sq-AL\",\"potentialAction\":[{\"@type\":\"ReadAction\",\"target\":[\"https:\\\/\\\/edfrozen.com\\\/sq\\\/product\\\/kupe-me-fruta-pylli-pa-gluten\\\/\"]}]},{\"@type\":\"ImageObject\",\"inLanguage\":\"sq-AL\",\"@id\":\"https:\\\/\\\/edfrozen.com\\\/sq\\\/product\\\/kupe-me-fruta-pylli-pa-gluten\\\/#primaryimage\",\"url\":\"https:\\\/\\\/edfrozen.com\\\/wp-content\\\/uploads\\\/2022\\\/05\\\/1124-COPPA-FRUTTI-DI-BOSCO-GLUTEN-FREE-min.jpg\",\"contentUrl\":\"https:\\\/\\\/edfrozen.com\\\/wp-content\\\/uploads\\\/2022\\\/05\\\/1124-COPPA-FRUTTI-DI-BOSCO-GLUTEN-FREE-min.jpg\",\"width\":800,\"height\":800},{\"@type\":\"BreadcrumbList\",\"@id\":\"https:\\\/\\\/edfrozen.com\\\/sq\\\/product\\\/kupe-me-fruta-pylli-pa-gluten\\\/#breadcrumb\",\"itemListElement\":[{\"@type\":\"ListItem\",\"position\":1,\"name\":\"Home\",\"item\":\"https:\\\/\\\/edfrozen.com\\\/\"},{\"@type\":\"ListItem\",\"position\":2,\"name\":\"Shop\",\"item\":\"https:\\\/\\\/edfrozen.com\\\/?page_id=11590\"},{\"@type\":\"ListItem\",\"position\":3,\"name\":\"Kup\u00eb me fruta pylli pa gluten\"}]},{\"@type\":\"WebSite\",\"@id\":\"https:\\\/\\\/edfrozen.com\\\/#website\",\"url\":\"https:\\\/\\\/edfrozen.com\\\/\",\"name\":\"Ed Frozen\",\"description\":\"Food &amp; Distribution in Albania\",\"publisher\":{\"@id\":\"https:\\\/\\\/edfrozen.com\\\/#organization\"},\"potentialAction\":[{\"@type\":\"SearchAction\",\"target\":{\"@type\":\"EntryPoint\",\"urlTemplate\":\"https:\\\/\\\/edfrozen.com\\\/?s={search_term_string}\"},\"query-input\":{\"@type\":\"PropertyValueSpecification\",\"valueRequired\":true,\"valueName\":\"search_term_string\"}}],\"inLanguage\":\"sq-AL\"},{\"@type\":\"Organization\",\"@id\":\"https:\\\/\\\/edfrozen.com\\\/#organization\",\"name\":\"ED FROZEN\",\"url\":\"https:\\\/\\\/edfrozen.com\\\/\",\"logo\":{\"@type\":\"ImageObject\",\"inLanguage\":\"sq-AL\",\"@id\":\"https:\\\/\\\/edfrozen.com\\\/#\\\/schema\\\/logo\\\/image\\\/\",\"url\":\"https:\\\/\\\/edfrozen.com\\\/wp-content\\\/uploads\\\/2021\\\/11\\\/logo-edfrozen-copy.png\",\"contentUrl\":\"https:\\\/\\\/edfrozen.com\\\/wp-content\\\/uploads\\\/2021\\\/11\\\/logo-edfrozen-copy.png\",\"width\":1017,\"height\":286,\"caption\":\"ED FROZEN\"},\"image\":{\"@id\":\"https:\\\/\\\/edfrozen.com\\\/#\\\/schema\\\/logo\\\/image\\\/\"},\"sameAs\":[\"https:\\\/\\\/www.facebook.com\\\/edfrozenalbania\\\/\"]}]}<\/script>\n<!-- \/ Yoast SEO plugin. -->","yoast_head_json":{"title":"Kup\u00eb me fruta pylli pa gluten - Ed Frozen","robots":{"index":"index","follow":"follow","max-snippet":"max-snippet:-1","max-image-preview":"max-image-preview:large","max-video-preview":"max-video-preview:-1"},"canonical":"https:\/\/edfrozen.com\/sq\/product\/kupe-me-fruta-pylli-pa-gluten\/","og_locale":"sq_AL","og_type":"article","og_title":"Kup\u00eb me fruta pylli pa gluten - Ed Frozen","og_description":"Mus me krem\u00a0dhe fruta pylli.  Informacioni i produktit           Pesha: 100 g   Pjes\u00eb: 12   Shkrirja: 1,5\/2 or\u00eb n\u00eb temperatur\u00ebn e dhom\u00ebs","og_url":"https:\/\/edfrozen.com\/sq\/product\/kupe-me-fruta-pylli-pa-gluten\/","og_site_name":"Ed Frozen","article_publisher":"https:\/\/www.facebook.com\/edfrozenalbania\/","article_modified_time":"2025-05-24T08:19:17+00:00","og_image":[{"width":800,"height":800,"url":"https:\/\/edfrozen.com\/wp-content\/uploads\/2022\/05\/1124-COPPA-FRUTTI-DI-BOSCO-GLUTEN-FREE-min.jpg","type":"image\/jpeg"}],"twitter_card":"summary_large_image","twitter_misc":{"Est. reading time":"1 minute"},"schema":{"@context":"https:\/\/schema.org","@graph":[{"@type":"WebPage","@id":"https:\/\/edfrozen.com\/sq\/product\/kupe-me-fruta-pylli-pa-gluten\/","url":"https:\/\/edfrozen.com\/sq\/product\/kupe-me-fruta-pylli-pa-gluten\/","name":"Kup\u00eb me fruta pylli pa gluten - Ed Frozen","isPartOf":{"@id":"https:\/\/edfrozen.com\/#website"},"primaryImageOfPage":{"@id":"https:\/\/edfrozen.com\/sq\/product\/kupe-me-fruta-pylli-pa-gluten\/#primaryimage"},"image":{"@id":"https:\/\/edfrozen.com\/sq\/product\/kupe-me-fruta-pylli-pa-gluten\/#primaryimage"},"thumbnailUrl":"https:\/\/edfrozen.com\/wp-content\/uploads\/2022\/05\/1124-COPPA-FRUTTI-DI-BOSCO-GLUTEN-FREE-min.jpg","datePublished":"2022-05-26T18:45:20+00:00","dateModified":"2025-05-24T08:19:17+00:00","breadcrumb":{"@id":"https:\/\/edfrozen.com\/sq\/product\/kupe-me-fruta-pylli-pa-gluten\/#breadcrumb"},"inLanguage":"sq-AL","potentialAction":[{"@type":"ReadAction","target":["https:\/\/edfrozen.com\/sq\/product\/kupe-me-fruta-pylli-pa-gluten\/"]}]},{"@type":"ImageObject","inLanguage":"sq-AL","@id":"https:\/\/edfrozen.com\/sq\/product\/kupe-me-fruta-pylli-pa-gluten\/#primaryimage","url":"https:\/\/edfrozen.com\/wp-content\/uploads\/2022\/05\/1124-COPPA-FRUTTI-DI-BOSCO-GLUTEN-FREE-min.jpg","contentUrl":"https:\/\/edfrozen.com\/wp-content\/uploads\/2022\/05\/1124-COPPA-FRUTTI-DI-BOSCO-GLUTEN-FREE-min.jpg","width":800,"height":800},{"@type":"BreadcrumbList","@id":"https:\/\/edfrozen.com\/sq\/product\/kupe-me-fruta-pylli-pa-gluten\/#breadcrumb","itemListElement":[{"@type":"ListItem","position":1,"name":"Home","item":"https:\/\/edfrozen.com\/"},{"@type":"ListItem","position":2,"name":"Shop","item":"https:\/\/edfrozen.com\/?page_id=11590"},{"@type":"ListItem","position":3,"name":"Kup\u00eb me fruta pylli pa gluten"}]},{"@type":"WebSite","@id":"https:\/\/edfrozen.com\/#website","url":"https:\/\/edfrozen.com\/","name":"Ed Frozen","description":"Food &amp; Distribution in Albania","publisher":{"@id":"https:\/\/edfrozen.com\/#organization"},"potentialAction":[{"@type":"SearchAction","target":{"@type":"EntryPoint","urlTemplate":"https:\/\/edfrozen.com\/?s={search_term_string}"},"query-input":{"@type":"PropertyValueSpecification","valueRequired":true,"valueName":"search_term_string"}}],"inLanguage":"sq-AL"},{"@type":"Organization","@id":"https:\/\/edfrozen.com\/#organization","name":"ED FROZEN","url":"https:\/\/edfrozen.com\/","logo":{"@type":"ImageObject","inLanguage":"sq-AL","@id":"https:\/\/edfrozen.com\/#\/schema\/logo\/image\/","url":"https:\/\/edfrozen.com\/wp-content\/uploads\/2021\/11\/logo-edfrozen-copy.png","contentUrl":"https:\/\/edfrozen.com\/wp-content\/uploads\/2021\/11\/logo-edfrozen-copy.png","width":1017,"height":286,"caption":"ED FROZEN"},"image":{"@id":"https:\/\/edfrozen.com\/#\/schema\/logo\/image\/"},"sameAs":["https:\/\/www.facebook.com\/edfrozenalbania\/"]}]}},"_links":{"self":[{"href":"https:\/\/edfrozen.com\/sq\/wp-json\/wp\/v2\/product\/11019","targetHints":{"allow":["GET"]}}],"collection":[{"href":"https:\/\/edfrozen.com\/sq\/wp-json\/wp\/v2\/product"}],"about":[{"href":"https:\/\/edfrozen.com\/sq\/wp-json\/wp\/v2\/types\/product"}],"wp:featuredmedia":[{"embeddable":true,"href":"https:\/\/edfrozen.com\/sq\/wp-json\/wp\/v2\/media\/11020"}],"wp:attachment":[{"href":"https:\/\/edfrozen.com\/sq\/wp-json\/wp\/v2\/media?parent=11019"}],"wp:term":[{"taxonomy":"product_cat","embeddable":true,"href":"https:\/\/edfrozen.com\/sq\/wp-json\/wp\/v2\/product_cat?post=11019"},{"taxonomy":"product_tag","embeddable":true,"href":"https:\/\/edfrozen.com\/sq\/wp-json\/wp\/v2\/product_tag?post=11019"}],"curies":[{"name":"wp","href":"https:\/\/api.w.org\/{rel}","templated":true}]}}