{"id":11254,"date":"2022-05-31T18:37:07","date_gmt":"2022-05-31T16:37:07","guid":{"rendered":"https:\/\/edfrozen.com\/product\/fagottino-vegano-ai-cereali-con-frutti-di-bosco\/"},"modified":"2025-05-27T13:11:09","modified_gmt":"2025-05-27T11:11:09","slug":"pako-dritherash-vegane-me-fruta-pylli","status":"publish","type":"product","link":"https:\/\/edfrozen.com\/sq\/product\/pako-dritherash-vegane-me-fruta-pylli\/","title":{"rendered":"Pako drith\u00ebrash vegane me fruta pylli"},"content":{"rendered":"","protected":false},"excerpt":{"rendered":"<div class=\"s-editable\">\n<div class=\"s-editable\">\n<div class=\"s-editable\">\n<div class=\"s-editable\">\n<div class=\"s-editable\">\n<div class=\"c-product-head__description\">\n<p>Brum\u00eb maja natyrale me shea, q\u00eb pushon p\u00ebr 24 or\u00eb si n\u00eb metod\u00ebn artizanale. Mbushje me manaferra t\u00eb p\u00ebrziera t\u00eb zgjedhura nga pasti\u00e7eri Bindi. Dekoruar me fara liri dhe thekon t\u00ebrsh\u00ebr\u00eb.<\/p>\n<p><strong>Informacioni i produktit<\/strong><\/p>\n<\/div>\n<\/div>\n<\/div>\n<\/div>\n<\/div>\n<\/div>\n<table class=\"style-1\" style=\"height: 195px;\" width=\"644\">\n<tbody>\n<tr>\n<td style=\"text-align: left;\">Pesha:<\/td>\n<td><strong>Porcion: 85g &#8211; UdV: 5,10 Kg<\/strong><\/td>\n<\/tr>\n<tr>\n<td style=\"text-align: left;\">Porcione:<\/td>\n<td><strong>60<\/strong><\/td>\n<\/tr>\n<tr>\n<td style=\"text-align: left;\">Shkrirja:<\/td>\n<td><strong>Mos i shkrini<\/strong><\/td>\n<\/tr>\n<tr>\n<td style=\"text-align: left;\">Furra:<\/td>\n<td><strong>180\u00b0C\/190\u00b0C p\u00ebr rreth 25&#8242;<\/strong><\/td>\n<\/tr>\n<\/tbody>\n<\/table>\n","protected":false},"featured_media":10739,"template":"","meta":{"inline_featured_image":false},"product_cat":[101,86],"product_tag":[],"class_list":{"0":"post-11254","1":"product","2":"type-product","3":"status-publish","4":"has-post-thumbnail","6":"product_cat-briosh","7":"product_cat-breakfast-sq","9":"first","10":"instock","11":"shipping-taxable","12":"product-type-simple"},"yoast_head":"<!-- This site is optimized with the Yoast SEO plugin v27.4 - https:\/\/yoast.com\/product\/yoast-seo-wordpress\/ -->\n<title>Pako drith\u00ebrash vegane me fruta pylli - Ed Frozen<\/title>\n<meta name=\"robots\" content=\"index, follow, max-snippet:-1, max-image-preview:large, max-video-preview:-1\" \/>\n<link rel=\"canonical\" href=\"https:\/\/edfrozen.com\/sq\/product\/pako-dritherash-vegane-me-fruta-pylli\/\" \/>\n<meta property=\"og:locale\" content=\"sq_AL\" \/>\n<meta property=\"og:type\" content=\"article\" \/>\n<meta property=\"og:title\" content=\"Pako drith\u00ebrash vegane me fruta pylli - Ed Frozen\" \/>\n<meta property=\"og:description\" content=\"Brum\u00eb maja natyrale me shea, q\u00eb pushon p\u00ebr 24 or\u00eb si n\u00eb metod\u00ebn artizanale. Mbushje me manaferra t\u00eb p\u00ebrziera t\u00eb zgjedhura nga pasti\u00e7eri Bindi. Dekoruar me fara liri dhe thekon t\u00ebrsh\u00ebr\u00eb.  Informacioni i produktit           Pesha: Porcion: 85g - UdV: 5,10 Kg   Porcione: 60   Shkrirja: Mos i shkrini   Furra: 180\u00b0C\/190\u00b0C p\u00ebr rreth 25&#039;\" \/>\n<meta property=\"og:url\" content=\"https:\/\/edfrozen.com\/sq\/product\/pako-dritherash-vegane-me-fruta-pylli\/\" \/>\n<meta property=\"og:site_name\" content=\"Ed Frozen\" \/>\n<meta property=\"article:publisher\" content=\"https:\/\/www.facebook.com\/edfrozenalbania\/\" \/>\n<meta property=\"article:modified_time\" content=\"2025-05-27T11:11:09+00:00\" \/>\n<meta property=\"og:image\" content=\"https:\/\/edfrozen.com\/wp-content\/uploads\/2022\/05\/0637-FAGOTTINO-VEGANO-AI-CEREALI-CON-FRUTTI-DI-BOSCO-min.jpg\" \/>\n\t<meta property=\"og:image:width\" content=\"800\" \/>\n\t<meta property=\"og:image:height\" content=\"800\" \/>\n\t<meta property=\"og:image:type\" content=\"image\/jpeg\" \/>\n<meta name=\"twitter:card\" content=\"summary_large_image\" \/>\n<meta name=\"twitter:label1\" content=\"Est. reading time\" \/>\n\t<meta name=\"twitter:data1\" content=\"1 minute\" \/>\n<script type=\"application\/ld+json\" class=\"yoast-schema-graph\">{\"@context\":\"https:\\\/\\\/schema.org\",\"@graph\":[{\"@type\":\"WebPage\",\"@id\":\"https:\\\/\\\/edfrozen.com\\\/sq\\\/product\\\/pako-dritherash-vegane-me-fruta-pylli\\\/\",\"url\":\"https:\\\/\\\/edfrozen.com\\\/sq\\\/product\\\/pako-dritherash-vegane-me-fruta-pylli\\\/\",\"name\":\"Pako drith\u00ebrash vegane me fruta pylli - Ed Frozen\",\"isPartOf\":{\"@id\":\"https:\\\/\\\/edfrozen.com\\\/#website\"},\"primaryImageOfPage\":{\"@id\":\"https:\\\/\\\/edfrozen.com\\\/sq\\\/product\\\/pako-dritherash-vegane-me-fruta-pylli\\\/#primaryimage\"},\"image\":{\"@id\":\"https:\\\/\\\/edfrozen.com\\\/sq\\\/product\\\/pako-dritherash-vegane-me-fruta-pylli\\\/#primaryimage\"},\"thumbnailUrl\":\"https:\\\/\\\/edfrozen.com\\\/wp-content\\\/uploads\\\/2022\\\/05\\\/0637-FAGOTTINO-VEGANO-AI-CEREALI-CON-FRUTTI-DI-BOSCO-min.jpg\",\"datePublished\":\"2022-05-31T16:37:07+00:00\",\"dateModified\":\"2025-05-27T11:11:09+00:00\",\"breadcrumb\":{\"@id\":\"https:\\\/\\\/edfrozen.com\\\/sq\\\/product\\\/pako-dritherash-vegane-me-fruta-pylli\\\/#breadcrumb\"},\"inLanguage\":\"sq-AL\",\"potentialAction\":[{\"@type\":\"ReadAction\",\"target\":[\"https:\\\/\\\/edfrozen.com\\\/sq\\\/product\\\/pako-dritherash-vegane-me-fruta-pylli\\\/\"]}]},{\"@type\":\"ImageObject\",\"inLanguage\":\"sq-AL\",\"@id\":\"https:\\\/\\\/edfrozen.com\\\/sq\\\/product\\\/pako-dritherash-vegane-me-fruta-pylli\\\/#primaryimage\",\"url\":\"https:\\\/\\\/edfrozen.com\\\/wp-content\\\/uploads\\\/2022\\\/05\\\/0637-FAGOTTINO-VEGANO-AI-CEREALI-CON-FRUTTI-DI-BOSCO-min.jpg\",\"contentUrl\":\"https:\\\/\\\/edfrozen.com\\\/wp-content\\\/uploads\\\/2022\\\/05\\\/0637-FAGOTTINO-VEGANO-AI-CEREALI-CON-FRUTTI-DI-BOSCO-min.jpg\",\"width\":800,\"height\":800},{\"@type\":\"BreadcrumbList\",\"@id\":\"https:\\\/\\\/edfrozen.com\\\/sq\\\/product\\\/pako-dritherash-vegane-me-fruta-pylli\\\/#breadcrumb\",\"itemListElement\":[{\"@type\":\"ListItem\",\"position\":1,\"name\":\"Home\",\"item\":\"https:\\\/\\\/edfrozen.com\\\/\"},{\"@type\":\"ListItem\",\"position\":2,\"name\":\"Shop\",\"item\":\"https:\\\/\\\/edfrozen.com\\\/?page_id=11590\"},{\"@type\":\"ListItem\",\"position\":3,\"name\":\"Pako drith\u00ebrash vegane me fruta pylli\"}]},{\"@type\":\"WebSite\",\"@id\":\"https:\\\/\\\/edfrozen.com\\\/#website\",\"url\":\"https:\\\/\\\/edfrozen.com\\\/\",\"name\":\"Ed Frozen\",\"description\":\"Food &amp; Distribution in Albania\",\"publisher\":{\"@id\":\"https:\\\/\\\/edfrozen.com\\\/#organization\"},\"potentialAction\":[{\"@type\":\"SearchAction\",\"target\":{\"@type\":\"EntryPoint\",\"urlTemplate\":\"https:\\\/\\\/edfrozen.com\\\/?s={search_term_string}\"},\"query-input\":{\"@type\":\"PropertyValueSpecification\",\"valueRequired\":true,\"valueName\":\"search_term_string\"}}],\"inLanguage\":\"sq-AL\"},{\"@type\":\"Organization\",\"@id\":\"https:\\\/\\\/edfrozen.com\\\/#organization\",\"name\":\"ED FROZEN\",\"url\":\"https:\\\/\\\/edfrozen.com\\\/\",\"logo\":{\"@type\":\"ImageObject\",\"inLanguage\":\"sq-AL\",\"@id\":\"https:\\\/\\\/edfrozen.com\\\/#\\\/schema\\\/logo\\\/image\\\/\",\"url\":\"https:\\\/\\\/edfrozen.com\\\/wp-content\\\/uploads\\\/2021\\\/11\\\/logo-edfrozen-copy.png\",\"contentUrl\":\"https:\\\/\\\/edfrozen.com\\\/wp-content\\\/uploads\\\/2021\\\/11\\\/logo-edfrozen-copy.png\",\"width\":1017,\"height\":286,\"caption\":\"ED FROZEN\"},\"image\":{\"@id\":\"https:\\\/\\\/edfrozen.com\\\/#\\\/schema\\\/logo\\\/image\\\/\"},\"sameAs\":[\"https:\\\/\\\/www.facebook.com\\\/edfrozenalbania\\\/\"]}]}<\/script>\n<!-- \/ Yoast SEO plugin. -->","yoast_head_json":{"title":"Pako drith\u00ebrash vegane me fruta pylli - Ed Frozen","robots":{"index":"index","follow":"follow","max-snippet":"max-snippet:-1","max-image-preview":"max-image-preview:large","max-video-preview":"max-video-preview:-1"},"canonical":"https:\/\/edfrozen.com\/sq\/product\/pako-dritherash-vegane-me-fruta-pylli\/","og_locale":"sq_AL","og_type":"article","og_title":"Pako drith\u00ebrash vegane me fruta pylli - Ed Frozen","og_description":"Brum\u00eb maja natyrale me shea, q\u00eb pushon p\u00ebr 24 or\u00eb si n\u00eb metod\u00ebn artizanale. Mbushje me manaferra t\u00eb p\u00ebrziera t\u00eb zgjedhura nga pasti\u00e7eri Bindi. Dekoruar me fara liri dhe thekon t\u00ebrsh\u00ebr\u00eb.  Informacioni i produktit           Pesha: Porcion: 85g - UdV: 5,10 Kg   Porcione: 60   Shkrirja: Mos i shkrini   Furra: 180\u00b0C\/190\u00b0C p\u00ebr rreth 25'","og_url":"https:\/\/edfrozen.com\/sq\/product\/pako-dritherash-vegane-me-fruta-pylli\/","og_site_name":"Ed Frozen","article_publisher":"https:\/\/www.facebook.com\/edfrozenalbania\/","article_modified_time":"2025-05-27T11:11:09+00:00","og_image":[{"width":800,"height":800,"url":"https:\/\/edfrozen.com\/wp-content\/uploads\/2022\/05\/0637-FAGOTTINO-VEGANO-AI-CEREALI-CON-FRUTTI-DI-BOSCO-min.jpg","type":"image\/jpeg"}],"twitter_card":"summary_large_image","twitter_misc":{"Est. reading time":"1 minute"},"schema":{"@context":"https:\/\/schema.org","@graph":[{"@type":"WebPage","@id":"https:\/\/edfrozen.com\/sq\/product\/pako-dritherash-vegane-me-fruta-pylli\/","url":"https:\/\/edfrozen.com\/sq\/product\/pako-dritherash-vegane-me-fruta-pylli\/","name":"Pako drith\u00ebrash vegane me fruta pylli - Ed Frozen","isPartOf":{"@id":"https:\/\/edfrozen.com\/#website"},"primaryImageOfPage":{"@id":"https:\/\/edfrozen.com\/sq\/product\/pako-dritherash-vegane-me-fruta-pylli\/#primaryimage"},"image":{"@id":"https:\/\/edfrozen.com\/sq\/product\/pako-dritherash-vegane-me-fruta-pylli\/#primaryimage"},"thumbnailUrl":"https:\/\/edfrozen.com\/wp-content\/uploads\/2022\/05\/0637-FAGOTTINO-VEGANO-AI-CEREALI-CON-FRUTTI-DI-BOSCO-min.jpg","datePublished":"2022-05-31T16:37:07+00:00","dateModified":"2025-05-27T11:11:09+00:00","breadcrumb":{"@id":"https:\/\/edfrozen.com\/sq\/product\/pako-dritherash-vegane-me-fruta-pylli\/#breadcrumb"},"inLanguage":"sq-AL","potentialAction":[{"@type":"ReadAction","target":["https:\/\/edfrozen.com\/sq\/product\/pako-dritherash-vegane-me-fruta-pylli\/"]}]},{"@type":"ImageObject","inLanguage":"sq-AL","@id":"https:\/\/edfrozen.com\/sq\/product\/pako-dritherash-vegane-me-fruta-pylli\/#primaryimage","url":"https:\/\/edfrozen.com\/wp-content\/uploads\/2022\/05\/0637-FAGOTTINO-VEGANO-AI-CEREALI-CON-FRUTTI-DI-BOSCO-min.jpg","contentUrl":"https:\/\/edfrozen.com\/wp-content\/uploads\/2022\/05\/0637-FAGOTTINO-VEGANO-AI-CEREALI-CON-FRUTTI-DI-BOSCO-min.jpg","width":800,"height":800},{"@type":"BreadcrumbList","@id":"https:\/\/edfrozen.com\/sq\/product\/pako-dritherash-vegane-me-fruta-pylli\/#breadcrumb","itemListElement":[{"@type":"ListItem","position":1,"name":"Home","item":"https:\/\/edfrozen.com\/"},{"@type":"ListItem","position":2,"name":"Shop","item":"https:\/\/edfrozen.com\/?page_id=11590"},{"@type":"ListItem","position":3,"name":"Pako drith\u00ebrash vegane me fruta pylli"}]},{"@type":"WebSite","@id":"https:\/\/edfrozen.com\/#website","url":"https:\/\/edfrozen.com\/","name":"Ed Frozen","description":"Food &amp; Distribution in Albania","publisher":{"@id":"https:\/\/edfrozen.com\/#organization"},"potentialAction":[{"@type":"SearchAction","target":{"@type":"EntryPoint","urlTemplate":"https:\/\/edfrozen.com\/?s={search_term_string}"},"query-input":{"@type":"PropertyValueSpecification","valueRequired":true,"valueName":"search_term_string"}}],"inLanguage":"sq-AL"},{"@type":"Organization","@id":"https:\/\/edfrozen.com\/#organization","name":"ED FROZEN","url":"https:\/\/edfrozen.com\/","logo":{"@type":"ImageObject","inLanguage":"sq-AL","@id":"https:\/\/edfrozen.com\/#\/schema\/logo\/image\/","url":"https:\/\/edfrozen.com\/wp-content\/uploads\/2021\/11\/logo-edfrozen-copy.png","contentUrl":"https:\/\/edfrozen.com\/wp-content\/uploads\/2021\/11\/logo-edfrozen-copy.png","width":1017,"height":286,"caption":"ED FROZEN"},"image":{"@id":"https:\/\/edfrozen.com\/#\/schema\/logo\/image\/"},"sameAs":["https:\/\/www.facebook.com\/edfrozenalbania\/"]}]}},"_links":{"self":[{"href":"https:\/\/edfrozen.com\/sq\/wp-json\/wp\/v2\/product\/11254","targetHints":{"allow":["GET"]}}],"collection":[{"href":"https:\/\/edfrozen.com\/sq\/wp-json\/wp\/v2\/product"}],"about":[{"href":"https:\/\/edfrozen.com\/sq\/wp-json\/wp\/v2\/types\/product"}],"wp:featuredmedia":[{"embeddable":true,"href":"https:\/\/edfrozen.com\/sq\/wp-json\/wp\/v2\/media\/10739"}],"wp:attachment":[{"href":"https:\/\/edfrozen.com\/sq\/wp-json\/wp\/v2\/media?parent=11254"}],"wp:term":[{"taxonomy":"product_cat","embeddable":true,"href":"https:\/\/edfrozen.com\/sq\/wp-json\/wp\/v2\/product_cat?post=11254"},{"taxonomy":"product_tag","embeddable":true,"href":"https:\/\/edfrozen.com\/sq\/wp-json\/wp\/v2\/product_tag?post=11254"}],"curies":[{"name":"wp","href":"https:\/\/api.w.org\/{rel}","templated":true}]}}