{"id":11294,"date":"2022-06-01T23:39:44","date_gmt":"2022-06-01T21:39:44","guid":{"rendered":"https:\/\/edfrozen.com\/product\/souffle-al-cioccolato\/"},"modified":"2025-05-27T13:26:54","modified_gmt":"2025-05-27T11:26:54","slug":"souffle-me-cokollate","status":"publish","type":"product","link":"https:\/\/edfrozen.com\/sq\/product\/souffle-me-cokollate\/","title":{"rendered":"Souffl\u00e9 me \u00e7okollat\u00eb"},"content":{"rendered":"","protected":false},"excerpt":{"rendered":"<div class=\"s-editable\">\n<div class=\"s-editable\">\n<div class=\"s-editable\">\n<div class=\"s-editable\">\n<div class=\"s-editable\">\n<div class=\"c-product-head__description\">\n<p>Sufle me zem\u00ebr \u00e7okollat\u00eb t\u00eb shkrir\u00eb.<\/p>\n<p><strong>Informacioni i produktit<\/strong><\/p>\n<\/div>\n<\/div>\n<\/div>\n<\/div>\n<\/div>\n<\/div>\n<table class=\"style-1\" style=\"height: 195px;\" width=\"644\">\n<tbody>\n<tr>\n<td style=\"text-align: left;\">Pesha:<\/td>\n<td><strong>1,20 kg<\/strong><\/td>\n<\/tr>\n<tr>\n<td style=\"text-align: left;\">Porcione:<\/td>\n<td><strong>12<\/strong><\/td>\n<\/tr>\n<tr>\n<td style=\"text-align: left;\">Shkrirja:<\/td>\n<td><strong>2\/3h<\/strong><\/td>\n<\/tr>\n<tr>\n<td style=\"text-align: left;\">Ruajtja:<\/td>\n<td><strong>3 dit\u00eb<\/strong><\/td>\n<\/tr>\n<tr>\n<td style=\"text-align: left;\">Pjekja n\u00eb furr\u00eb:<\/td>\n<td><strong>180\u00b0C 4min<\/strong><\/td>\n<\/tr>\n<tr>\n<td style=\"text-align: left;\">Pjekja n\u00eb Microonde:<\/td>\n<td><strong>Pa filxhan alumini: i ngrir\u00eb 50 &#8220;, i shkrir\u00eb 20&#8221;<\/strong><\/td>\n<\/tr>\n<\/tbody>\n<\/table>\n","protected":false},"featured_media":10872,"template":"","meta":{"inline_featured_image":false},"product_cat":[96,95],"product_tag":[],"class_list":{"0":"post-11294","1":"product","2":"type-product","3":"status-publish","4":"has-post-thumbnail","6":"product_brand-bindi","7":"product_cat-individuals-sq","8":"product_cat-torta-individuale","10":"first","11":"instock","12":"shipping-taxable","13":"product-type-simple"},"yoast_head":"<!-- This site is optimized with the Yoast SEO plugin v27.3 - https:\/\/yoast.com\/product\/yoast-seo-wordpress\/ -->\n<title>Souffl\u00e9 me \u00e7okollat\u00eb - Ed Frozen<\/title>\n<meta name=\"robots\" content=\"index, follow, max-snippet:-1, max-image-preview:large, max-video-preview:-1\" \/>\n<link rel=\"canonical\" href=\"https:\/\/edfrozen.com\/sq\/product\/souffle-me-cokollate\/\" \/>\n<meta property=\"og:locale\" content=\"sq_AL\" \/>\n<meta property=\"og:type\" content=\"article\" \/>\n<meta property=\"og:title\" content=\"Souffl\u00e9 me \u00e7okollat\u00eb - Ed Frozen\" \/>\n<meta property=\"og:description\" content=\"Sufle me zem\u00ebr \u00e7okollat\u00eb t\u00eb shkrir\u00eb.  Informacioni i produktit           Pesha: 1,20 kg   Porcione: 12   Shkrirja: 2\/3h   Ruajtja: 3 dit\u00eb   Pjekja n\u00eb furr\u00eb: 180\u00b0C 4min   Pjekja n\u00eb Microonde: Pa filxhan alumini: i ngrir\u00eb 50 &quot;, i shkrir\u00eb 20&quot;\" \/>\n<meta property=\"og:url\" content=\"https:\/\/edfrozen.com\/sq\/product\/souffle-me-cokollate\/\" \/>\n<meta property=\"og:site_name\" content=\"Ed Frozen\" \/>\n<meta property=\"article:publisher\" content=\"https:\/\/www.facebook.com\/edfrozenalbania\/\" \/>\n<meta property=\"article:modified_time\" content=\"2025-05-27T11:26:54+00:00\" \/>\n<meta property=\"og:image\" content=\"https:\/\/edfrozen.com\/wp-content\/uploads\/2022\/06\/1467-SOUFFLE-CIOCCOLATO-ALTA-min.jpg\" \/>\n\t<meta property=\"og:image:width\" content=\"800\" \/>\n\t<meta property=\"og:image:height\" content=\"800\" \/>\n\t<meta property=\"og:image:type\" content=\"image\/jpeg\" \/>\n<meta name=\"twitter:card\" content=\"summary_large_image\" \/>\n<meta name=\"twitter:label1\" content=\"Est. reading time\" \/>\n\t<meta name=\"twitter:data1\" content=\"1 minute\" \/>\n<script type=\"application\/ld+json\" class=\"yoast-schema-graph\">{\"@context\":\"https:\\\/\\\/schema.org\",\"@graph\":[{\"@type\":\"WebPage\",\"@id\":\"https:\\\/\\\/edfrozen.com\\\/sq\\\/product\\\/souffle-me-cokollate\\\/\",\"url\":\"https:\\\/\\\/edfrozen.com\\\/sq\\\/product\\\/souffle-me-cokollate\\\/\",\"name\":\"Souffl\u00e9 me \u00e7okollat\u00eb - Ed Frozen\",\"isPartOf\":{\"@id\":\"https:\\\/\\\/edfrozen.com\\\/#website\"},\"primaryImageOfPage\":{\"@id\":\"https:\\\/\\\/edfrozen.com\\\/sq\\\/product\\\/souffle-me-cokollate\\\/#primaryimage\"},\"image\":{\"@id\":\"https:\\\/\\\/edfrozen.com\\\/sq\\\/product\\\/souffle-me-cokollate\\\/#primaryimage\"},\"thumbnailUrl\":\"https:\\\/\\\/edfrozen.com\\\/wp-content\\\/uploads\\\/2022\\\/06\\\/1467-SOUFFLE-CIOCCOLATO-ALTA-min.jpg\",\"datePublished\":\"2022-06-01T21:39:44+00:00\",\"dateModified\":\"2025-05-27T11:26:54+00:00\",\"breadcrumb\":{\"@id\":\"https:\\\/\\\/edfrozen.com\\\/sq\\\/product\\\/souffle-me-cokollate\\\/#breadcrumb\"},\"inLanguage\":\"sq-AL\",\"potentialAction\":[{\"@type\":\"ReadAction\",\"target\":[\"https:\\\/\\\/edfrozen.com\\\/sq\\\/product\\\/souffle-me-cokollate\\\/\"]}]},{\"@type\":\"ImageObject\",\"inLanguage\":\"sq-AL\",\"@id\":\"https:\\\/\\\/edfrozen.com\\\/sq\\\/product\\\/souffle-me-cokollate\\\/#primaryimage\",\"url\":\"https:\\\/\\\/edfrozen.com\\\/wp-content\\\/uploads\\\/2022\\\/06\\\/1467-SOUFFLE-CIOCCOLATO-ALTA-min.jpg\",\"contentUrl\":\"https:\\\/\\\/edfrozen.com\\\/wp-content\\\/uploads\\\/2022\\\/06\\\/1467-SOUFFLE-CIOCCOLATO-ALTA-min.jpg\",\"width\":800,\"height\":800},{\"@type\":\"BreadcrumbList\",\"@id\":\"https:\\\/\\\/edfrozen.com\\\/sq\\\/product\\\/souffle-me-cokollate\\\/#breadcrumb\",\"itemListElement\":[{\"@type\":\"ListItem\",\"position\":1,\"name\":\"Home\",\"item\":\"https:\\\/\\\/edfrozen.com\\\/\"},{\"@type\":\"ListItem\",\"position\":2,\"name\":\"Shop\",\"item\":\"https:\\\/\\\/edfrozen.com\\\/?page_id=11590\"},{\"@type\":\"ListItem\",\"position\":3,\"name\":\"Souffl\u00e9 me \u00e7okollat\u00eb\"}]},{\"@type\":\"WebSite\",\"@id\":\"https:\\\/\\\/edfrozen.com\\\/#website\",\"url\":\"https:\\\/\\\/edfrozen.com\\\/\",\"name\":\"Ed Frozen\",\"description\":\"Food &amp; Distribution in Albania\",\"publisher\":{\"@id\":\"https:\\\/\\\/edfrozen.com\\\/#organization\"},\"potentialAction\":[{\"@type\":\"SearchAction\",\"target\":{\"@type\":\"EntryPoint\",\"urlTemplate\":\"https:\\\/\\\/edfrozen.com\\\/?s={search_term_string}\"},\"query-input\":{\"@type\":\"PropertyValueSpecification\",\"valueRequired\":true,\"valueName\":\"search_term_string\"}}],\"inLanguage\":\"sq-AL\"},{\"@type\":\"Organization\",\"@id\":\"https:\\\/\\\/edfrozen.com\\\/#organization\",\"name\":\"ED FROZEN\",\"url\":\"https:\\\/\\\/edfrozen.com\\\/\",\"logo\":{\"@type\":\"ImageObject\",\"inLanguage\":\"sq-AL\",\"@id\":\"https:\\\/\\\/edfrozen.com\\\/#\\\/schema\\\/logo\\\/image\\\/\",\"url\":\"https:\\\/\\\/edfrozen.com\\\/wp-content\\\/uploads\\\/2021\\\/11\\\/logo-edfrozen-copy.png\",\"contentUrl\":\"https:\\\/\\\/edfrozen.com\\\/wp-content\\\/uploads\\\/2021\\\/11\\\/logo-edfrozen-copy.png\",\"width\":1017,\"height\":286,\"caption\":\"ED FROZEN\"},\"image\":{\"@id\":\"https:\\\/\\\/edfrozen.com\\\/#\\\/schema\\\/logo\\\/image\\\/\"},\"sameAs\":[\"https:\\\/\\\/www.facebook.com\\\/edfrozenalbania\\\/\"]}]}<\/script>\n<!-- \/ Yoast SEO plugin. -->","yoast_head_json":{"title":"Souffl\u00e9 me \u00e7okollat\u00eb - Ed Frozen","robots":{"index":"index","follow":"follow","max-snippet":"max-snippet:-1","max-image-preview":"max-image-preview:large","max-video-preview":"max-video-preview:-1"},"canonical":"https:\/\/edfrozen.com\/sq\/product\/souffle-me-cokollate\/","og_locale":"sq_AL","og_type":"article","og_title":"Souffl\u00e9 me \u00e7okollat\u00eb - Ed Frozen","og_description":"Sufle me zem\u00ebr \u00e7okollat\u00eb t\u00eb shkrir\u00eb.  Informacioni i produktit           Pesha: 1,20 kg   Porcione: 12   Shkrirja: 2\/3h   Ruajtja: 3 dit\u00eb   Pjekja n\u00eb furr\u00eb: 180\u00b0C 4min   Pjekja n\u00eb Microonde: Pa filxhan alumini: i ngrir\u00eb 50 \", i shkrir\u00eb 20\"","og_url":"https:\/\/edfrozen.com\/sq\/product\/souffle-me-cokollate\/","og_site_name":"Ed Frozen","article_publisher":"https:\/\/www.facebook.com\/edfrozenalbania\/","article_modified_time":"2025-05-27T11:26:54+00:00","og_image":[{"width":800,"height":800,"url":"https:\/\/edfrozen.com\/wp-content\/uploads\/2022\/06\/1467-SOUFFLE-CIOCCOLATO-ALTA-min.jpg","type":"image\/jpeg"}],"twitter_card":"summary_large_image","twitter_misc":{"Est. reading time":"1 minute"},"schema":{"@context":"https:\/\/schema.org","@graph":[{"@type":"WebPage","@id":"https:\/\/edfrozen.com\/sq\/product\/souffle-me-cokollate\/","url":"https:\/\/edfrozen.com\/sq\/product\/souffle-me-cokollate\/","name":"Souffl\u00e9 me \u00e7okollat\u00eb - Ed Frozen","isPartOf":{"@id":"https:\/\/edfrozen.com\/#website"},"primaryImageOfPage":{"@id":"https:\/\/edfrozen.com\/sq\/product\/souffle-me-cokollate\/#primaryimage"},"image":{"@id":"https:\/\/edfrozen.com\/sq\/product\/souffle-me-cokollate\/#primaryimage"},"thumbnailUrl":"https:\/\/edfrozen.com\/wp-content\/uploads\/2022\/06\/1467-SOUFFLE-CIOCCOLATO-ALTA-min.jpg","datePublished":"2022-06-01T21:39:44+00:00","dateModified":"2025-05-27T11:26:54+00:00","breadcrumb":{"@id":"https:\/\/edfrozen.com\/sq\/product\/souffle-me-cokollate\/#breadcrumb"},"inLanguage":"sq-AL","potentialAction":[{"@type":"ReadAction","target":["https:\/\/edfrozen.com\/sq\/product\/souffle-me-cokollate\/"]}]},{"@type":"ImageObject","inLanguage":"sq-AL","@id":"https:\/\/edfrozen.com\/sq\/product\/souffle-me-cokollate\/#primaryimage","url":"https:\/\/edfrozen.com\/wp-content\/uploads\/2022\/06\/1467-SOUFFLE-CIOCCOLATO-ALTA-min.jpg","contentUrl":"https:\/\/edfrozen.com\/wp-content\/uploads\/2022\/06\/1467-SOUFFLE-CIOCCOLATO-ALTA-min.jpg","width":800,"height":800},{"@type":"BreadcrumbList","@id":"https:\/\/edfrozen.com\/sq\/product\/souffle-me-cokollate\/#breadcrumb","itemListElement":[{"@type":"ListItem","position":1,"name":"Home","item":"https:\/\/edfrozen.com\/"},{"@type":"ListItem","position":2,"name":"Shop","item":"https:\/\/edfrozen.com\/?page_id=11590"},{"@type":"ListItem","position":3,"name":"Souffl\u00e9 me \u00e7okollat\u00eb"}]},{"@type":"WebSite","@id":"https:\/\/edfrozen.com\/#website","url":"https:\/\/edfrozen.com\/","name":"Ed Frozen","description":"Food &amp; Distribution in Albania","publisher":{"@id":"https:\/\/edfrozen.com\/#organization"},"potentialAction":[{"@type":"SearchAction","target":{"@type":"EntryPoint","urlTemplate":"https:\/\/edfrozen.com\/?s={search_term_string}"},"query-input":{"@type":"PropertyValueSpecification","valueRequired":true,"valueName":"search_term_string"}}],"inLanguage":"sq-AL"},{"@type":"Organization","@id":"https:\/\/edfrozen.com\/#organization","name":"ED FROZEN","url":"https:\/\/edfrozen.com\/","logo":{"@type":"ImageObject","inLanguage":"sq-AL","@id":"https:\/\/edfrozen.com\/#\/schema\/logo\/image\/","url":"https:\/\/edfrozen.com\/wp-content\/uploads\/2021\/11\/logo-edfrozen-copy.png","contentUrl":"https:\/\/edfrozen.com\/wp-content\/uploads\/2021\/11\/logo-edfrozen-copy.png","width":1017,"height":286,"caption":"ED FROZEN"},"image":{"@id":"https:\/\/edfrozen.com\/#\/schema\/logo\/image\/"},"sameAs":["https:\/\/www.facebook.com\/edfrozenalbania\/"]}]}},"_links":{"self":[{"href":"https:\/\/edfrozen.com\/sq\/wp-json\/wp\/v2\/product\/11294","targetHints":{"allow":["GET"]}}],"collection":[{"href":"https:\/\/edfrozen.com\/sq\/wp-json\/wp\/v2\/product"}],"about":[{"href":"https:\/\/edfrozen.com\/sq\/wp-json\/wp\/v2\/types\/product"}],"wp:featuredmedia":[{"embeddable":true,"href":"https:\/\/edfrozen.com\/sq\/wp-json\/wp\/v2\/media\/10872"}],"wp:attachment":[{"href":"https:\/\/edfrozen.com\/sq\/wp-json\/wp\/v2\/media?parent=11294"}],"wp:term":[{"taxonomy":"product_cat","embeddable":true,"href":"https:\/\/edfrozen.com\/sq\/wp-json\/wp\/v2\/product_cat?post=11294"},{"taxonomy":"product_tag","embeddable":true,"href":"https:\/\/edfrozen.com\/sq\/wp-json\/wp\/v2\/product_tag?post=11294"}],"curies":[{"name":"wp","href":"https:\/\/api.w.org\/{rel}","templated":true}]}}