{"id":11430,"date":"2022-06-07T09:04:35","date_gmt":"2022-06-07T07:04:35","guid":{"rendered":"https:\/\/edfrozen.com\/product\/sorbifacile-al-limone\/"},"modified":"2025-05-28T11:01:14","modified_gmt":"2025-05-28T09:01:14","slug":"sorbifacile-al-limone","status":"publish","type":"product","link":"https:\/\/edfrozen.com\/sq\/product\/sorbifacile-al-limone\/","title":{"rendered":"Sorbeto me limon"},"content":{"rendered":"","protected":false},"excerpt":{"rendered":"<div class=\"s-editable\">\n<div class=\"s-editable\">\n<div class=\"s-editable\">\n<div class=\"s-editable\">\n<div class=\"s-editable\">\n<div class=\"c-product-head__description\">\n<p>Sorbet limoni p\u00ebr t\u00eb pir\u00eb.<\/p>\n<p>900 ml. cod. 1958<br \/>\n4,5 lt. cod. 1959<\/p>\n<p><strong>Informacioni i produktit:<\/strong><\/p>\n<\/div>\n<\/div>\n<\/div>\n<\/div>\n<\/div>\n<\/div>\n<table class=\"style-1\" style=\"height: 195px;\" width=\"644\">\n<tbody>\n<tr>\n<td style=\"text-align: left;\">Shkrirja:<\/td>\n<td><strong>900 ml: 4-5 or\u00eb, 4,5 lt: 8-10 or\u00eb<\/strong><\/td>\n<\/tr>\n<tr>\n<td style=\"text-align: left;\">Ruajtja:<\/td>\n<td><strong>paket\u00eb e mbyllur 30 dit\u00eb \/ paket\u00eb e hapur 5 dit\u00eb<\/strong><\/td>\n<\/tr>\n<tr>\n<td style=\"text-align: left;\">Sugjerim sh\u00ebrbimi:<\/td>\n<td><strong>Shishe: sh\u00ebrbejeni n\u00eb 0\/+4\u00b0C. Tundeni p\u00ebrpara se ta sh\u00ebrbeni. Prodhuesi i sherbetit: -4\/-2\u00b0C. Sh\u00ebrbejeni shum\u00eb t\u00eb ftohur<\/strong><\/td>\n<\/tr>\n<\/tbody>\n<\/table>\n","protected":false},"featured_media":11366,"template":"","meta":{"inline_featured_image":false},"product_cat":[94],"product_tag":[],"class_list":{"0":"post-11430","1":"product","2":"type-product","3":"status-publish","4":"has-post-thumbnail","6":"product_cat-ice-cream-sorbetti","8":"first","9":"instock","10":"shipping-taxable","11":"product-type-simple"},"yoast_head":"<!-- This site is optimized with the Yoast SEO plugin v27.4 - https:\/\/yoast.com\/product\/yoast-seo-wordpress\/ -->\n<title>Sorbeto me limon - Ed Frozen<\/title>\n<meta name=\"robots\" content=\"index, follow, max-snippet:-1, max-image-preview:large, max-video-preview:-1\" \/>\n<link rel=\"canonical\" href=\"https:\/\/edfrozen.com\/sq\/product\/sorbifacile-al-limone\/\" \/>\n<meta property=\"og:locale\" content=\"sq_AL\" \/>\n<meta property=\"og:type\" content=\"article\" \/>\n<meta property=\"og:title\" content=\"Sorbeto me limon - Ed Frozen\" \/>\n<meta property=\"og:description\" content=\"Sorbet limoni p\u00ebr t\u00eb pir\u00eb.  900 ml. cod. 1958 4,5 lt. cod. 1959  Informacioni i produktit:           Shkrirja: 900 ml: 4-5 or\u00eb, 4,5 lt: 8-10 or\u00eb   Ruajtja: paket\u00eb e mbyllur 30 dit\u00eb \/ paket\u00eb e hapur 5 dit\u00eb   Sugjerim sh\u00ebrbimi: Shishe: sh\u00ebrbejeni n\u00eb 0\/+4\u00b0C. Tundeni p\u00ebrpara se ta sh\u00ebrbeni. Prodhuesi i sherbetit: -4\/-2\u00b0C. Sh\u00ebrbejeni shum\u00eb t\u00eb ftohur\" \/>\n<meta property=\"og:url\" content=\"https:\/\/edfrozen.com\/sq\/product\/sorbifacile-al-limone\/\" \/>\n<meta property=\"og:site_name\" content=\"Ed Frozen\" \/>\n<meta property=\"article:publisher\" content=\"https:\/\/www.facebook.com\/edfrozenalbania\/\" \/>\n<meta property=\"article:modified_time\" content=\"2025-05-28T09:01:14+00:00\" \/>\n<meta property=\"og:image\" content=\"https:\/\/edfrozen.com\/wp-content\/uploads\/2022\/06\/p_s_5302156c78fdc_1958_1959-Sorbetti-min.jpg\" \/>\n\t<meta property=\"og:image:width\" content=\"800\" \/>\n\t<meta property=\"og:image:height\" content=\"800\" \/>\n\t<meta property=\"og:image:type\" content=\"image\/jpeg\" \/>\n<meta name=\"twitter:card\" content=\"summary_large_image\" \/>\n<meta name=\"twitter:label1\" content=\"Est. reading time\" \/>\n\t<meta name=\"twitter:data1\" content=\"1 minute\" \/>\n<script type=\"application\/ld+json\" class=\"yoast-schema-graph\">{\"@context\":\"https:\\\/\\\/schema.org\",\"@graph\":[{\"@type\":\"WebPage\",\"@id\":\"https:\\\/\\\/edfrozen.com\\\/sq\\\/product\\\/sorbifacile-al-limone\\\/\",\"url\":\"https:\\\/\\\/edfrozen.com\\\/sq\\\/product\\\/sorbifacile-al-limone\\\/\",\"name\":\"Sorbeto me limon - Ed Frozen\",\"isPartOf\":{\"@id\":\"https:\\\/\\\/edfrozen.com\\\/#website\"},\"primaryImageOfPage\":{\"@id\":\"https:\\\/\\\/edfrozen.com\\\/sq\\\/product\\\/sorbifacile-al-limone\\\/#primaryimage\"},\"image\":{\"@id\":\"https:\\\/\\\/edfrozen.com\\\/sq\\\/product\\\/sorbifacile-al-limone\\\/#primaryimage\"},\"thumbnailUrl\":\"https:\\\/\\\/edfrozen.com\\\/wp-content\\\/uploads\\\/2022\\\/06\\\/p_s_5302156c78fdc_1958_1959-Sorbetti-min.jpg\",\"datePublished\":\"2022-06-07T07:04:35+00:00\",\"dateModified\":\"2025-05-28T09:01:14+00:00\",\"breadcrumb\":{\"@id\":\"https:\\\/\\\/edfrozen.com\\\/sq\\\/product\\\/sorbifacile-al-limone\\\/#breadcrumb\"},\"inLanguage\":\"sq-AL\",\"potentialAction\":[{\"@type\":\"ReadAction\",\"target\":[\"https:\\\/\\\/edfrozen.com\\\/sq\\\/product\\\/sorbifacile-al-limone\\\/\"]}]},{\"@type\":\"ImageObject\",\"inLanguage\":\"sq-AL\",\"@id\":\"https:\\\/\\\/edfrozen.com\\\/sq\\\/product\\\/sorbifacile-al-limone\\\/#primaryimage\",\"url\":\"https:\\\/\\\/edfrozen.com\\\/wp-content\\\/uploads\\\/2022\\\/06\\\/p_s_5302156c78fdc_1958_1959-Sorbetti-min.jpg\",\"contentUrl\":\"https:\\\/\\\/edfrozen.com\\\/wp-content\\\/uploads\\\/2022\\\/06\\\/p_s_5302156c78fdc_1958_1959-Sorbetti-min.jpg\",\"width\":800,\"height\":800},{\"@type\":\"BreadcrumbList\",\"@id\":\"https:\\\/\\\/edfrozen.com\\\/sq\\\/product\\\/sorbifacile-al-limone\\\/#breadcrumb\",\"itemListElement\":[{\"@type\":\"ListItem\",\"position\":1,\"name\":\"Home\",\"item\":\"https:\\\/\\\/edfrozen.com\\\/\"},{\"@type\":\"ListItem\",\"position\":2,\"name\":\"Shop\",\"item\":\"https:\\\/\\\/edfrozen.com\\\/?page_id=11590\"},{\"@type\":\"ListItem\",\"position\":3,\"name\":\"Sorbeto me limon\"}]},{\"@type\":\"WebSite\",\"@id\":\"https:\\\/\\\/edfrozen.com\\\/#website\",\"url\":\"https:\\\/\\\/edfrozen.com\\\/\",\"name\":\"Ed Frozen\",\"description\":\"Food &amp; Distribution in Albania\",\"publisher\":{\"@id\":\"https:\\\/\\\/edfrozen.com\\\/#organization\"},\"potentialAction\":[{\"@type\":\"SearchAction\",\"target\":{\"@type\":\"EntryPoint\",\"urlTemplate\":\"https:\\\/\\\/edfrozen.com\\\/?s={search_term_string}\"},\"query-input\":{\"@type\":\"PropertyValueSpecification\",\"valueRequired\":true,\"valueName\":\"search_term_string\"}}],\"inLanguage\":\"sq-AL\"},{\"@type\":\"Organization\",\"@id\":\"https:\\\/\\\/edfrozen.com\\\/#organization\",\"name\":\"ED FROZEN\",\"url\":\"https:\\\/\\\/edfrozen.com\\\/\",\"logo\":{\"@type\":\"ImageObject\",\"inLanguage\":\"sq-AL\",\"@id\":\"https:\\\/\\\/edfrozen.com\\\/#\\\/schema\\\/logo\\\/image\\\/\",\"url\":\"https:\\\/\\\/edfrozen.com\\\/wp-content\\\/uploads\\\/2021\\\/11\\\/logo-edfrozen-copy.png\",\"contentUrl\":\"https:\\\/\\\/edfrozen.com\\\/wp-content\\\/uploads\\\/2021\\\/11\\\/logo-edfrozen-copy.png\",\"width\":1017,\"height\":286,\"caption\":\"ED FROZEN\"},\"image\":{\"@id\":\"https:\\\/\\\/edfrozen.com\\\/#\\\/schema\\\/logo\\\/image\\\/\"},\"sameAs\":[\"https:\\\/\\\/www.facebook.com\\\/edfrozenalbania\\\/\"]}]}<\/script>\n<!-- \/ Yoast SEO plugin. -->","yoast_head_json":{"title":"Sorbeto me limon - Ed Frozen","robots":{"index":"index","follow":"follow","max-snippet":"max-snippet:-1","max-image-preview":"max-image-preview:large","max-video-preview":"max-video-preview:-1"},"canonical":"https:\/\/edfrozen.com\/sq\/product\/sorbifacile-al-limone\/","og_locale":"sq_AL","og_type":"article","og_title":"Sorbeto me limon - Ed Frozen","og_description":"Sorbet limoni p\u00ebr t\u00eb pir\u00eb.  900 ml. cod. 1958 4,5 lt. cod. 1959  Informacioni i produktit:           Shkrirja: 900 ml: 4-5 or\u00eb, 4,5 lt: 8-10 or\u00eb   Ruajtja: paket\u00eb e mbyllur 30 dit\u00eb \/ paket\u00eb e hapur 5 dit\u00eb   Sugjerim sh\u00ebrbimi: Shishe: sh\u00ebrbejeni n\u00eb 0\/+4\u00b0C. Tundeni p\u00ebrpara se ta sh\u00ebrbeni. Prodhuesi i sherbetit: -4\/-2\u00b0C. Sh\u00ebrbejeni shum\u00eb t\u00eb ftohur","og_url":"https:\/\/edfrozen.com\/sq\/product\/sorbifacile-al-limone\/","og_site_name":"Ed Frozen","article_publisher":"https:\/\/www.facebook.com\/edfrozenalbania\/","article_modified_time":"2025-05-28T09:01:14+00:00","og_image":[{"width":800,"height":800,"url":"https:\/\/edfrozen.com\/wp-content\/uploads\/2022\/06\/p_s_5302156c78fdc_1958_1959-Sorbetti-min.jpg","type":"image\/jpeg"}],"twitter_card":"summary_large_image","twitter_misc":{"Est. reading time":"1 minute"},"schema":{"@context":"https:\/\/schema.org","@graph":[{"@type":"WebPage","@id":"https:\/\/edfrozen.com\/sq\/product\/sorbifacile-al-limone\/","url":"https:\/\/edfrozen.com\/sq\/product\/sorbifacile-al-limone\/","name":"Sorbeto me limon - Ed Frozen","isPartOf":{"@id":"https:\/\/edfrozen.com\/#website"},"primaryImageOfPage":{"@id":"https:\/\/edfrozen.com\/sq\/product\/sorbifacile-al-limone\/#primaryimage"},"image":{"@id":"https:\/\/edfrozen.com\/sq\/product\/sorbifacile-al-limone\/#primaryimage"},"thumbnailUrl":"https:\/\/edfrozen.com\/wp-content\/uploads\/2022\/06\/p_s_5302156c78fdc_1958_1959-Sorbetti-min.jpg","datePublished":"2022-06-07T07:04:35+00:00","dateModified":"2025-05-28T09:01:14+00:00","breadcrumb":{"@id":"https:\/\/edfrozen.com\/sq\/product\/sorbifacile-al-limone\/#breadcrumb"},"inLanguage":"sq-AL","potentialAction":[{"@type":"ReadAction","target":["https:\/\/edfrozen.com\/sq\/product\/sorbifacile-al-limone\/"]}]},{"@type":"ImageObject","inLanguage":"sq-AL","@id":"https:\/\/edfrozen.com\/sq\/product\/sorbifacile-al-limone\/#primaryimage","url":"https:\/\/edfrozen.com\/wp-content\/uploads\/2022\/06\/p_s_5302156c78fdc_1958_1959-Sorbetti-min.jpg","contentUrl":"https:\/\/edfrozen.com\/wp-content\/uploads\/2022\/06\/p_s_5302156c78fdc_1958_1959-Sorbetti-min.jpg","width":800,"height":800},{"@type":"BreadcrumbList","@id":"https:\/\/edfrozen.com\/sq\/product\/sorbifacile-al-limone\/#breadcrumb","itemListElement":[{"@type":"ListItem","position":1,"name":"Home","item":"https:\/\/edfrozen.com\/"},{"@type":"ListItem","position":2,"name":"Shop","item":"https:\/\/edfrozen.com\/?page_id=11590"},{"@type":"ListItem","position":3,"name":"Sorbeto me limon"}]},{"@type":"WebSite","@id":"https:\/\/edfrozen.com\/#website","url":"https:\/\/edfrozen.com\/","name":"Ed Frozen","description":"Food &amp; Distribution in Albania","publisher":{"@id":"https:\/\/edfrozen.com\/#organization"},"potentialAction":[{"@type":"SearchAction","target":{"@type":"EntryPoint","urlTemplate":"https:\/\/edfrozen.com\/?s={search_term_string}"},"query-input":{"@type":"PropertyValueSpecification","valueRequired":true,"valueName":"search_term_string"}}],"inLanguage":"sq-AL"},{"@type":"Organization","@id":"https:\/\/edfrozen.com\/#organization","name":"ED FROZEN","url":"https:\/\/edfrozen.com\/","logo":{"@type":"ImageObject","inLanguage":"sq-AL","@id":"https:\/\/edfrozen.com\/#\/schema\/logo\/image\/","url":"https:\/\/edfrozen.com\/wp-content\/uploads\/2021\/11\/logo-edfrozen-copy.png","contentUrl":"https:\/\/edfrozen.com\/wp-content\/uploads\/2021\/11\/logo-edfrozen-copy.png","width":1017,"height":286,"caption":"ED FROZEN"},"image":{"@id":"https:\/\/edfrozen.com\/#\/schema\/logo\/image\/"},"sameAs":["https:\/\/www.facebook.com\/edfrozenalbania\/"]}]}},"_links":{"self":[{"href":"https:\/\/edfrozen.com\/sq\/wp-json\/wp\/v2\/product\/11430","targetHints":{"allow":["GET"]}}],"collection":[{"href":"https:\/\/edfrozen.com\/sq\/wp-json\/wp\/v2\/product"}],"about":[{"href":"https:\/\/edfrozen.com\/sq\/wp-json\/wp\/v2\/types\/product"}],"wp:featuredmedia":[{"embeddable":true,"href":"https:\/\/edfrozen.com\/sq\/wp-json\/wp\/v2\/media\/11366"}],"wp:attachment":[{"href":"https:\/\/edfrozen.com\/sq\/wp-json\/wp\/v2\/media?parent=11430"}],"wp:term":[{"taxonomy":"product_cat","embeddable":true,"href":"https:\/\/edfrozen.com\/sq\/wp-json\/wp\/v2\/product_cat?post=11430"},{"taxonomy":"product_tag","embeddable":true,"href":"https:\/\/edfrozen.com\/sq\/wp-json\/wp\/v2\/product_tag?post=11430"}],"curies":[{"name":"wp","href":"https:\/\/api.w.org\/{rel}","templated":true}]}}