{"id":12392,"date":"2025-06-11T14:08:16","date_gmt":"2025-06-11T12:08:16","guid":{"rendered":"https:\/\/edfrozen.com\/product\/tortellini-with-meat-pre-cooked\/"},"modified":"2025-06-16T14:33:25","modified_gmt":"2025-06-16T12:33:25","slug":"tortellini-me-mish-te-parapergatitur","status":"publish","type":"product","link":"https:\/\/edfrozen.com\/sq\/product\/tortellini-me-mish-te-parapergatitur\/","title":{"rendered":"Tortellini me mish t\u00eb parap\u00ebrgatitur"},"content":{"rendered":"","protected":false},"excerpt":{"rendered":"<div class=\"s-editable\">\n<div class=\"s-editable\">\n<div class=\"s-editable\">\n<div class=\"s-editable\">\n<p><strong>P\u00ebrb\u00ebr\u00ebsit:<\/strong> Semolina gruri durum, vez\u00eb 18.5%, uj\u00eb.<\/p>\n<p><strong>P\u00ebrb\u00ebr\u00ebsit e mbushjes: <\/strong>Mortadella (mish derri, krip\u00eb, er\u00ebza dhe bim\u00eb aromatike, antioksidant\u00eb: askorbat natriumi, acid askorbik, konservues: nitrit natriumi), buk\u00eb e thekur (miell gruri i but\u00eb tipi &#8220;0&#8221;, uj\u00eb, krip\u00eb, maja birre), mish 22% (mish gjeldeti, mish derri), Parmigiano Reggiano DOP (qum\u00ebsht, krip\u00eb, mull\u00ebz), djath\u00eb (qum\u00ebsht, krip\u00eb, mull\u00ebz), vez\u00eb, p\u00ebrzierje l\u00ebngu (krip\u00eb, shurup glukoze, miell orizi, thekon patateje, perime t\u00eb dehidratuara n\u00eb p\u00ebrmasa t\u00eb ndryshme (qep\u00eb, karrot\u00eb, selino, presh, domate)), vaj farash luledielli, ver\u00eb, krip\u00eb, er\u00ebza, hudh\u00ebr, rozmarin\u00eb, uj\u00eb.<\/p>\n<p>Mund t\u00eb p\u00ebrmbaj\u00eb: mustard\u00eb, soj\u00eb.<\/p>\n<\/div>\n<\/div>\n<\/div>\n<\/div>\n<p><strong>Informacion mbi Produktin<\/strong><\/p>\n<table class=\"style-1\" style=\"height: 195px;\" width=\"644\">\n<tbody>\n<tr>\n<td style=\"text-align: left;\">Koha e ruajtjes (-18 \u00b0 C):<\/td>\n<td>18 muaj<\/td>\n<\/tr>\n<tr>\n<td style=\"text-align: left;\">Pesha p\u00ebr cop\u00eb:<\/td>\n<td>4.0g<\/td>\n<\/tr>\n<tr>\n<td style=\"text-align: left;\">Rendimenti i porcionit pas gatimit:<\/td>\n<td>10<\/td>\n<\/tr>\n<tr>\n<td style=\"text-align: left;\">P\u00ebrqindja e makaronave (%):<\/td>\n<td>68<\/td>\n<\/tr>\n<tr>\n<td style=\"text-align: left;\">P\u00ebrqindja e mbushjes (%):<\/td>\n<td>32<\/td>\n<\/tr>\n<\/tbody>\n<\/table>\n","protected":false},"featured_media":12350,"template":"","meta":{"inline_featured_image":false},"product_cat":[89],"product_tag":[],"class_list":{"0":"post-12392","1":"product","2":"type-product","3":"status-publish","4":"has-post-thumbnail","6":"product_cat-pre-cooked-pasta-sq","8":"first","9":"instock","10":"shipping-taxable","11":"product-type-simple"},"yoast_head":"<!-- This site is optimized with the Yoast SEO plugin v27.4 - https:\/\/yoast.com\/product\/yoast-seo-wordpress\/ -->\n<title>Tortellini me mish t\u00eb parap\u00ebrgatitur - Ed Frozen<\/title>\n<meta name=\"robots\" content=\"index, follow, max-snippet:-1, max-image-preview:large, max-video-preview:-1\" \/>\n<link rel=\"canonical\" href=\"https:\/\/edfrozen.com\/sq\/product\/tortellini-me-mish-te-parapergatitur\/\" \/>\n<meta property=\"og:locale\" content=\"sq_AL\" \/>\n<meta property=\"og:type\" content=\"article\" \/>\n<meta property=\"og:title\" content=\"Tortellini me mish t\u00eb parap\u00ebrgatitur - Ed Frozen\" \/>\n<meta property=\"og:description\" content=\"P\u00ebrb\u00ebr\u00ebsit: Semolina gruri durum, vez\u00eb 18.5%, uj\u00eb.  P\u00ebrb\u00ebr\u00ebsit e mbushjes: Mortadella (mish derri, krip\u00eb, er\u00ebza dhe bim\u00eb aromatike, antioksidant\u00eb: askorbat natriumi, acid askorbik, konservues: nitrit natriumi), buk\u00eb e thekur (miell gruri i but\u00eb tipi &quot;0&quot;, uj\u00eb, krip\u00eb, maja birre), mish 22% (mish gjeldeti, mish derri), Parmigiano Reggiano DOP (qum\u00ebsht, krip\u00eb, mull\u00ebz), djath\u00eb (qum\u00ebsht, krip\u00eb, mull\u00ebz), vez\u00eb, p\u00ebrzierje l\u00ebngu (krip\u00eb, shurup glukoze, miell orizi, thekon patateje, perime t\u00eb dehidratuara n\u00eb p\u00ebrmasa t\u00eb ndryshme (qep\u00eb, karrot\u00eb, selino, presh, domate)), vaj farash luledielli, ver\u00eb, krip\u00eb, er\u00ebza, hudh\u00ebr, rozmarin\u00eb, uj\u00eb.  Mund t\u00eb p\u00ebrmbaj\u00eb: mustard\u00eb, soj\u00eb.      Informacion mbi Produktin    Koha e ruajtjes (-18 \u00b0 C): 18 muaj   Pesha p\u00ebr cop\u00eb: 4.0g   Rendimenti i porcionit pas gatimit: 10   P\u00ebrqindja e makaronave (%): 68   P\u00ebrqindja e mbushjes (%): 32\" \/>\n<meta property=\"og:url\" content=\"https:\/\/edfrozen.com\/sq\/product\/tortellini-me-mish-te-parapergatitur\/\" \/>\n<meta property=\"og:site_name\" content=\"Ed Frozen\" \/>\n<meta property=\"article:publisher\" content=\"https:\/\/www.facebook.com\/edfrozenalbania\/\" \/>\n<meta property=\"article:modified_time\" content=\"2025-06-16T12:33:25+00:00\" \/>\n<meta property=\"og:image\" content=\"https:\/\/edfrozen.com\/wp-content\/uploads\/2025\/06\/pastasi-soluzioni-express-tortellini-alla-carne-precotti-p511-11.png\" \/>\n\t<meta property=\"og:image:width\" content=\"1000\" \/>\n\t<meta property=\"og:image:height\" content=\"1000\" \/>\n\t<meta property=\"og:image:type\" content=\"image\/png\" \/>\n<meta name=\"twitter:card\" content=\"summary_large_image\" \/>\n<meta name=\"twitter:label1\" content=\"Est. reading time\" \/>\n\t<meta name=\"twitter:data1\" content=\"1 minute\" \/>\n<script type=\"application\/ld+json\" class=\"yoast-schema-graph\">{\"@context\":\"https:\\\/\\\/schema.org\",\"@graph\":[{\"@type\":\"WebPage\",\"@id\":\"https:\\\/\\\/edfrozen.com\\\/sq\\\/product\\\/tortellini-me-mish-te-parapergatitur\\\/\",\"url\":\"https:\\\/\\\/edfrozen.com\\\/sq\\\/product\\\/tortellini-me-mish-te-parapergatitur\\\/\",\"name\":\"Tortellini me mish t\u00eb parap\u00ebrgatitur - Ed Frozen\",\"isPartOf\":{\"@id\":\"https:\\\/\\\/edfrozen.com\\\/#website\"},\"primaryImageOfPage\":{\"@id\":\"https:\\\/\\\/edfrozen.com\\\/sq\\\/product\\\/tortellini-me-mish-te-parapergatitur\\\/#primaryimage\"},\"image\":{\"@id\":\"https:\\\/\\\/edfrozen.com\\\/sq\\\/product\\\/tortellini-me-mish-te-parapergatitur\\\/#primaryimage\"},\"thumbnailUrl\":\"https:\\\/\\\/edfrozen.com\\\/wp-content\\\/uploads\\\/2025\\\/06\\\/pastasi-soluzioni-express-tortellini-alla-carne-precotti-p511-11.png\",\"datePublished\":\"2025-06-11T12:08:16+00:00\",\"dateModified\":\"2025-06-16T12:33:25+00:00\",\"breadcrumb\":{\"@id\":\"https:\\\/\\\/edfrozen.com\\\/sq\\\/product\\\/tortellini-me-mish-te-parapergatitur\\\/#breadcrumb\"},\"inLanguage\":\"sq-AL\",\"potentialAction\":[{\"@type\":\"ReadAction\",\"target\":[\"https:\\\/\\\/edfrozen.com\\\/sq\\\/product\\\/tortellini-me-mish-te-parapergatitur\\\/\"]}]},{\"@type\":\"ImageObject\",\"inLanguage\":\"sq-AL\",\"@id\":\"https:\\\/\\\/edfrozen.com\\\/sq\\\/product\\\/tortellini-me-mish-te-parapergatitur\\\/#primaryimage\",\"url\":\"https:\\\/\\\/edfrozen.com\\\/wp-content\\\/uploads\\\/2025\\\/06\\\/pastasi-soluzioni-express-tortellini-alla-carne-precotti-p511-11.png\",\"contentUrl\":\"https:\\\/\\\/edfrozen.com\\\/wp-content\\\/uploads\\\/2025\\\/06\\\/pastasi-soluzioni-express-tortellini-alla-carne-precotti-p511-11.png\",\"width\":1000,\"height\":1000},{\"@type\":\"BreadcrumbList\",\"@id\":\"https:\\\/\\\/edfrozen.com\\\/sq\\\/product\\\/tortellini-me-mish-te-parapergatitur\\\/#breadcrumb\",\"itemListElement\":[{\"@type\":\"ListItem\",\"position\":1,\"name\":\"Home\",\"item\":\"https:\\\/\\\/edfrozen.com\\\/\"},{\"@type\":\"ListItem\",\"position\":2,\"name\":\"Shop\",\"item\":\"https:\\\/\\\/edfrozen.com\\\/?page_id=11590\"},{\"@type\":\"ListItem\",\"position\":3,\"name\":\"Tortellini me mish t\u00eb parap\u00ebrgatitur\"}]},{\"@type\":\"WebSite\",\"@id\":\"https:\\\/\\\/edfrozen.com\\\/#website\",\"url\":\"https:\\\/\\\/edfrozen.com\\\/\",\"name\":\"Ed Frozen\",\"description\":\"Food &amp; Distribution in Albania\",\"publisher\":{\"@id\":\"https:\\\/\\\/edfrozen.com\\\/#organization\"},\"potentialAction\":[{\"@type\":\"SearchAction\",\"target\":{\"@type\":\"EntryPoint\",\"urlTemplate\":\"https:\\\/\\\/edfrozen.com\\\/?s={search_term_string}\"},\"query-input\":{\"@type\":\"PropertyValueSpecification\",\"valueRequired\":true,\"valueName\":\"search_term_string\"}}],\"inLanguage\":\"sq-AL\"},{\"@type\":\"Organization\",\"@id\":\"https:\\\/\\\/edfrozen.com\\\/#organization\",\"name\":\"ED FROZEN\",\"url\":\"https:\\\/\\\/edfrozen.com\\\/\",\"logo\":{\"@type\":\"ImageObject\",\"inLanguage\":\"sq-AL\",\"@id\":\"https:\\\/\\\/edfrozen.com\\\/#\\\/schema\\\/logo\\\/image\\\/\",\"url\":\"https:\\\/\\\/edfrozen.com\\\/wp-content\\\/uploads\\\/2021\\\/11\\\/logo-edfrozen-copy.png\",\"contentUrl\":\"https:\\\/\\\/edfrozen.com\\\/wp-content\\\/uploads\\\/2021\\\/11\\\/logo-edfrozen-copy.png\",\"width\":1017,\"height\":286,\"caption\":\"ED FROZEN\"},\"image\":{\"@id\":\"https:\\\/\\\/edfrozen.com\\\/#\\\/schema\\\/logo\\\/image\\\/\"},\"sameAs\":[\"https:\\\/\\\/www.facebook.com\\\/edfrozenalbania\\\/\"]}]}<\/script>\n<!-- \/ Yoast SEO plugin. -->","yoast_head_json":{"title":"Tortellini me mish t\u00eb parap\u00ebrgatitur - Ed Frozen","robots":{"index":"index","follow":"follow","max-snippet":"max-snippet:-1","max-image-preview":"max-image-preview:large","max-video-preview":"max-video-preview:-1"},"canonical":"https:\/\/edfrozen.com\/sq\/product\/tortellini-me-mish-te-parapergatitur\/","og_locale":"sq_AL","og_type":"article","og_title":"Tortellini me mish t\u00eb parap\u00ebrgatitur - Ed Frozen","og_description":"P\u00ebrb\u00ebr\u00ebsit: Semolina gruri durum, vez\u00eb 18.5%, uj\u00eb.  P\u00ebrb\u00ebr\u00ebsit e mbushjes: Mortadella (mish derri, krip\u00eb, er\u00ebza dhe bim\u00eb aromatike, antioksidant\u00eb: askorbat natriumi, acid askorbik, konservues: nitrit natriumi), buk\u00eb e thekur (miell gruri i but\u00eb tipi \"0\", uj\u00eb, krip\u00eb, maja birre), mish 22% (mish gjeldeti, mish derri), Parmigiano Reggiano DOP (qum\u00ebsht, krip\u00eb, mull\u00ebz), djath\u00eb (qum\u00ebsht, krip\u00eb, mull\u00ebz), vez\u00eb, p\u00ebrzierje l\u00ebngu (krip\u00eb, shurup glukoze, miell orizi, thekon patateje, perime t\u00eb dehidratuara n\u00eb p\u00ebrmasa t\u00eb ndryshme (qep\u00eb, karrot\u00eb, selino, presh, domate)), vaj farash luledielli, ver\u00eb, krip\u00eb, er\u00ebza, hudh\u00ebr, rozmarin\u00eb, uj\u00eb.  Mund t\u00eb p\u00ebrmbaj\u00eb: mustard\u00eb, soj\u00eb.      Informacion mbi Produktin    Koha e ruajtjes (-18 \u00b0 C): 18 muaj   Pesha p\u00ebr cop\u00eb: 4.0g   Rendimenti i porcionit pas gatimit: 10   P\u00ebrqindja e makaronave (%): 68   P\u00ebrqindja e mbushjes (%): 32","og_url":"https:\/\/edfrozen.com\/sq\/product\/tortellini-me-mish-te-parapergatitur\/","og_site_name":"Ed Frozen","article_publisher":"https:\/\/www.facebook.com\/edfrozenalbania\/","article_modified_time":"2025-06-16T12:33:25+00:00","og_image":[{"width":1000,"height":1000,"url":"https:\/\/edfrozen.com\/wp-content\/uploads\/2025\/06\/pastasi-soluzioni-express-tortellini-alla-carne-precotti-p511-11.png","type":"image\/png"}],"twitter_card":"summary_large_image","twitter_misc":{"Est. reading time":"1 minute"},"schema":{"@context":"https:\/\/schema.org","@graph":[{"@type":"WebPage","@id":"https:\/\/edfrozen.com\/sq\/product\/tortellini-me-mish-te-parapergatitur\/","url":"https:\/\/edfrozen.com\/sq\/product\/tortellini-me-mish-te-parapergatitur\/","name":"Tortellini me mish t\u00eb parap\u00ebrgatitur - Ed Frozen","isPartOf":{"@id":"https:\/\/edfrozen.com\/#website"},"primaryImageOfPage":{"@id":"https:\/\/edfrozen.com\/sq\/product\/tortellini-me-mish-te-parapergatitur\/#primaryimage"},"image":{"@id":"https:\/\/edfrozen.com\/sq\/product\/tortellini-me-mish-te-parapergatitur\/#primaryimage"},"thumbnailUrl":"https:\/\/edfrozen.com\/wp-content\/uploads\/2025\/06\/pastasi-soluzioni-express-tortellini-alla-carne-precotti-p511-11.png","datePublished":"2025-06-11T12:08:16+00:00","dateModified":"2025-06-16T12:33:25+00:00","breadcrumb":{"@id":"https:\/\/edfrozen.com\/sq\/product\/tortellini-me-mish-te-parapergatitur\/#breadcrumb"},"inLanguage":"sq-AL","potentialAction":[{"@type":"ReadAction","target":["https:\/\/edfrozen.com\/sq\/product\/tortellini-me-mish-te-parapergatitur\/"]}]},{"@type":"ImageObject","inLanguage":"sq-AL","@id":"https:\/\/edfrozen.com\/sq\/product\/tortellini-me-mish-te-parapergatitur\/#primaryimage","url":"https:\/\/edfrozen.com\/wp-content\/uploads\/2025\/06\/pastasi-soluzioni-express-tortellini-alla-carne-precotti-p511-11.png","contentUrl":"https:\/\/edfrozen.com\/wp-content\/uploads\/2025\/06\/pastasi-soluzioni-express-tortellini-alla-carne-precotti-p511-11.png","width":1000,"height":1000},{"@type":"BreadcrumbList","@id":"https:\/\/edfrozen.com\/sq\/product\/tortellini-me-mish-te-parapergatitur\/#breadcrumb","itemListElement":[{"@type":"ListItem","position":1,"name":"Home","item":"https:\/\/edfrozen.com\/"},{"@type":"ListItem","position":2,"name":"Shop","item":"https:\/\/edfrozen.com\/?page_id=11590"},{"@type":"ListItem","position":3,"name":"Tortellini me mish t\u00eb parap\u00ebrgatitur"}]},{"@type":"WebSite","@id":"https:\/\/edfrozen.com\/#website","url":"https:\/\/edfrozen.com\/","name":"Ed Frozen","description":"Food &amp; Distribution in Albania","publisher":{"@id":"https:\/\/edfrozen.com\/#organization"},"potentialAction":[{"@type":"SearchAction","target":{"@type":"EntryPoint","urlTemplate":"https:\/\/edfrozen.com\/?s={search_term_string}"},"query-input":{"@type":"PropertyValueSpecification","valueRequired":true,"valueName":"search_term_string"}}],"inLanguage":"sq-AL"},{"@type":"Organization","@id":"https:\/\/edfrozen.com\/#organization","name":"ED FROZEN","url":"https:\/\/edfrozen.com\/","logo":{"@type":"ImageObject","inLanguage":"sq-AL","@id":"https:\/\/edfrozen.com\/#\/schema\/logo\/image\/","url":"https:\/\/edfrozen.com\/wp-content\/uploads\/2021\/11\/logo-edfrozen-copy.png","contentUrl":"https:\/\/edfrozen.com\/wp-content\/uploads\/2021\/11\/logo-edfrozen-copy.png","width":1017,"height":286,"caption":"ED FROZEN"},"image":{"@id":"https:\/\/edfrozen.com\/#\/schema\/logo\/image\/"},"sameAs":["https:\/\/www.facebook.com\/edfrozenalbania\/"]}]}},"_links":{"self":[{"href":"https:\/\/edfrozen.com\/sq\/wp-json\/wp\/v2\/product\/12392","targetHints":{"allow":["GET"]}}],"collection":[{"href":"https:\/\/edfrozen.com\/sq\/wp-json\/wp\/v2\/product"}],"about":[{"href":"https:\/\/edfrozen.com\/sq\/wp-json\/wp\/v2\/types\/product"}],"wp:featuredmedia":[{"embeddable":true,"href":"https:\/\/edfrozen.com\/sq\/wp-json\/wp\/v2\/media\/12350"}],"wp:attachment":[{"href":"https:\/\/edfrozen.com\/sq\/wp-json\/wp\/v2\/media?parent=12392"}],"wp:term":[{"taxonomy":"product_cat","embeddable":true,"href":"https:\/\/edfrozen.com\/sq\/wp-json\/wp\/v2\/product_cat?post=12392"},{"taxonomy":"product_tag","embeddable":true,"href":"https:\/\/edfrozen.com\/sq\/wp-json\/wp\/v2\/product_tag?post=12392"}],"curies":[{"name":"wp","href":"https:\/\/api.w.org\/{rel}","templated":true}]}}