{"id":12420,"date":"2025-06-10T14:02:22","date_gmt":"2025-06-10T12:02:22","guid":{"rendered":"https:\/\/edfrozen.com\/product\/bauletti-with-ricotta-cheese-sheep-and-pistachios-sicily\/"},"modified":"2025-06-16T16:49:12","modified_gmt":"2025-06-16T14:49:12","slug":"bauletti-me-djathe-rikota-deleje-dhe-pistak-sicilie","status":"publish","type":"product","link":"https:\/\/edfrozen.com\/sq\/product\/bauletti-me-djathe-rikota-deleje-dhe-pistak-sicilie\/","title":{"rendered":"Bauletti\u00ae me djath\u00eb rikota deleje dhe pistak Si\u00e7ilie"},"content":{"rendered":"","protected":false},"excerpt":{"rendered":"<div class=\"s-editable\">\n<p><strong>P\u00ebrshkrimi<\/strong>: \u201cAri i gjelb\u00ebr\u201d, ky \u00ebsht\u00eb emri i dh\u00ebn\u00eb fistikut t\u00eb gjelb\u00ebr t\u00eb Si\u00e7ilis\u00eb, nj\u00eb frut me nj\u00eb shije t\u00eb \u00ebmb\u00ebl, delikate dhe aromatike, i njohur universalisht si unik dhe k\u00ebtu i kombinuar me rikot\u00eb t\u00eb shijshme deleje.<\/p>\n<p><strong>P\u00ebrb\u00ebr\u00ebsit<\/strong>: Semolin\u00eb gruri durum, vez\u00eb t\u00eb pul\u00ebs s\u00eb lir\u00eb 29%.<\/p>\n<p><strong>P\u00ebrb\u00ebr\u00ebsit e mbushjes:<\/strong> Rikot\u00eb deleje 86% (hirr\u00eb qum\u00ebshti deleje, qum\u00ebsht deleje, krip\u00eb), fistik\u00eb 9%, th\u00ebrrime buke (miell gruri i but\u00eb tipi &#8220;0&#8221;, uj\u00eb, krip\u00eb, maja birre), krip\u00eb, piper.<\/p>\n<p>Mund t\u00eb p\u00ebrmbaj\u00eb: mustard\u00eb, soj\u00eb.<\/p>\n<p><strong>Informacion mbi Produktin<\/strong><\/p>\n<\/div>\n<table class=\"style-1\" style=\"height: 195px;\" width=\"644\">\n<tbody>\n<tr>\n<td style=\"text-align: left;\">Koha e ruajtjes (-18 \u00b0 C):<\/td>\n<td>18 muaj<\/td>\n<\/tr>\n<tr>\n<td style=\"text-align: left;\">Rendimenti p\u00ebr porcion pas gatimit (%):<\/td>\n<td>20<\/td>\n<\/tr>\n<tr>\n<td style=\"text-align: left;\">Pesha p\u00ebr cop\u00eb:<\/td>\n<td>18 to 23 g<\/td>\n<\/tr>\n<tr>\n<td style=\"text-align: left;\">Lart\u00ebsia e nj\u00eb pjese:<\/td>\n<td>55 to 65 mm<\/td>\n<\/tr>\n<tr>\n<td style=\"text-align: left;\">Gjer\u00ebsia e nj\u00eb pjese:<\/td>\n<td>40 to 50 mm<\/td>\n<\/tr>\n<tr>\n<td style=\"text-align: left;\">P\u00ebrqindja e makaronave (%):<\/td>\n<td>38<\/td>\n<\/tr>\n<tr>\n<td style=\"text-align: left;\">P\u00ebrqindja e mbushjes (%):<\/td>\n<td>62<\/td>\n<\/tr>\n<\/tbody>\n<\/table>\n","protected":false},"featured_media":12307,"template":"","meta":{"inline_featured_image":false},"product_cat":[87],"product_tag":[],"class_list":{"0":"post-12420","1":"product","2":"type-product","3":"status-publish","4":"has-post-thumbnail","6":"product_cat-pasta-gourmet-sq","8":"first","9":"instock","10":"shipping-taxable","11":"product-type-simple"},"yoast_head":"<!-- This site is optimized with the Yoast SEO plugin v27.4 - https:\/\/yoast.com\/product\/yoast-seo-wordpress\/ -->\n<title>Bauletti\u00ae me djath\u00eb rikota deleje dhe pistak Si\u00e7ilie - Ed Frozen<\/title>\n<meta name=\"robots\" content=\"index, follow, max-snippet:-1, max-image-preview:large, max-video-preview:-1\" \/>\n<link rel=\"canonical\" href=\"https:\/\/edfrozen.com\/sq\/product\/bauletti-me-djathe-rikota-deleje-dhe-pistak-sicilie\/\" \/>\n<meta property=\"og:locale\" content=\"sq_AL\" \/>\n<meta property=\"og:type\" content=\"article\" \/>\n<meta property=\"og:title\" content=\"Bauletti\u00ae me djath\u00eb rikota deleje dhe pistak Si\u00e7ilie - Ed Frozen\" \/>\n<meta property=\"og:description\" content=\"P\u00ebrshkrimi: \u201cAri i gjelb\u00ebr\u201d, ky \u00ebsht\u00eb emri i dh\u00ebn\u00eb fistikut t\u00eb gjelb\u00ebr t\u00eb Si\u00e7ilis\u00eb, nj\u00eb frut me nj\u00eb shije t\u00eb \u00ebmb\u00ebl, delikate dhe aromatike, i njohur universalisht si unik dhe k\u00ebtu i kombinuar me rikot\u00eb t\u00eb shijshme deleje.  P\u00ebrb\u00ebr\u00ebsit: Semolin\u00eb gruri durum, vez\u00eb t\u00eb pul\u00ebs s\u00eb lir\u00eb 29%.  P\u00ebrb\u00ebr\u00ebsit e mbushjes: Rikot\u00eb deleje 86% (hirr\u00eb qum\u00ebshti deleje, qum\u00ebsht deleje, krip\u00eb), fistik\u00eb 9%, th\u00ebrrime buke (miell gruri i but\u00eb tipi &quot;0&quot;, uj\u00eb, krip\u00eb, maja birre), krip\u00eb, piper.  Mund t\u00eb p\u00ebrmbaj\u00eb: mustard\u00eb, soj\u00eb.  Informacion mbi Produktin      Koha e ruajtjes (-18 \u00b0 C): 18 muaj   Rendimenti p\u00ebr porcion pas gatimit (%): 20   Pesha p\u00ebr cop\u00eb: 18 to 23 g   Lart\u00ebsia e nj\u00eb pjese: 55 to 65 mm   Gjer\u00ebsia e nj\u00eb pjese: 40 to 50 mm   P\u00ebrqindja e makaronave (%): 38   P\u00ebrqindja e mbushjes (%): 62\" \/>\n<meta property=\"og:url\" content=\"https:\/\/edfrozen.com\/sq\/product\/bauletti-me-djathe-rikota-deleje-dhe-pistak-sicilie\/\" \/>\n<meta property=\"og:site_name\" content=\"Ed Frozen\" \/>\n<meta property=\"article:publisher\" content=\"https:\/\/www.facebook.com\/edfrozenalbania\/\" \/>\n<meta property=\"article:modified_time\" content=\"2025-06-16T14:49:12+00:00\" \/>\n<meta property=\"og:image\" content=\"https:\/\/edfrozen.com\/wp-content\/uploads\/2025\/06\/divine-creazioni-bauletti-ricotta-di-pecora-e-pistacchi-di-sicilia-k115-5.png\" \/>\n\t<meta property=\"og:image:width\" content=\"1000\" \/>\n\t<meta property=\"og:image:height\" content=\"1000\" \/>\n\t<meta property=\"og:image:type\" content=\"image\/png\" \/>\n<meta name=\"twitter:card\" content=\"summary_large_image\" \/>\n<meta name=\"twitter:label1\" content=\"Est. reading time\" \/>\n\t<meta name=\"twitter:data1\" content=\"1 minute\" \/>\n<script type=\"application\/ld+json\" class=\"yoast-schema-graph\">{\"@context\":\"https:\\\/\\\/schema.org\",\"@graph\":[{\"@type\":\"WebPage\",\"@id\":\"https:\\\/\\\/edfrozen.com\\\/sq\\\/product\\\/bauletti-me-djathe-rikota-deleje-dhe-pistak-sicilie\\\/\",\"url\":\"https:\\\/\\\/edfrozen.com\\\/sq\\\/product\\\/bauletti-me-djathe-rikota-deleje-dhe-pistak-sicilie\\\/\",\"name\":\"Bauletti\u00ae me djath\u00eb rikota deleje dhe pistak Si\u00e7ilie - Ed Frozen\",\"isPartOf\":{\"@id\":\"https:\\\/\\\/edfrozen.com\\\/#website\"},\"primaryImageOfPage\":{\"@id\":\"https:\\\/\\\/edfrozen.com\\\/sq\\\/product\\\/bauletti-me-djathe-rikota-deleje-dhe-pistak-sicilie\\\/#primaryimage\"},\"image\":{\"@id\":\"https:\\\/\\\/edfrozen.com\\\/sq\\\/product\\\/bauletti-me-djathe-rikota-deleje-dhe-pistak-sicilie\\\/#primaryimage\"},\"thumbnailUrl\":\"https:\\\/\\\/edfrozen.com\\\/wp-content\\\/uploads\\\/2025\\\/06\\\/divine-creazioni-bauletti-ricotta-di-pecora-e-pistacchi-di-sicilia-k115-5.png\",\"datePublished\":\"2025-06-10T12:02:22+00:00\",\"dateModified\":\"2025-06-16T14:49:12+00:00\",\"breadcrumb\":{\"@id\":\"https:\\\/\\\/edfrozen.com\\\/sq\\\/product\\\/bauletti-me-djathe-rikota-deleje-dhe-pistak-sicilie\\\/#breadcrumb\"},\"inLanguage\":\"sq-AL\",\"potentialAction\":[{\"@type\":\"ReadAction\",\"target\":[\"https:\\\/\\\/edfrozen.com\\\/sq\\\/product\\\/bauletti-me-djathe-rikota-deleje-dhe-pistak-sicilie\\\/\"]}]},{\"@type\":\"ImageObject\",\"inLanguage\":\"sq-AL\",\"@id\":\"https:\\\/\\\/edfrozen.com\\\/sq\\\/product\\\/bauletti-me-djathe-rikota-deleje-dhe-pistak-sicilie\\\/#primaryimage\",\"url\":\"https:\\\/\\\/edfrozen.com\\\/wp-content\\\/uploads\\\/2025\\\/06\\\/divine-creazioni-bauletti-ricotta-di-pecora-e-pistacchi-di-sicilia-k115-5.png\",\"contentUrl\":\"https:\\\/\\\/edfrozen.com\\\/wp-content\\\/uploads\\\/2025\\\/06\\\/divine-creazioni-bauletti-ricotta-di-pecora-e-pistacchi-di-sicilia-k115-5.png\",\"width\":1000,\"height\":1000},{\"@type\":\"BreadcrumbList\",\"@id\":\"https:\\\/\\\/edfrozen.com\\\/sq\\\/product\\\/bauletti-me-djathe-rikota-deleje-dhe-pistak-sicilie\\\/#breadcrumb\",\"itemListElement\":[{\"@type\":\"ListItem\",\"position\":1,\"name\":\"Home\",\"item\":\"https:\\\/\\\/edfrozen.com\\\/\"},{\"@type\":\"ListItem\",\"position\":2,\"name\":\"Shop\",\"item\":\"https:\\\/\\\/edfrozen.com\\\/?page_id=11590\"},{\"@type\":\"ListItem\",\"position\":3,\"name\":\"Bauletti\u00ae me djath\u00eb rikota deleje dhe pistak Si\u00e7ilie\"}]},{\"@type\":\"WebSite\",\"@id\":\"https:\\\/\\\/edfrozen.com\\\/#website\",\"url\":\"https:\\\/\\\/edfrozen.com\\\/\",\"name\":\"Ed Frozen\",\"description\":\"Food &amp; Distribution in Albania\",\"publisher\":{\"@id\":\"https:\\\/\\\/edfrozen.com\\\/#organization\"},\"potentialAction\":[{\"@type\":\"SearchAction\",\"target\":{\"@type\":\"EntryPoint\",\"urlTemplate\":\"https:\\\/\\\/edfrozen.com\\\/?s={search_term_string}\"},\"query-input\":{\"@type\":\"PropertyValueSpecification\",\"valueRequired\":true,\"valueName\":\"search_term_string\"}}],\"inLanguage\":\"sq-AL\"},{\"@type\":\"Organization\",\"@id\":\"https:\\\/\\\/edfrozen.com\\\/#organization\",\"name\":\"ED FROZEN\",\"url\":\"https:\\\/\\\/edfrozen.com\\\/\",\"logo\":{\"@type\":\"ImageObject\",\"inLanguage\":\"sq-AL\",\"@id\":\"https:\\\/\\\/edfrozen.com\\\/#\\\/schema\\\/logo\\\/image\\\/\",\"url\":\"https:\\\/\\\/edfrozen.com\\\/wp-content\\\/uploads\\\/2021\\\/11\\\/logo-edfrozen-copy.png\",\"contentUrl\":\"https:\\\/\\\/edfrozen.com\\\/wp-content\\\/uploads\\\/2021\\\/11\\\/logo-edfrozen-copy.png\",\"width\":1017,\"height\":286,\"caption\":\"ED FROZEN\"},\"image\":{\"@id\":\"https:\\\/\\\/edfrozen.com\\\/#\\\/schema\\\/logo\\\/image\\\/\"},\"sameAs\":[\"https:\\\/\\\/www.facebook.com\\\/edfrozenalbania\\\/\"]}]}<\/script>\n<!-- \/ Yoast SEO plugin. -->","yoast_head_json":{"title":"Bauletti\u00ae me djath\u00eb rikota deleje dhe pistak Si\u00e7ilie - Ed Frozen","robots":{"index":"index","follow":"follow","max-snippet":"max-snippet:-1","max-image-preview":"max-image-preview:large","max-video-preview":"max-video-preview:-1"},"canonical":"https:\/\/edfrozen.com\/sq\/product\/bauletti-me-djathe-rikota-deleje-dhe-pistak-sicilie\/","og_locale":"sq_AL","og_type":"article","og_title":"Bauletti\u00ae me djath\u00eb rikota deleje dhe pistak Si\u00e7ilie - Ed Frozen","og_description":"P\u00ebrshkrimi: \u201cAri i gjelb\u00ebr\u201d, ky \u00ebsht\u00eb emri i dh\u00ebn\u00eb fistikut t\u00eb gjelb\u00ebr t\u00eb Si\u00e7ilis\u00eb, nj\u00eb frut me nj\u00eb shije t\u00eb \u00ebmb\u00ebl, delikate dhe aromatike, i njohur universalisht si unik dhe k\u00ebtu i kombinuar me rikot\u00eb t\u00eb shijshme deleje.  P\u00ebrb\u00ebr\u00ebsit: Semolin\u00eb gruri durum, vez\u00eb t\u00eb pul\u00ebs s\u00eb lir\u00eb 29%.  P\u00ebrb\u00ebr\u00ebsit e mbushjes: Rikot\u00eb deleje 86% (hirr\u00eb qum\u00ebshti deleje, qum\u00ebsht deleje, krip\u00eb), fistik\u00eb 9%, th\u00ebrrime buke (miell gruri i but\u00eb tipi \"0\", uj\u00eb, krip\u00eb, maja birre), krip\u00eb, piper.  Mund t\u00eb p\u00ebrmbaj\u00eb: mustard\u00eb, soj\u00eb.  Informacion mbi Produktin      Koha e ruajtjes (-18 \u00b0 C): 18 muaj   Rendimenti p\u00ebr porcion pas gatimit (%): 20   Pesha p\u00ebr cop\u00eb: 18 to 23 g   Lart\u00ebsia e nj\u00eb pjese: 55 to 65 mm   Gjer\u00ebsia e nj\u00eb pjese: 40 to 50 mm   P\u00ebrqindja e makaronave (%): 38   P\u00ebrqindja e mbushjes (%): 62","og_url":"https:\/\/edfrozen.com\/sq\/product\/bauletti-me-djathe-rikota-deleje-dhe-pistak-sicilie\/","og_site_name":"Ed Frozen","article_publisher":"https:\/\/www.facebook.com\/edfrozenalbania\/","article_modified_time":"2025-06-16T14:49:12+00:00","og_image":[{"width":1000,"height":1000,"url":"https:\/\/edfrozen.com\/wp-content\/uploads\/2025\/06\/divine-creazioni-bauletti-ricotta-di-pecora-e-pistacchi-di-sicilia-k115-5.png","type":"image\/png"}],"twitter_card":"summary_large_image","twitter_misc":{"Est. reading time":"1 minute"},"schema":{"@context":"https:\/\/schema.org","@graph":[{"@type":"WebPage","@id":"https:\/\/edfrozen.com\/sq\/product\/bauletti-me-djathe-rikota-deleje-dhe-pistak-sicilie\/","url":"https:\/\/edfrozen.com\/sq\/product\/bauletti-me-djathe-rikota-deleje-dhe-pistak-sicilie\/","name":"Bauletti\u00ae me djath\u00eb rikota deleje dhe pistak Si\u00e7ilie - Ed Frozen","isPartOf":{"@id":"https:\/\/edfrozen.com\/#website"},"primaryImageOfPage":{"@id":"https:\/\/edfrozen.com\/sq\/product\/bauletti-me-djathe-rikota-deleje-dhe-pistak-sicilie\/#primaryimage"},"image":{"@id":"https:\/\/edfrozen.com\/sq\/product\/bauletti-me-djathe-rikota-deleje-dhe-pistak-sicilie\/#primaryimage"},"thumbnailUrl":"https:\/\/edfrozen.com\/wp-content\/uploads\/2025\/06\/divine-creazioni-bauletti-ricotta-di-pecora-e-pistacchi-di-sicilia-k115-5.png","datePublished":"2025-06-10T12:02:22+00:00","dateModified":"2025-06-16T14:49:12+00:00","breadcrumb":{"@id":"https:\/\/edfrozen.com\/sq\/product\/bauletti-me-djathe-rikota-deleje-dhe-pistak-sicilie\/#breadcrumb"},"inLanguage":"sq-AL","potentialAction":[{"@type":"ReadAction","target":["https:\/\/edfrozen.com\/sq\/product\/bauletti-me-djathe-rikota-deleje-dhe-pistak-sicilie\/"]}]},{"@type":"ImageObject","inLanguage":"sq-AL","@id":"https:\/\/edfrozen.com\/sq\/product\/bauletti-me-djathe-rikota-deleje-dhe-pistak-sicilie\/#primaryimage","url":"https:\/\/edfrozen.com\/wp-content\/uploads\/2025\/06\/divine-creazioni-bauletti-ricotta-di-pecora-e-pistacchi-di-sicilia-k115-5.png","contentUrl":"https:\/\/edfrozen.com\/wp-content\/uploads\/2025\/06\/divine-creazioni-bauletti-ricotta-di-pecora-e-pistacchi-di-sicilia-k115-5.png","width":1000,"height":1000},{"@type":"BreadcrumbList","@id":"https:\/\/edfrozen.com\/sq\/product\/bauletti-me-djathe-rikota-deleje-dhe-pistak-sicilie\/#breadcrumb","itemListElement":[{"@type":"ListItem","position":1,"name":"Home","item":"https:\/\/edfrozen.com\/"},{"@type":"ListItem","position":2,"name":"Shop","item":"https:\/\/edfrozen.com\/?page_id=11590"},{"@type":"ListItem","position":3,"name":"Bauletti\u00ae me djath\u00eb rikota deleje dhe pistak Si\u00e7ilie"}]},{"@type":"WebSite","@id":"https:\/\/edfrozen.com\/#website","url":"https:\/\/edfrozen.com\/","name":"Ed Frozen","description":"Food &amp; Distribution in Albania","publisher":{"@id":"https:\/\/edfrozen.com\/#organization"},"potentialAction":[{"@type":"SearchAction","target":{"@type":"EntryPoint","urlTemplate":"https:\/\/edfrozen.com\/?s={search_term_string}"},"query-input":{"@type":"PropertyValueSpecification","valueRequired":true,"valueName":"search_term_string"}}],"inLanguage":"sq-AL"},{"@type":"Organization","@id":"https:\/\/edfrozen.com\/#organization","name":"ED FROZEN","url":"https:\/\/edfrozen.com\/","logo":{"@type":"ImageObject","inLanguage":"sq-AL","@id":"https:\/\/edfrozen.com\/#\/schema\/logo\/image\/","url":"https:\/\/edfrozen.com\/wp-content\/uploads\/2021\/11\/logo-edfrozen-copy.png","contentUrl":"https:\/\/edfrozen.com\/wp-content\/uploads\/2021\/11\/logo-edfrozen-copy.png","width":1017,"height":286,"caption":"ED FROZEN"},"image":{"@id":"https:\/\/edfrozen.com\/#\/schema\/logo\/image\/"},"sameAs":["https:\/\/www.facebook.com\/edfrozenalbania\/"]}]}},"_links":{"self":[{"href":"https:\/\/edfrozen.com\/sq\/wp-json\/wp\/v2\/product\/12420","targetHints":{"allow":["GET"]}}],"collection":[{"href":"https:\/\/edfrozen.com\/sq\/wp-json\/wp\/v2\/product"}],"about":[{"href":"https:\/\/edfrozen.com\/sq\/wp-json\/wp\/v2\/types\/product"}],"wp:featuredmedia":[{"embeddable":true,"href":"https:\/\/edfrozen.com\/sq\/wp-json\/wp\/v2\/media\/12307"}],"wp:attachment":[{"href":"https:\/\/edfrozen.com\/sq\/wp-json\/wp\/v2\/media?parent=12420"}],"wp:term":[{"taxonomy":"product_cat","embeddable":true,"href":"https:\/\/edfrozen.com\/sq\/wp-json\/wp\/v2\/product_cat?post=12420"},{"taxonomy":"product_tag","embeddable":true,"href":"https:\/\/edfrozen.com\/sq\/wp-json\/wp\/v2\/product_tag?post=12420"}],"curies":[{"name":"wp","href":"https:\/\/api.w.org\/{rel}","templated":true}]}}