{"id":12436,"date":"2025-06-10T10:48:37","date_gmt":"2025-06-10T08:48:37","guid":{"rendered":"https:\/\/edfrozen.com\/product\/ravioli-with-cheese-asiago-dop-and-radicchio-red-treviso-pgi\/"},"modified":"2025-06-16T17:15:50","modified_gmt":"2025-06-16T15:15:50","slug":"ravioli-me-djathe-asiago-dop-dhe-radicchio-red-treviso-pgi","status":"publish","type":"product","link":"https:\/\/edfrozen.com\/sq\/product\/ravioli-me-djathe-asiago-dop-dhe-radicchio-red-treviso-pgi\/","title":{"rendered":"Ravioli me djath\u00eb Asiago DOP dhe Radicchio Red Treviso PGI"},"content":{"rendered":"","protected":false},"excerpt":{"rendered":"<div class=\"s-editable\">\n<div class=\"s-editable\">\n<div class=\"s-editable\">\n<div class=\"s-editable\">\n<p><strong>P\u00ebrshkrimi<\/strong>: Asiago DOP p\u00ebr 29% t\u00eb mbushjes. Djath\u00eb tipik nga pllaja e shtat\u00eb komunave t\u00eb Asiagos. Ka nj\u00eb kore t\u00eb l\u00ebmuar dhe t\u00eb rregullt, nj\u00eb past\u00eb t\u00eb th\u00ebrrmueshme me disa vrima t\u00eb vogla dhe ka shijen e qum\u00ebshtit t\u00eb sapomjekur, t\u00eb \u00ebmb\u00ebl por me nj\u00eb arom\u00eb t\u00eb leht\u00eb aciditeti. Format priten vet\u00ebm pas muajsh pjekurie. Sa i p\u00ebrket radicchio rosso di Treviso IGP, ky i fundit p\u00ebrdoret si n\u00eb varietetet e hershme ashtu edhe n\u00eb ato t\u00eb vona: ka nj\u00eb shije t\u00eb pjekur, pak t\u00eb hidhur.<\/p>\n<p><strong>P\u00ebrb\u00ebr\u00ebsit<\/strong>: semolina gruri durum, vez\u00eb hambari.<\/p>\n<p><strong>P\u00ebrb\u00ebr\u00ebsit (mbushja):<\/strong> Rikota (hirr\u00eb, qum\u00ebsht, krip\u00eb, rregullues aciditeti: acid citrik), Asiago DOP 29% (qum\u00ebsht, krip\u00eb, fermente laktike, mull\u00ebz, konservues: lizozim\u00eb veze), Radicchio Rosso di Treviso PGI i zier ngadal\u00eb 24% (Radicchio Rosso di Treviso PGI 89%, vaj ulliri ekstra i virgj\u00ebr, qep\u00eb, ver\u00eb, krip\u00eb, piper), buk\u00eb e thekur (miell gruri i but\u00eb lloji &#8220;0&#8221;, uj\u00eb, krip\u00eb, maja birre), krip\u00eb, piper.<\/p>\n<p>Mund t\u00eb p\u00ebrmbaj\u00eb: mustard\u00eb, soj\u00eb.<\/p>\n<p><strong>Informacion mbi Produktin<\/strong><\/p>\n<\/div>\n<\/div>\n<\/div>\n<\/div>\n<table class=\"style-1\" style=\"height: 195px;\" width=\"644\">\n<tbody>\n<tr>\n<td style=\"text-align: left;\">Koha e ruajtjes (-18 \u00b0 C):<\/td>\n<td>24 muaj<\/td>\n<\/tr>\n<tr>\n<td style=\"text-align: left;\">Pesha p\u00ebr cop\u00eb:<\/td>\n<td>38-46 g<\/td>\n<\/tr>\n<tr>\n<td style=\"text-align: left;\">Gjer\u00ebsia e secil\u00ebs cop\u00eb:<\/td>\n<td>nga 65 ne 75 mm<\/td>\n<\/tr>\n<tr>\n<td style=\"text-align: left;\">Lart\u00ebsia e secil\u00ebs cop\u00eb:<\/td>\n<td>nga 78 ne 88 mm<\/td>\n<\/tr>\n<tr>\n<td style=\"text-align: left;\">P\u00ebrqindja e makaronave (%):<\/td>\n<td>33<\/td>\n<\/tr>\n<tr>\n<td style=\"text-align: left;\">P\u00ebrqindja e mbushjes (%):<\/td>\n<td>67<\/td>\n<\/tr>\n<tr>\n<td style=\"text-align: left;\">Paketimi:<\/td>\n<td>5 tabaka me nga 9 cop\u00eb secila<\/td>\n<\/tr>\n<\/tbody>\n<\/table>\n","protected":false},"featured_media":12261,"template":"","meta":{"inline_featured_image":false},"product_cat":[87],"product_tag":[],"class_list":{"0":"post-12436","1":"product","2":"type-product","3":"status-publish","4":"has-post-thumbnail","6":"product_cat-pasta-gourmet-sq","8":"first","9":"instock","10":"shipping-taxable","11":"product-type-simple"},"yoast_head":"<!-- This site is optimized with the Yoast SEO plugin v27.4 - https:\/\/yoast.com\/product\/yoast-seo-wordpress\/ -->\n<title>Ravioli me djath\u00eb Asiago DOP dhe Radicchio Red Treviso PGI - Ed Frozen<\/title>\n<meta name=\"robots\" content=\"index, follow, max-snippet:-1, max-image-preview:large, max-video-preview:-1\" \/>\n<link rel=\"canonical\" href=\"https:\/\/edfrozen.com\/sq\/product\/ravioli-me-djathe-asiago-dop-dhe-radicchio-red-treviso-pgi\/\" \/>\n<meta property=\"og:locale\" content=\"sq_AL\" \/>\n<meta property=\"og:type\" content=\"article\" \/>\n<meta property=\"og:title\" content=\"Ravioli me djath\u00eb Asiago DOP dhe Radicchio Red Treviso PGI - Ed Frozen\" \/>\n<meta property=\"og:description\" content=\"P\u00ebrshkrimi: Asiago DOP p\u00ebr 29% t\u00eb mbushjes. Djath\u00eb tipik nga pllaja e shtat\u00eb komunave t\u00eb Asiagos. Ka nj\u00eb kore t\u00eb l\u00ebmuar dhe t\u00eb rregullt, nj\u00eb past\u00eb t\u00eb th\u00ebrrmueshme me disa vrima t\u00eb vogla dhe ka shijen e qum\u00ebshtit t\u00eb sapomjekur, t\u00eb \u00ebmb\u00ebl por me nj\u00eb arom\u00eb t\u00eb leht\u00eb aciditeti. Format priten vet\u00ebm pas muajsh pjekurie. Sa i p\u00ebrket radicchio rosso di Treviso IGP, ky i fundit p\u00ebrdoret si n\u00eb varietetet e hershme ashtu edhe n\u00eb ato t\u00eb vona: ka nj\u00eb shije t\u00eb pjekur, pak t\u00eb hidhur.  P\u00ebrb\u00ebr\u00ebsit: semolina gruri durum, vez\u00eb hambari.  P\u00ebrb\u00ebr\u00ebsit (mbushja): Rikota (hirr\u00eb, qum\u00ebsht, krip\u00eb, rregullues aciditeti: acid citrik), Asiago DOP 29% (qum\u00ebsht, krip\u00eb, fermente laktike, mull\u00ebz, konservues: lizozim\u00eb veze), Radicchio Rosso di Treviso PGI i zier ngadal\u00eb 24% (Radicchio Rosso di Treviso PGI 89%, vaj ulliri ekstra i virgj\u00ebr, qep\u00eb, ver\u00eb, krip\u00eb, piper), buk\u00eb e thekur (miell gruri i but\u00eb lloji &quot;0&quot;, uj\u00eb, krip\u00eb, maja birre), krip\u00eb, piper.  Mund t\u00eb p\u00ebrmbaj\u00eb: mustard\u00eb, soj\u00eb.  Informacion mbi Produktin         Koha e ruajtjes (-18 \u00b0 C): 24 muaj   Pesha p\u00ebr cop\u00eb: 38-46 g   Gjer\u00ebsia e secil\u00ebs cop\u00eb: nga 65 ne 75 mm   Lart\u00ebsia e secil\u00ebs cop\u00eb: nga 78 ne 88 mm   P\u00ebrqindja e makaronave (%): 33   P\u00ebrqindja e mbushjes (%): 67   Paketimi: 5 tabaka me nga 9 cop\u00eb secila\" \/>\n<meta property=\"og:url\" content=\"https:\/\/edfrozen.com\/sq\/product\/ravioli-me-djathe-asiago-dop-dhe-radicchio-red-treviso-pgi\/\" \/>\n<meta property=\"og:site_name\" content=\"Ed Frozen\" \/>\n<meta property=\"article:publisher\" content=\"https:\/\/www.facebook.com\/edfrozenalbania\/\" \/>\n<meta property=\"article:modified_time\" content=\"2025-06-16T15:15:50+00:00\" \/>\n<meta property=\"og:image\" content=\"https:\/\/edfrozen.com\/wp-content\/uploads\/2025\/06\/divine-creazioni-ravioloni-asiago-dop-e-radicchio-rosso-di-treviso-k111-5.png\" \/>\n\t<meta property=\"og:image:width\" content=\"1000\" \/>\n\t<meta property=\"og:image:height\" content=\"1000\" \/>\n\t<meta property=\"og:image:type\" content=\"image\/png\" \/>\n<meta name=\"twitter:card\" content=\"summary_large_image\" \/>\n<meta name=\"twitter:label1\" content=\"Est. reading time\" \/>\n\t<meta name=\"twitter:data1\" content=\"1 minute\" \/>\n<script type=\"application\/ld+json\" class=\"yoast-schema-graph\">{\"@context\":\"https:\\\/\\\/schema.org\",\"@graph\":[{\"@type\":\"WebPage\",\"@id\":\"https:\\\/\\\/edfrozen.com\\\/sq\\\/product\\\/ravioli-me-djathe-asiago-dop-dhe-radicchio-red-treviso-pgi\\\/\",\"url\":\"https:\\\/\\\/edfrozen.com\\\/sq\\\/product\\\/ravioli-me-djathe-asiago-dop-dhe-radicchio-red-treviso-pgi\\\/\",\"name\":\"Ravioli me djath\u00eb Asiago DOP dhe Radicchio Red Treviso PGI - Ed Frozen\",\"isPartOf\":{\"@id\":\"https:\\\/\\\/edfrozen.com\\\/#website\"},\"primaryImageOfPage\":{\"@id\":\"https:\\\/\\\/edfrozen.com\\\/sq\\\/product\\\/ravioli-me-djathe-asiago-dop-dhe-radicchio-red-treviso-pgi\\\/#primaryimage\"},\"image\":{\"@id\":\"https:\\\/\\\/edfrozen.com\\\/sq\\\/product\\\/ravioli-me-djathe-asiago-dop-dhe-radicchio-red-treviso-pgi\\\/#primaryimage\"},\"thumbnailUrl\":\"https:\\\/\\\/edfrozen.com\\\/wp-content\\\/uploads\\\/2025\\\/06\\\/divine-creazioni-ravioloni-asiago-dop-e-radicchio-rosso-di-treviso-k111-5.png\",\"datePublished\":\"2025-06-10T08:48:37+00:00\",\"dateModified\":\"2025-06-16T15:15:50+00:00\",\"breadcrumb\":{\"@id\":\"https:\\\/\\\/edfrozen.com\\\/sq\\\/product\\\/ravioli-me-djathe-asiago-dop-dhe-radicchio-red-treviso-pgi\\\/#breadcrumb\"},\"inLanguage\":\"sq-AL\",\"potentialAction\":[{\"@type\":\"ReadAction\",\"target\":[\"https:\\\/\\\/edfrozen.com\\\/sq\\\/product\\\/ravioli-me-djathe-asiago-dop-dhe-radicchio-red-treviso-pgi\\\/\"]}]},{\"@type\":\"ImageObject\",\"inLanguage\":\"sq-AL\",\"@id\":\"https:\\\/\\\/edfrozen.com\\\/sq\\\/product\\\/ravioli-me-djathe-asiago-dop-dhe-radicchio-red-treviso-pgi\\\/#primaryimage\",\"url\":\"https:\\\/\\\/edfrozen.com\\\/wp-content\\\/uploads\\\/2025\\\/06\\\/divine-creazioni-ravioloni-asiago-dop-e-radicchio-rosso-di-treviso-k111-5.png\",\"contentUrl\":\"https:\\\/\\\/edfrozen.com\\\/wp-content\\\/uploads\\\/2025\\\/06\\\/divine-creazioni-ravioloni-asiago-dop-e-radicchio-rosso-di-treviso-k111-5.png\",\"width\":1000,\"height\":1000},{\"@type\":\"BreadcrumbList\",\"@id\":\"https:\\\/\\\/edfrozen.com\\\/sq\\\/product\\\/ravioli-me-djathe-asiago-dop-dhe-radicchio-red-treviso-pgi\\\/#breadcrumb\",\"itemListElement\":[{\"@type\":\"ListItem\",\"position\":1,\"name\":\"Home\",\"item\":\"https:\\\/\\\/edfrozen.com\\\/\"},{\"@type\":\"ListItem\",\"position\":2,\"name\":\"Shop\",\"item\":\"https:\\\/\\\/edfrozen.com\\\/?page_id=11590\"},{\"@type\":\"ListItem\",\"position\":3,\"name\":\"Ravioli me djath\u00eb Asiago DOP dhe Radicchio Red Treviso PGI\"}]},{\"@type\":\"WebSite\",\"@id\":\"https:\\\/\\\/edfrozen.com\\\/#website\",\"url\":\"https:\\\/\\\/edfrozen.com\\\/\",\"name\":\"Ed Frozen\",\"description\":\"Food &amp; Distribution in Albania\",\"publisher\":{\"@id\":\"https:\\\/\\\/edfrozen.com\\\/#organization\"},\"potentialAction\":[{\"@type\":\"SearchAction\",\"target\":{\"@type\":\"EntryPoint\",\"urlTemplate\":\"https:\\\/\\\/edfrozen.com\\\/?s={search_term_string}\"},\"query-input\":{\"@type\":\"PropertyValueSpecification\",\"valueRequired\":true,\"valueName\":\"search_term_string\"}}],\"inLanguage\":\"sq-AL\"},{\"@type\":\"Organization\",\"@id\":\"https:\\\/\\\/edfrozen.com\\\/#organization\",\"name\":\"ED FROZEN\",\"url\":\"https:\\\/\\\/edfrozen.com\\\/\",\"logo\":{\"@type\":\"ImageObject\",\"inLanguage\":\"sq-AL\",\"@id\":\"https:\\\/\\\/edfrozen.com\\\/#\\\/schema\\\/logo\\\/image\\\/\",\"url\":\"https:\\\/\\\/edfrozen.com\\\/wp-content\\\/uploads\\\/2021\\\/11\\\/logo-edfrozen-copy.png\",\"contentUrl\":\"https:\\\/\\\/edfrozen.com\\\/wp-content\\\/uploads\\\/2021\\\/11\\\/logo-edfrozen-copy.png\",\"width\":1017,\"height\":286,\"caption\":\"ED FROZEN\"},\"image\":{\"@id\":\"https:\\\/\\\/edfrozen.com\\\/#\\\/schema\\\/logo\\\/image\\\/\"},\"sameAs\":[\"https:\\\/\\\/www.facebook.com\\\/edfrozenalbania\\\/\"]}]}<\/script>\n<!-- \/ Yoast SEO plugin. -->","yoast_head_json":{"title":"Ravioli me djath\u00eb Asiago DOP dhe Radicchio Red Treviso PGI - Ed Frozen","robots":{"index":"index","follow":"follow","max-snippet":"max-snippet:-1","max-image-preview":"max-image-preview:large","max-video-preview":"max-video-preview:-1"},"canonical":"https:\/\/edfrozen.com\/sq\/product\/ravioli-me-djathe-asiago-dop-dhe-radicchio-red-treviso-pgi\/","og_locale":"sq_AL","og_type":"article","og_title":"Ravioli me djath\u00eb Asiago DOP dhe Radicchio Red Treviso PGI - Ed Frozen","og_description":"P\u00ebrshkrimi: Asiago DOP p\u00ebr 29% t\u00eb mbushjes. Djath\u00eb tipik nga pllaja e shtat\u00eb komunave t\u00eb Asiagos. Ka nj\u00eb kore t\u00eb l\u00ebmuar dhe t\u00eb rregullt, nj\u00eb past\u00eb t\u00eb th\u00ebrrmueshme me disa vrima t\u00eb vogla dhe ka shijen e qum\u00ebshtit t\u00eb sapomjekur, t\u00eb \u00ebmb\u00ebl por me nj\u00eb arom\u00eb t\u00eb leht\u00eb aciditeti. Format priten vet\u00ebm pas muajsh pjekurie. Sa i p\u00ebrket radicchio rosso di Treviso IGP, ky i fundit p\u00ebrdoret si n\u00eb varietetet e hershme ashtu edhe n\u00eb ato t\u00eb vona: ka nj\u00eb shije t\u00eb pjekur, pak t\u00eb hidhur.  P\u00ebrb\u00ebr\u00ebsit: semolina gruri durum, vez\u00eb hambari.  P\u00ebrb\u00ebr\u00ebsit (mbushja): Rikota (hirr\u00eb, qum\u00ebsht, krip\u00eb, rregullues aciditeti: acid citrik), Asiago DOP 29% (qum\u00ebsht, krip\u00eb, fermente laktike, mull\u00ebz, konservues: lizozim\u00eb veze), Radicchio Rosso di Treviso PGI i zier ngadal\u00eb 24% (Radicchio Rosso di Treviso PGI 89%, vaj ulliri ekstra i virgj\u00ebr, qep\u00eb, ver\u00eb, krip\u00eb, piper), buk\u00eb e thekur (miell gruri i but\u00eb lloji \"0\", uj\u00eb, krip\u00eb, maja birre), krip\u00eb, piper.  Mund t\u00eb p\u00ebrmbaj\u00eb: mustard\u00eb, soj\u00eb.  Informacion mbi Produktin         Koha e ruajtjes (-18 \u00b0 C): 24 muaj   Pesha p\u00ebr cop\u00eb: 38-46 g   Gjer\u00ebsia e secil\u00ebs cop\u00eb: nga 65 ne 75 mm   Lart\u00ebsia e secil\u00ebs cop\u00eb: nga 78 ne 88 mm   P\u00ebrqindja e makaronave (%): 33   P\u00ebrqindja e mbushjes (%): 67   Paketimi: 5 tabaka me nga 9 cop\u00eb secila","og_url":"https:\/\/edfrozen.com\/sq\/product\/ravioli-me-djathe-asiago-dop-dhe-radicchio-red-treviso-pgi\/","og_site_name":"Ed Frozen","article_publisher":"https:\/\/www.facebook.com\/edfrozenalbania\/","article_modified_time":"2025-06-16T15:15:50+00:00","og_image":[{"width":1000,"height":1000,"url":"https:\/\/edfrozen.com\/wp-content\/uploads\/2025\/06\/divine-creazioni-ravioloni-asiago-dop-e-radicchio-rosso-di-treviso-k111-5.png","type":"image\/png"}],"twitter_card":"summary_large_image","twitter_misc":{"Est. reading time":"1 minute"},"schema":{"@context":"https:\/\/schema.org","@graph":[{"@type":"WebPage","@id":"https:\/\/edfrozen.com\/sq\/product\/ravioli-me-djathe-asiago-dop-dhe-radicchio-red-treviso-pgi\/","url":"https:\/\/edfrozen.com\/sq\/product\/ravioli-me-djathe-asiago-dop-dhe-radicchio-red-treviso-pgi\/","name":"Ravioli me djath\u00eb Asiago DOP dhe Radicchio Red Treviso PGI - Ed Frozen","isPartOf":{"@id":"https:\/\/edfrozen.com\/#website"},"primaryImageOfPage":{"@id":"https:\/\/edfrozen.com\/sq\/product\/ravioli-me-djathe-asiago-dop-dhe-radicchio-red-treviso-pgi\/#primaryimage"},"image":{"@id":"https:\/\/edfrozen.com\/sq\/product\/ravioli-me-djathe-asiago-dop-dhe-radicchio-red-treviso-pgi\/#primaryimage"},"thumbnailUrl":"https:\/\/edfrozen.com\/wp-content\/uploads\/2025\/06\/divine-creazioni-ravioloni-asiago-dop-e-radicchio-rosso-di-treviso-k111-5.png","datePublished":"2025-06-10T08:48:37+00:00","dateModified":"2025-06-16T15:15:50+00:00","breadcrumb":{"@id":"https:\/\/edfrozen.com\/sq\/product\/ravioli-me-djathe-asiago-dop-dhe-radicchio-red-treviso-pgi\/#breadcrumb"},"inLanguage":"sq-AL","potentialAction":[{"@type":"ReadAction","target":["https:\/\/edfrozen.com\/sq\/product\/ravioli-me-djathe-asiago-dop-dhe-radicchio-red-treviso-pgi\/"]}]},{"@type":"ImageObject","inLanguage":"sq-AL","@id":"https:\/\/edfrozen.com\/sq\/product\/ravioli-me-djathe-asiago-dop-dhe-radicchio-red-treviso-pgi\/#primaryimage","url":"https:\/\/edfrozen.com\/wp-content\/uploads\/2025\/06\/divine-creazioni-ravioloni-asiago-dop-e-radicchio-rosso-di-treviso-k111-5.png","contentUrl":"https:\/\/edfrozen.com\/wp-content\/uploads\/2025\/06\/divine-creazioni-ravioloni-asiago-dop-e-radicchio-rosso-di-treviso-k111-5.png","width":1000,"height":1000},{"@type":"BreadcrumbList","@id":"https:\/\/edfrozen.com\/sq\/product\/ravioli-me-djathe-asiago-dop-dhe-radicchio-red-treviso-pgi\/#breadcrumb","itemListElement":[{"@type":"ListItem","position":1,"name":"Home","item":"https:\/\/edfrozen.com\/"},{"@type":"ListItem","position":2,"name":"Shop","item":"https:\/\/edfrozen.com\/?page_id=11590"},{"@type":"ListItem","position":3,"name":"Ravioli me djath\u00eb Asiago DOP dhe Radicchio Red Treviso PGI"}]},{"@type":"WebSite","@id":"https:\/\/edfrozen.com\/#website","url":"https:\/\/edfrozen.com\/","name":"Ed Frozen","description":"Food &amp; Distribution in Albania","publisher":{"@id":"https:\/\/edfrozen.com\/#organization"},"potentialAction":[{"@type":"SearchAction","target":{"@type":"EntryPoint","urlTemplate":"https:\/\/edfrozen.com\/?s={search_term_string}"},"query-input":{"@type":"PropertyValueSpecification","valueRequired":true,"valueName":"search_term_string"}}],"inLanguage":"sq-AL"},{"@type":"Organization","@id":"https:\/\/edfrozen.com\/#organization","name":"ED FROZEN","url":"https:\/\/edfrozen.com\/","logo":{"@type":"ImageObject","inLanguage":"sq-AL","@id":"https:\/\/edfrozen.com\/#\/schema\/logo\/image\/","url":"https:\/\/edfrozen.com\/wp-content\/uploads\/2021\/11\/logo-edfrozen-copy.png","contentUrl":"https:\/\/edfrozen.com\/wp-content\/uploads\/2021\/11\/logo-edfrozen-copy.png","width":1017,"height":286,"caption":"ED FROZEN"},"image":{"@id":"https:\/\/edfrozen.com\/#\/schema\/logo\/image\/"},"sameAs":["https:\/\/www.facebook.com\/edfrozenalbania\/"]}]}},"_links":{"self":[{"href":"https:\/\/edfrozen.com\/sq\/wp-json\/wp\/v2\/product\/12436","targetHints":{"allow":["GET"]}}],"collection":[{"href":"https:\/\/edfrozen.com\/sq\/wp-json\/wp\/v2\/product"}],"about":[{"href":"https:\/\/edfrozen.com\/sq\/wp-json\/wp\/v2\/types\/product"}],"wp:featuredmedia":[{"embeddable":true,"href":"https:\/\/edfrozen.com\/sq\/wp-json\/wp\/v2\/media\/12261"}],"wp:attachment":[{"href":"https:\/\/edfrozen.com\/sq\/wp-json\/wp\/v2\/media?parent=12436"}],"wp:term":[{"taxonomy":"product_cat","embeddable":true,"href":"https:\/\/edfrozen.com\/sq\/wp-json\/wp\/v2\/product_cat?post=12436"},{"taxonomy":"product_tag","embeddable":true,"href":"https:\/\/edfrozen.com\/sq\/wp-json\/wp\/v2\/product_tag?post=12436"}],"curies":[{"name":"wp","href":"https:\/\/api.w.org\/{rel}","templated":true}]}}