{"id":12440,"date":"2025-06-10T10:40:55","date_gmt":"2025-06-10T08:40:55","guid":{"rendered":"https:\/\/edfrozen.com\/product\/panciotti-with-aubergine-and-scamorza\/"},"modified":"2025-06-16T17:18:55","modified_gmt":"2025-06-16T15:18:55","slug":"panciotti-me-patellxhan-dhe-skamorza","status":"publish","type":"product","link":"https:\/\/edfrozen.com\/sq\/product\/panciotti-me-patellxhan-dhe-skamorza\/","title":{"rendered":"Panciotti\u00ae me pat\u00ebllxhan dhe skamorza"},"content":{"rendered":"","protected":false},"excerpt":{"rendered":"<div class=\"s-editable\">\n<div class=\"s-editable\">\n<div class=\"s-editable\">\n<div class=\"s-editable\">\n<p><strong>P\u00ebrshkrimi<\/strong>: Nj\u00eb kombinim q\u00eb merr frym\u00ebzim nga kuzhina jugore. Nj\u00eb kuzhin\u00eb e fort\u00eb q\u00eb i do aromat e forta dhe nuk i harron kurr\u00eb perimet. Aroma e pat\u00ebllxhanit t\u00eb skuqur bashkohet me shijen e \u00ebmb\u00ebl dhe t\u00eb plot\u00eb t\u00eb scamorza-s, nd\u00ebrsa Grana Padano dhe Pecorino Romano, rrept\u00ebsisht DOP, plot\u00ebsojn\u00eb shijen.<\/p>\n<p>P\u00ebrb\u00ebr\u00ebsit: miell gruri durum, vez\u00eb hambari.<\/p>\n<p><strong>P\u00ebrb\u00ebr\u00ebsit (mbushja):<\/strong> Pat\u00ebllxhan\u00eb t\u00eb pjekur n\u00eb skar\u00eb 59%, rikota (hirr\u00eb, qum\u00ebsht, krip\u00eb, rregullues aciditeti: acid citrik), scamorza 12% (qum\u00ebsht, mull\u00ebz, krip\u00eb), Grana Padano DOP (qum\u00ebsht, krip\u00eb, mull\u00ebz, ruajt\u00ebs: lizozim\u00eb veze), th\u00ebrrime buke (miell gruri i but\u00eb tipi &#8220;0&#8221;, uj\u00eb, krip\u00eb, maja, miell gruri i maltuar), Pecorino Romano DOP (qum\u00ebsht deleje, krip\u00eb, mull\u00ebz), majdanoz, borzilok, vaj ulliri ekstra i virgj\u00ebr, vaj farash luledielli, krip\u00eb, hudh\u00ebr, qep\u00eb t\u00eb njoma, piper.<\/p>\n<p>Mund t\u00eb p\u00ebrmbaj\u00eb: mustard\u00eb, soj\u00eb.<\/p>\n<p><strong>Informacion mbi Produktin<\/strong><\/p>\n<\/div>\n<\/div>\n<\/div>\n<\/div>\n<table class=\"style-1\" style=\"height: 195px;\" width=\"644\">\n<tbody>\n<tr>\n<td style=\"text-align: left;\">Koha e ruajtjes (-18 \u00b0 C):<\/td>\n<td>18 muaj<\/td>\n<\/tr>\n<tr>\n<td style=\"text-align: left;\">Pesha p\u00ebr cop\u00eb:<\/td>\n<td>30-34 g<\/td>\n<\/tr>\n<tr>\n<td style=\"text-align: left;\">Rendimenti i porcionit pas gatimit:<\/td>\n<td>15<\/td>\n<\/tr>\n<tr>\n<td style=\"text-align: left;\">Diametri i nj\u00eb cope:<\/td>\n<td>70 mm<\/td>\n<\/tr>\n<tr>\n<td style=\"text-align: left;\">P\u00ebrqindja e makaronave (%):<\/td>\n<td>34<\/td>\n<\/tr>\n<tr>\n<td style=\"text-align: left;\">P\u00ebrqindja e mbushjes (%):<\/td>\n<td>66<\/td>\n<\/tr>\n<tr>\n<td style=\"text-align: left;\">Paketimi:<\/td>\n<td>7 tabaka me nga 9 cop\u00eb secila<\/td>\n<\/tr>\n<\/tbody>\n<\/table>\n","protected":false},"featured_media":12256,"template":"","meta":{"inline_featured_image":false},"product_cat":[87],"product_tag":[],"class_list":{"0":"post-12440","1":"product","2":"type-product","3":"status-publish","4":"has-post-thumbnail","6":"product_cat-pasta-gourmet-sq","8":"first","9":"instock","10":"shipping-taxable","11":"product-type-simple"},"yoast_head":"<!-- This site is optimized with the Yoast SEO plugin v27.4 - https:\/\/yoast.com\/product\/yoast-seo-wordpress\/ -->\n<title>Panciotti\u00ae me pat\u00ebllxhan dhe skamorza - Ed Frozen<\/title>\n<meta name=\"robots\" content=\"index, follow, max-snippet:-1, max-image-preview:large, max-video-preview:-1\" \/>\n<link rel=\"canonical\" href=\"https:\/\/edfrozen.com\/sq\/product\/panciotti-me-patellxhan-dhe-skamorza\/\" \/>\n<meta property=\"og:locale\" content=\"sq_AL\" \/>\n<meta property=\"og:type\" content=\"article\" \/>\n<meta property=\"og:title\" content=\"Panciotti\u00ae me pat\u00ebllxhan dhe skamorza - Ed Frozen\" \/>\n<meta property=\"og:description\" content=\"P\u00ebrshkrimi: Nj\u00eb kombinim q\u00eb merr frym\u00ebzim nga kuzhina jugore. Nj\u00eb kuzhin\u00eb e fort\u00eb q\u00eb i do aromat e forta dhe nuk i harron kurr\u00eb perimet. Aroma e pat\u00ebllxhanit t\u00eb skuqur bashkohet me shijen e \u00ebmb\u00ebl dhe t\u00eb plot\u00eb t\u00eb scamorza-s, nd\u00ebrsa Grana Padano dhe Pecorino Romano, rrept\u00ebsisht DOP, plot\u00ebsojn\u00eb shijen.  P\u00ebrb\u00ebr\u00ebsit: miell gruri durum, vez\u00eb hambari.  P\u00ebrb\u00ebr\u00ebsit (mbushja): Pat\u00ebllxhan\u00eb t\u00eb pjekur n\u00eb skar\u00eb 59%, rikota (hirr\u00eb, qum\u00ebsht, krip\u00eb, rregullues aciditeti: acid citrik), scamorza 12% (qum\u00ebsht, mull\u00ebz, krip\u00eb), Grana Padano DOP (qum\u00ebsht, krip\u00eb, mull\u00ebz, ruajt\u00ebs: lizozim\u00eb veze), th\u00ebrrime buke (miell gruri i but\u00eb tipi &quot;0&quot;, uj\u00eb, krip\u00eb, maja, miell gruri i maltuar), Pecorino Romano DOP (qum\u00ebsht deleje, krip\u00eb, mull\u00ebz), majdanoz, borzilok, vaj ulliri ekstra i virgj\u00ebr, vaj farash luledielli, krip\u00eb, hudh\u00ebr, qep\u00eb t\u00eb njoma, piper.  Mund t\u00eb p\u00ebrmbaj\u00eb: mustard\u00eb, soj\u00eb.  Informacion mbi Produktin         Koha e ruajtjes (-18 \u00b0 C): 18 muaj   Pesha p\u00ebr cop\u00eb: 30-34 g   Rendimenti i porcionit pas gatimit: 15   Diametri i nj\u00eb cope: 70 mm   P\u00ebrqindja e makaronave (%): 34   P\u00ebrqindja e mbushjes (%): 66   Paketimi: 7 tabaka me nga 9 cop\u00eb secila\" \/>\n<meta property=\"og:url\" content=\"https:\/\/edfrozen.com\/sq\/product\/panciotti-me-patellxhan-dhe-skamorza\/\" \/>\n<meta property=\"og:site_name\" content=\"Ed Frozen\" \/>\n<meta property=\"article:publisher\" content=\"https:\/\/www.facebook.com\/edfrozenalbania\/\" \/>\n<meta property=\"article:modified_time\" content=\"2025-06-16T15:18:55+00:00\" \/>\n<meta property=\"og:image\" content=\"https:\/\/edfrozen.com\/wp-content\/uploads\/2025\/06\/divine-creazioni-panciotti-con-melanzana-e-scamorza-k110-9.png\" \/>\n\t<meta property=\"og:image:width\" content=\"1000\" \/>\n\t<meta property=\"og:image:height\" content=\"1000\" \/>\n\t<meta property=\"og:image:type\" content=\"image\/png\" \/>\n<meta name=\"twitter:card\" content=\"summary_large_image\" \/>\n<meta name=\"twitter:label1\" content=\"Est. reading time\" \/>\n\t<meta name=\"twitter:data1\" content=\"1 minute\" \/>\n<script type=\"application\/ld+json\" class=\"yoast-schema-graph\">{\"@context\":\"https:\\\/\\\/schema.org\",\"@graph\":[{\"@type\":\"WebPage\",\"@id\":\"https:\\\/\\\/edfrozen.com\\\/sq\\\/product\\\/panciotti-me-patellxhan-dhe-skamorza\\\/\",\"url\":\"https:\\\/\\\/edfrozen.com\\\/sq\\\/product\\\/panciotti-me-patellxhan-dhe-skamorza\\\/\",\"name\":\"Panciotti\u00ae me pat\u00ebllxhan dhe skamorza - Ed Frozen\",\"isPartOf\":{\"@id\":\"https:\\\/\\\/edfrozen.com\\\/#website\"},\"primaryImageOfPage\":{\"@id\":\"https:\\\/\\\/edfrozen.com\\\/sq\\\/product\\\/panciotti-me-patellxhan-dhe-skamorza\\\/#primaryimage\"},\"image\":{\"@id\":\"https:\\\/\\\/edfrozen.com\\\/sq\\\/product\\\/panciotti-me-patellxhan-dhe-skamorza\\\/#primaryimage\"},\"thumbnailUrl\":\"https:\\\/\\\/edfrozen.com\\\/wp-content\\\/uploads\\\/2025\\\/06\\\/divine-creazioni-panciotti-con-melanzana-e-scamorza-k110-9.png\",\"datePublished\":\"2025-06-10T08:40:55+00:00\",\"dateModified\":\"2025-06-16T15:18:55+00:00\",\"breadcrumb\":{\"@id\":\"https:\\\/\\\/edfrozen.com\\\/sq\\\/product\\\/panciotti-me-patellxhan-dhe-skamorza\\\/#breadcrumb\"},\"inLanguage\":\"sq-AL\",\"potentialAction\":[{\"@type\":\"ReadAction\",\"target\":[\"https:\\\/\\\/edfrozen.com\\\/sq\\\/product\\\/panciotti-me-patellxhan-dhe-skamorza\\\/\"]}]},{\"@type\":\"ImageObject\",\"inLanguage\":\"sq-AL\",\"@id\":\"https:\\\/\\\/edfrozen.com\\\/sq\\\/product\\\/panciotti-me-patellxhan-dhe-skamorza\\\/#primaryimage\",\"url\":\"https:\\\/\\\/edfrozen.com\\\/wp-content\\\/uploads\\\/2025\\\/06\\\/divine-creazioni-panciotti-con-melanzana-e-scamorza-k110-9.png\",\"contentUrl\":\"https:\\\/\\\/edfrozen.com\\\/wp-content\\\/uploads\\\/2025\\\/06\\\/divine-creazioni-panciotti-con-melanzana-e-scamorza-k110-9.png\",\"width\":1000,\"height\":1000},{\"@type\":\"BreadcrumbList\",\"@id\":\"https:\\\/\\\/edfrozen.com\\\/sq\\\/product\\\/panciotti-me-patellxhan-dhe-skamorza\\\/#breadcrumb\",\"itemListElement\":[{\"@type\":\"ListItem\",\"position\":1,\"name\":\"Home\",\"item\":\"https:\\\/\\\/edfrozen.com\\\/\"},{\"@type\":\"ListItem\",\"position\":2,\"name\":\"Shop\",\"item\":\"https:\\\/\\\/edfrozen.com\\\/?page_id=11590\"},{\"@type\":\"ListItem\",\"position\":3,\"name\":\"Panciotti\u00ae me pat\u00ebllxhan dhe skamorza\"}]},{\"@type\":\"WebSite\",\"@id\":\"https:\\\/\\\/edfrozen.com\\\/#website\",\"url\":\"https:\\\/\\\/edfrozen.com\\\/\",\"name\":\"Ed Frozen\",\"description\":\"Food &amp; Distribution in Albania\",\"publisher\":{\"@id\":\"https:\\\/\\\/edfrozen.com\\\/#organization\"},\"potentialAction\":[{\"@type\":\"SearchAction\",\"target\":{\"@type\":\"EntryPoint\",\"urlTemplate\":\"https:\\\/\\\/edfrozen.com\\\/?s={search_term_string}\"},\"query-input\":{\"@type\":\"PropertyValueSpecification\",\"valueRequired\":true,\"valueName\":\"search_term_string\"}}],\"inLanguage\":\"sq-AL\"},{\"@type\":\"Organization\",\"@id\":\"https:\\\/\\\/edfrozen.com\\\/#organization\",\"name\":\"ED FROZEN\",\"url\":\"https:\\\/\\\/edfrozen.com\\\/\",\"logo\":{\"@type\":\"ImageObject\",\"inLanguage\":\"sq-AL\",\"@id\":\"https:\\\/\\\/edfrozen.com\\\/#\\\/schema\\\/logo\\\/image\\\/\",\"url\":\"https:\\\/\\\/edfrozen.com\\\/wp-content\\\/uploads\\\/2021\\\/11\\\/logo-edfrozen-copy.png\",\"contentUrl\":\"https:\\\/\\\/edfrozen.com\\\/wp-content\\\/uploads\\\/2021\\\/11\\\/logo-edfrozen-copy.png\",\"width\":1017,\"height\":286,\"caption\":\"ED FROZEN\"},\"image\":{\"@id\":\"https:\\\/\\\/edfrozen.com\\\/#\\\/schema\\\/logo\\\/image\\\/\"},\"sameAs\":[\"https:\\\/\\\/www.facebook.com\\\/edfrozenalbania\\\/\"]}]}<\/script>\n<!-- \/ Yoast SEO plugin. -->","yoast_head_json":{"title":"Panciotti\u00ae me pat\u00ebllxhan dhe skamorza - Ed Frozen","robots":{"index":"index","follow":"follow","max-snippet":"max-snippet:-1","max-image-preview":"max-image-preview:large","max-video-preview":"max-video-preview:-1"},"canonical":"https:\/\/edfrozen.com\/sq\/product\/panciotti-me-patellxhan-dhe-skamorza\/","og_locale":"sq_AL","og_type":"article","og_title":"Panciotti\u00ae me pat\u00ebllxhan dhe skamorza - Ed Frozen","og_description":"P\u00ebrshkrimi: Nj\u00eb kombinim q\u00eb merr frym\u00ebzim nga kuzhina jugore. Nj\u00eb kuzhin\u00eb e fort\u00eb q\u00eb i do aromat e forta dhe nuk i harron kurr\u00eb perimet. Aroma e pat\u00ebllxhanit t\u00eb skuqur bashkohet me shijen e \u00ebmb\u00ebl dhe t\u00eb plot\u00eb t\u00eb scamorza-s, nd\u00ebrsa Grana Padano dhe Pecorino Romano, rrept\u00ebsisht DOP, plot\u00ebsojn\u00eb shijen.  P\u00ebrb\u00ebr\u00ebsit: miell gruri durum, vez\u00eb hambari.  P\u00ebrb\u00ebr\u00ebsit (mbushja): Pat\u00ebllxhan\u00eb t\u00eb pjekur n\u00eb skar\u00eb 59%, rikota (hirr\u00eb, qum\u00ebsht, krip\u00eb, rregullues aciditeti: acid citrik), scamorza 12% (qum\u00ebsht, mull\u00ebz, krip\u00eb), Grana Padano DOP (qum\u00ebsht, krip\u00eb, mull\u00ebz, ruajt\u00ebs: lizozim\u00eb veze), th\u00ebrrime buke (miell gruri i but\u00eb tipi \"0\", uj\u00eb, krip\u00eb, maja, miell gruri i maltuar), Pecorino Romano DOP (qum\u00ebsht deleje, krip\u00eb, mull\u00ebz), majdanoz, borzilok, vaj ulliri ekstra i virgj\u00ebr, vaj farash luledielli, krip\u00eb, hudh\u00ebr, qep\u00eb t\u00eb njoma, piper.  Mund t\u00eb p\u00ebrmbaj\u00eb: mustard\u00eb, soj\u00eb.  Informacion mbi Produktin         Koha e ruajtjes (-18 \u00b0 C): 18 muaj   Pesha p\u00ebr cop\u00eb: 30-34 g   Rendimenti i porcionit pas gatimit: 15   Diametri i nj\u00eb cope: 70 mm   P\u00ebrqindja e makaronave (%): 34   P\u00ebrqindja e mbushjes (%): 66   Paketimi: 7 tabaka me nga 9 cop\u00eb secila","og_url":"https:\/\/edfrozen.com\/sq\/product\/panciotti-me-patellxhan-dhe-skamorza\/","og_site_name":"Ed Frozen","article_publisher":"https:\/\/www.facebook.com\/edfrozenalbania\/","article_modified_time":"2025-06-16T15:18:55+00:00","og_image":[{"width":1000,"height":1000,"url":"https:\/\/edfrozen.com\/wp-content\/uploads\/2025\/06\/divine-creazioni-panciotti-con-melanzana-e-scamorza-k110-9.png","type":"image\/png"}],"twitter_card":"summary_large_image","twitter_misc":{"Est. reading time":"1 minute"},"schema":{"@context":"https:\/\/schema.org","@graph":[{"@type":"WebPage","@id":"https:\/\/edfrozen.com\/sq\/product\/panciotti-me-patellxhan-dhe-skamorza\/","url":"https:\/\/edfrozen.com\/sq\/product\/panciotti-me-patellxhan-dhe-skamorza\/","name":"Panciotti\u00ae me pat\u00ebllxhan dhe skamorza - Ed Frozen","isPartOf":{"@id":"https:\/\/edfrozen.com\/#website"},"primaryImageOfPage":{"@id":"https:\/\/edfrozen.com\/sq\/product\/panciotti-me-patellxhan-dhe-skamorza\/#primaryimage"},"image":{"@id":"https:\/\/edfrozen.com\/sq\/product\/panciotti-me-patellxhan-dhe-skamorza\/#primaryimage"},"thumbnailUrl":"https:\/\/edfrozen.com\/wp-content\/uploads\/2025\/06\/divine-creazioni-panciotti-con-melanzana-e-scamorza-k110-9.png","datePublished":"2025-06-10T08:40:55+00:00","dateModified":"2025-06-16T15:18:55+00:00","breadcrumb":{"@id":"https:\/\/edfrozen.com\/sq\/product\/panciotti-me-patellxhan-dhe-skamorza\/#breadcrumb"},"inLanguage":"sq-AL","potentialAction":[{"@type":"ReadAction","target":["https:\/\/edfrozen.com\/sq\/product\/panciotti-me-patellxhan-dhe-skamorza\/"]}]},{"@type":"ImageObject","inLanguage":"sq-AL","@id":"https:\/\/edfrozen.com\/sq\/product\/panciotti-me-patellxhan-dhe-skamorza\/#primaryimage","url":"https:\/\/edfrozen.com\/wp-content\/uploads\/2025\/06\/divine-creazioni-panciotti-con-melanzana-e-scamorza-k110-9.png","contentUrl":"https:\/\/edfrozen.com\/wp-content\/uploads\/2025\/06\/divine-creazioni-panciotti-con-melanzana-e-scamorza-k110-9.png","width":1000,"height":1000},{"@type":"BreadcrumbList","@id":"https:\/\/edfrozen.com\/sq\/product\/panciotti-me-patellxhan-dhe-skamorza\/#breadcrumb","itemListElement":[{"@type":"ListItem","position":1,"name":"Home","item":"https:\/\/edfrozen.com\/"},{"@type":"ListItem","position":2,"name":"Shop","item":"https:\/\/edfrozen.com\/?page_id=11590"},{"@type":"ListItem","position":3,"name":"Panciotti\u00ae me pat\u00ebllxhan dhe skamorza"}]},{"@type":"WebSite","@id":"https:\/\/edfrozen.com\/#website","url":"https:\/\/edfrozen.com\/","name":"Ed Frozen","description":"Food &amp; Distribution in Albania","publisher":{"@id":"https:\/\/edfrozen.com\/#organization"},"potentialAction":[{"@type":"SearchAction","target":{"@type":"EntryPoint","urlTemplate":"https:\/\/edfrozen.com\/?s={search_term_string}"},"query-input":{"@type":"PropertyValueSpecification","valueRequired":true,"valueName":"search_term_string"}}],"inLanguage":"sq-AL"},{"@type":"Organization","@id":"https:\/\/edfrozen.com\/#organization","name":"ED FROZEN","url":"https:\/\/edfrozen.com\/","logo":{"@type":"ImageObject","inLanguage":"sq-AL","@id":"https:\/\/edfrozen.com\/#\/schema\/logo\/image\/","url":"https:\/\/edfrozen.com\/wp-content\/uploads\/2021\/11\/logo-edfrozen-copy.png","contentUrl":"https:\/\/edfrozen.com\/wp-content\/uploads\/2021\/11\/logo-edfrozen-copy.png","width":1017,"height":286,"caption":"ED FROZEN"},"image":{"@id":"https:\/\/edfrozen.com\/#\/schema\/logo\/image\/"},"sameAs":["https:\/\/www.facebook.com\/edfrozenalbania\/"]}]}},"_links":{"self":[{"href":"https:\/\/edfrozen.com\/sq\/wp-json\/wp\/v2\/product\/12440","targetHints":{"allow":["GET"]}}],"collection":[{"href":"https:\/\/edfrozen.com\/sq\/wp-json\/wp\/v2\/product"}],"about":[{"href":"https:\/\/edfrozen.com\/sq\/wp-json\/wp\/v2\/types\/product"}],"wp:featuredmedia":[{"embeddable":true,"href":"https:\/\/edfrozen.com\/sq\/wp-json\/wp\/v2\/media\/12256"}],"wp:attachment":[{"href":"https:\/\/edfrozen.com\/sq\/wp-json\/wp\/v2\/media?parent=12440"}],"wp:term":[{"taxonomy":"product_cat","embeddable":true,"href":"https:\/\/edfrozen.com\/sq\/wp-json\/wp\/v2\/product_cat?post=12440"},{"taxonomy":"product_tag","embeddable":true,"href":"https:\/\/edfrozen.com\/sq\/wp-json\/wp\/v2\/product_tag?post=12440"}],"curies":[{"name":"wp","href":"https:\/\/api.w.org\/{rel}","templated":true}]}}