{"id":12445,"date":"2025-06-09T17:37:37","date_gmt":"2025-06-09T15:37:37","guid":{"rendered":"https:\/\/edfrozen.com\/product\/bauletti-with-castelmagno-dop-cheese\/"},"modified":"2025-06-16T17:24:52","modified_gmt":"2025-06-16T15:24:52","slug":"bauletti-me-djathe-castelmagno-dop","status":"publish","type":"product","link":"https:\/\/edfrozen.com\/sq\/product\/bauletti-me-djathe-castelmagno-dop\/","title":{"rendered":"Bauletti\u00ae me djath\u00eb Castelmagno DOP"},"content":{"rendered":"","protected":false},"excerpt":{"rendered":"<div class=\"s-editable\">\n<div class=\"s-editable\">\n<div class=\"s-editable\">\n<div class=\"s-editable\">\n<div class=\"s-editable\">\n<p><strong>P\u00ebrshkrimi<\/strong>: Castelmagno DOP me 31%. I prodhuar me qum\u00ebsht lope t\u00eb pap\u00ebrpunuar n\u00eb zon\u00ebn malore t\u00eb Provinc\u00ebs s\u00eb Cuneos (Castelmagno, Monterosso Grana dhe Pradleves), ky djath\u00eb ia detyron shijen e tij aromatike bim\u00ebve q\u00eb han\u00eb lop\u00ebt q\u00eb kullosin n\u00eb male mbi 600 metra. P\u00ebr ta prodhuar, qum\u00ebshti nga dy mjelje ditore piqet p\u00ebr t\u00eb pakt\u00ebn dy muaj n\u00eb shpella natyrore t\u00eb fresk\u00ebta dhe t\u00eb lag\u00ebshta. Kur piqet p\u00ebr periudha m\u00eb t\u00eb gjata, Castelmagno merr nj\u00eb ngjyr\u00eb t\u00eb verdh\u00eb t\u00eb art\u00eb, me disa vija blu\/jeshile. Konsiderohet si nj\u00eb nga djath\u00ebrat m\u00eb t\u00eb mir\u00eb italian\u00eb.<\/p>\n<p><strong>P\u00ebrb\u00ebr\u00ebsit<\/strong>: semolina gruri durum, vez\u00eb hambari.<\/p>\n<p><strong>P\u00ebrb\u00ebr\u00ebsit (mbushja)<\/strong>: Djath\u00eb Castelmagno DOP 31%, rikota, th\u00ebrrime buke, krip\u00eb.<\/p>\n<p><strong>Informacion mbi Produktin<\/strong><\/p>\n<\/div>\n<\/div>\n<\/div>\n<\/div>\n<\/div>\n<table class=\"style-1\" style=\"height: 195px;\" width=\"644\">\n<tbody>\n<tr>\n<td style=\"text-align: left;\">Koha e ruajtjes (-18 \u00b0 C):<\/td>\n<td>18 muaj<\/td>\n<\/tr>\n<tr>\n<td style=\"text-align: left;\">Pesha p\u00ebr cop\u00eb:<\/td>\n<td>nga 18 ne 23 gr<\/td>\n<\/tr>\n<tr>\n<td style=\"text-align: left;\">Gjat\u00ebsia p\u00ebr cop\u00eb:<\/td>\n<td>nga 40 ne 50 mm<\/td>\n<\/tr>\n<tr>\n<td style=\"text-align: left;\">Lart\u00ebsia p\u00ebr cop\u00eb:<\/td>\n<td>nga 55 ne 65 gr<\/td>\n<\/tr>\n<tr>\n<td style=\"text-align: left;\">P\u00ebrqindja e makaronave (%):<\/td>\n<td>38<\/td>\n<\/tr>\n<tr>\n<td style=\"text-align: left;\">P\u00ebrqindja e mbushjes (%):<\/td>\n<td>62<\/td>\n<\/tr>\n<tr>\n<td style=\"text-align: left;\">Rendimenti i porcionit pas gatimit<\/td>\n<td>20<\/td>\n<\/tr>\n<\/tbody>\n<\/table>\n","protected":false},"featured_media":12249,"template":"","meta":{"inline_featured_image":false},"product_cat":[87],"product_tag":[],"class_list":{"0":"post-12445","1":"product","2":"type-product","3":"status-publish","4":"has-post-thumbnail","6":"product_cat-pasta-gourmet-sq","8":"first","9":"instock","10":"shipping-taxable","11":"product-type-simple"},"yoast_head":"<!-- This site is optimized with the Yoast SEO plugin v27.4 - https:\/\/yoast.com\/product\/yoast-seo-wordpress\/ -->\n<title>Bauletti\u00ae me djath\u00eb Castelmagno DOP - Ed Frozen<\/title>\n<meta name=\"robots\" content=\"index, follow, max-snippet:-1, max-image-preview:large, max-video-preview:-1\" \/>\n<link rel=\"canonical\" href=\"https:\/\/edfrozen.com\/sq\/product\/bauletti-me-djathe-castelmagno-dop\/\" \/>\n<meta property=\"og:locale\" content=\"sq_AL\" \/>\n<meta property=\"og:type\" content=\"article\" \/>\n<meta property=\"og:title\" content=\"Bauletti\u00ae me djath\u00eb Castelmagno DOP - Ed Frozen\" \/>\n<meta property=\"og:description\" content=\"P\u00ebrshkrimi: Castelmagno DOP me 31%. I prodhuar me qum\u00ebsht lope t\u00eb pap\u00ebrpunuar n\u00eb zon\u00ebn malore t\u00eb Provinc\u00ebs s\u00eb Cuneos (Castelmagno, Monterosso Grana dhe Pradleves), ky djath\u00eb ia detyron shijen e tij aromatike bim\u00ebve q\u00eb han\u00eb lop\u00ebt q\u00eb kullosin n\u00eb male mbi 600 metra. P\u00ebr ta prodhuar, qum\u00ebshti nga dy mjelje ditore piqet p\u00ebr t\u00eb pakt\u00ebn dy muaj n\u00eb shpella natyrore t\u00eb fresk\u00ebta dhe t\u00eb lag\u00ebshta. Kur piqet p\u00ebr periudha m\u00eb t\u00eb gjata, Castelmagno merr nj\u00eb ngjyr\u00eb t\u00eb verdh\u00eb t\u00eb art\u00eb, me disa vija blu\/jeshile. Konsiderohet si nj\u00eb nga djath\u00ebrat m\u00eb t\u00eb mir\u00eb italian\u00eb.  P\u00ebrb\u00ebr\u00ebsit: semolina gruri durum, vez\u00eb hambari.  P\u00ebrb\u00ebr\u00ebsit (mbushja): Djath\u00eb Castelmagno DOP 31%, rikota, th\u00ebrrime buke, krip\u00eb.  Informacion mbi Produktin          Koha e ruajtjes (-18 \u00b0 C): 18 muaj   Pesha p\u00ebr cop\u00eb: nga 18 ne 23 gr   Gjat\u00ebsia p\u00ebr cop\u00eb: nga 40 ne 50 mm   Lart\u00ebsia p\u00ebr cop\u00eb: nga 55 ne 65 gr   P\u00ebrqindja e makaronave (%): 38   P\u00ebrqindja e mbushjes (%): 62   Rendimenti i porcionit pas gatimit 20\" \/>\n<meta property=\"og:url\" content=\"https:\/\/edfrozen.com\/sq\/product\/bauletti-me-djathe-castelmagno-dop\/\" \/>\n<meta property=\"og:site_name\" content=\"Ed Frozen\" \/>\n<meta property=\"article:publisher\" content=\"https:\/\/www.facebook.com\/edfrozenalbania\/\" \/>\n<meta property=\"article:modified_time\" content=\"2025-06-16T15:24:52+00:00\" \/>\n<meta property=\"og:image\" content=\"https:\/\/edfrozen.com\/wp-content\/uploads\/2025\/06\/divine-creazioni-bauletti-con-formaggio-castelmagno-dop-k101-9.png\" \/>\n\t<meta property=\"og:image:width\" content=\"1000\" \/>\n\t<meta property=\"og:image:height\" content=\"1000\" \/>\n\t<meta property=\"og:image:type\" content=\"image\/png\" \/>\n<meta name=\"twitter:card\" content=\"summary_large_image\" \/>\n<meta name=\"twitter:label1\" content=\"Est. reading time\" \/>\n\t<meta name=\"twitter:data1\" content=\"1 minute\" \/>\n<script type=\"application\/ld+json\" class=\"yoast-schema-graph\">{\"@context\":\"https:\\\/\\\/schema.org\",\"@graph\":[{\"@type\":\"WebPage\",\"@id\":\"https:\\\/\\\/edfrozen.com\\\/sq\\\/product\\\/bauletti-me-djathe-castelmagno-dop\\\/\",\"url\":\"https:\\\/\\\/edfrozen.com\\\/sq\\\/product\\\/bauletti-me-djathe-castelmagno-dop\\\/\",\"name\":\"Bauletti\u00ae me djath\u00eb Castelmagno DOP - Ed Frozen\",\"isPartOf\":{\"@id\":\"https:\\\/\\\/edfrozen.com\\\/#website\"},\"primaryImageOfPage\":{\"@id\":\"https:\\\/\\\/edfrozen.com\\\/sq\\\/product\\\/bauletti-me-djathe-castelmagno-dop\\\/#primaryimage\"},\"image\":{\"@id\":\"https:\\\/\\\/edfrozen.com\\\/sq\\\/product\\\/bauletti-me-djathe-castelmagno-dop\\\/#primaryimage\"},\"thumbnailUrl\":\"https:\\\/\\\/edfrozen.com\\\/wp-content\\\/uploads\\\/2025\\\/06\\\/divine-creazioni-bauletti-con-formaggio-castelmagno-dop-k101-9.png\",\"datePublished\":\"2025-06-09T15:37:37+00:00\",\"dateModified\":\"2025-06-16T15:24:52+00:00\",\"breadcrumb\":{\"@id\":\"https:\\\/\\\/edfrozen.com\\\/sq\\\/product\\\/bauletti-me-djathe-castelmagno-dop\\\/#breadcrumb\"},\"inLanguage\":\"sq-AL\",\"potentialAction\":[{\"@type\":\"ReadAction\",\"target\":[\"https:\\\/\\\/edfrozen.com\\\/sq\\\/product\\\/bauletti-me-djathe-castelmagno-dop\\\/\"]}]},{\"@type\":\"ImageObject\",\"inLanguage\":\"sq-AL\",\"@id\":\"https:\\\/\\\/edfrozen.com\\\/sq\\\/product\\\/bauletti-me-djathe-castelmagno-dop\\\/#primaryimage\",\"url\":\"https:\\\/\\\/edfrozen.com\\\/wp-content\\\/uploads\\\/2025\\\/06\\\/divine-creazioni-bauletti-con-formaggio-castelmagno-dop-k101-9.png\",\"contentUrl\":\"https:\\\/\\\/edfrozen.com\\\/wp-content\\\/uploads\\\/2025\\\/06\\\/divine-creazioni-bauletti-con-formaggio-castelmagno-dop-k101-9.png\",\"width\":1000,\"height\":1000},{\"@type\":\"BreadcrumbList\",\"@id\":\"https:\\\/\\\/edfrozen.com\\\/sq\\\/product\\\/bauletti-me-djathe-castelmagno-dop\\\/#breadcrumb\",\"itemListElement\":[{\"@type\":\"ListItem\",\"position\":1,\"name\":\"Home\",\"item\":\"https:\\\/\\\/edfrozen.com\\\/\"},{\"@type\":\"ListItem\",\"position\":2,\"name\":\"Shop\",\"item\":\"https:\\\/\\\/edfrozen.com\\\/?page_id=11590\"},{\"@type\":\"ListItem\",\"position\":3,\"name\":\"Bauletti\u00ae me djath\u00eb Castelmagno DOP\"}]},{\"@type\":\"WebSite\",\"@id\":\"https:\\\/\\\/edfrozen.com\\\/#website\",\"url\":\"https:\\\/\\\/edfrozen.com\\\/\",\"name\":\"Ed Frozen\",\"description\":\"Food &amp; Distribution in Albania\",\"publisher\":{\"@id\":\"https:\\\/\\\/edfrozen.com\\\/#organization\"},\"potentialAction\":[{\"@type\":\"SearchAction\",\"target\":{\"@type\":\"EntryPoint\",\"urlTemplate\":\"https:\\\/\\\/edfrozen.com\\\/?s={search_term_string}\"},\"query-input\":{\"@type\":\"PropertyValueSpecification\",\"valueRequired\":true,\"valueName\":\"search_term_string\"}}],\"inLanguage\":\"sq-AL\"},{\"@type\":\"Organization\",\"@id\":\"https:\\\/\\\/edfrozen.com\\\/#organization\",\"name\":\"ED FROZEN\",\"url\":\"https:\\\/\\\/edfrozen.com\\\/\",\"logo\":{\"@type\":\"ImageObject\",\"inLanguage\":\"sq-AL\",\"@id\":\"https:\\\/\\\/edfrozen.com\\\/#\\\/schema\\\/logo\\\/image\\\/\",\"url\":\"https:\\\/\\\/edfrozen.com\\\/wp-content\\\/uploads\\\/2021\\\/11\\\/logo-edfrozen-copy.png\",\"contentUrl\":\"https:\\\/\\\/edfrozen.com\\\/wp-content\\\/uploads\\\/2021\\\/11\\\/logo-edfrozen-copy.png\",\"width\":1017,\"height\":286,\"caption\":\"ED FROZEN\"},\"image\":{\"@id\":\"https:\\\/\\\/edfrozen.com\\\/#\\\/schema\\\/logo\\\/image\\\/\"},\"sameAs\":[\"https:\\\/\\\/www.facebook.com\\\/edfrozenalbania\\\/\"]}]}<\/script>\n<!-- \/ Yoast SEO plugin. -->","yoast_head_json":{"title":"Bauletti\u00ae me djath\u00eb Castelmagno DOP - Ed Frozen","robots":{"index":"index","follow":"follow","max-snippet":"max-snippet:-1","max-image-preview":"max-image-preview:large","max-video-preview":"max-video-preview:-1"},"canonical":"https:\/\/edfrozen.com\/sq\/product\/bauletti-me-djathe-castelmagno-dop\/","og_locale":"sq_AL","og_type":"article","og_title":"Bauletti\u00ae me djath\u00eb Castelmagno DOP - Ed Frozen","og_description":"P\u00ebrshkrimi: Castelmagno DOP me 31%. I prodhuar me qum\u00ebsht lope t\u00eb pap\u00ebrpunuar n\u00eb zon\u00ebn malore t\u00eb Provinc\u00ebs s\u00eb Cuneos (Castelmagno, Monterosso Grana dhe Pradleves), ky djath\u00eb ia detyron shijen e tij aromatike bim\u00ebve q\u00eb han\u00eb lop\u00ebt q\u00eb kullosin n\u00eb male mbi 600 metra. P\u00ebr ta prodhuar, qum\u00ebshti nga dy mjelje ditore piqet p\u00ebr t\u00eb pakt\u00ebn dy muaj n\u00eb shpella natyrore t\u00eb fresk\u00ebta dhe t\u00eb lag\u00ebshta. Kur piqet p\u00ebr periudha m\u00eb t\u00eb gjata, Castelmagno merr nj\u00eb ngjyr\u00eb t\u00eb verdh\u00eb t\u00eb art\u00eb, me disa vija blu\/jeshile. Konsiderohet si nj\u00eb nga djath\u00ebrat m\u00eb t\u00eb mir\u00eb italian\u00eb.  P\u00ebrb\u00ebr\u00ebsit: semolina gruri durum, vez\u00eb hambari.  P\u00ebrb\u00ebr\u00ebsit (mbushja): Djath\u00eb Castelmagno DOP 31%, rikota, th\u00ebrrime buke, krip\u00eb.  Informacion mbi Produktin          Koha e ruajtjes (-18 \u00b0 C): 18 muaj   Pesha p\u00ebr cop\u00eb: nga 18 ne 23 gr   Gjat\u00ebsia p\u00ebr cop\u00eb: nga 40 ne 50 mm   Lart\u00ebsia p\u00ebr cop\u00eb: nga 55 ne 65 gr   P\u00ebrqindja e makaronave (%): 38   P\u00ebrqindja e mbushjes (%): 62   Rendimenti i porcionit pas gatimit 20","og_url":"https:\/\/edfrozen.com\/sq\/product\/bauletti-me-djathe-castelmagno-dop\/","og_site_name":"Ed Frozen","article_publisher":"https:\/\/www.facebook.com\/edfrozenalbania\/","article_modified_time":"2025-06-16T15:24:52+00:00","og_image":[{"width":1000,"height":1000,"url":"https:\/\/edfrozen.com\/wp-content\/uploads\/2025\/06\/divine-creazioni-bauletti-con-formaggio-castelmagno-dop-k101-9.png","type":"image\/png"}],"twitter_card":"summary_large_image","twitter_misc":{"Est. reading time":"1 minute"},"schema":{"@context":"https:\/\/schema.org","@graph":[{"@type":"WebPage","@id":"https:\/\/edfrozen.com\/sq\/product\/bauletti-me-djathe-castelmagno-dop\/","url":"https:\/\/edfrozen.com\/sq\/product\/bauletti-me-djathe-castelmagno-dop\/","name":"Bauletti\u00ae me djath\u00eb Castelmagno DOP - Ed Frozen","isPartOf":{"@id":"https:\/\/edfrozen.com\/#website"},"primaryImageOfPage":{"@id":"https:\/\/edfrozen.com\/sq\/product\/bauletti-me-djathe-castelmagno-dop\/#primaryimage"},"image":{"@id":"https:\/\/edfrozen.com\/sq\/product\/bauletti-me-djathe-castelmagno-dop\/#primaryimage"},"thumbnailUrl":"https:\/\/edfrozen.com\/wp-content\/uploads\/2025\/06\/divine-creazioni-bauletti-con-formaggio-castelmagno-dop-k101-9.png","datePublished":"2025-06-09T15:37:37+00:00","dateModified":"2025-06-16T15:24:52+00:00","breadcrumb":{"@id":"https:\/\/edfrozen.com\/sq\/product\/bauletti-me-djathe-castelmagno-dop\/#breadcrumb"},"inLanguage":"sq-AL","potentialAction":[{"@type":"ReadAction","target":["https:\/\/edfrozen.com\/sq\/product\/bauletti-me-djathe-castelmagno-dop\/"]}]},{"@type":"ImageObject","inLanguage":"sq-AL","@id":"https:\/\/edfrozen.com\/sq\/product\/bauletti-me-djathe-castelmagno-dop\/#primaryimage","url":"https:\/\/edfrozen.com\/wp-content\/uploads\/2025\/06\/divine-creazioni-bauletti-con-formaggio-castelmagno-dop-k101-9.png","contentUrl":"https:\/\/edfrozen.com\/wp-content\/uploads\/2025\/06\/divine-creazioni-bauletti-con-formaggio-castelmagno-dop-k101-9.png","width":1000,"height":1000},{"@type":"BreadcrumbList","@id":"https:\/\/edfrozen.com\/sq\/product\/bauletti-me-djathe-castelmagno-dop\/#breadcrumb","itemListElement":[{"@type":"ListItem","position":1,"name":"Home","item":"https:\/\/edfrozen.com\/"},{"@type":"ListItem","position":2,"name":"Shop","item":"https:\/\/edfrozen.com\/?page_id=11590"},{"@type":"ListItem","position":3,"name":"Bauletti\u00ae me djath\u00eb Castelmagno DOP"}]},{"@type":"WebSite","@id":"https:\/\/edfrozen.com\/#website","url":"https:\/\/edfrozen.com\/","name":"Ed Frozen","description":"Food &amp; Distribution in Albania","publisher":{"@id":"https:\/\/edfrozen.com\/#organization"},"potentialAction":[{"@type":"SearchAction","target":{"@type":"EntryPoint","urlTemplate":"https:\/\/edfrozen.com\/?s={search_term_string}"},"query-input":{"@type":"PropertyValueSpecification","valueRequired":true,"valueName":"search_term_string"}}],"inLanguage":"sq-AL"},{"@type":"Organization","@id":"https:\/\/edfrozen.com\/#organization","name":"ED FROZEN","url":"https:\/\/edfrozen.com\/","logo":{"@type":"ImageObject","inLanguage":"sq-AL","@id":"https:\/\/edfrozen.com\/#\/schema\/logo\/image\/","url":"https:\/\/edfrozen.com\/wp-content\/uploads\/2021\/11\/logo-edfrozen-copy.png","contentUrl":"https:\/\/edfrozen.com\/wp-content\/uploads\/2021\/11\/logo-edfrozen-copy.png","width":1017,"height":286,"caption":"ED FROZEN"},"image":{"@id":"https:\/\/edfrozen.com\/#\/schema\/logo\/image\/"},"sameAs":["https:\/\/www.facebook.com\/edfrozenalbania\/"]}]}},"_links":{"self":[{"href":"https:\/\/edfrozen.com\/sq\/wp-json\/wp\/v2\/product\/12445","targetHints":{"allow":["GET"]}}],"collection":[{"href":"https:\/\/edfrozen.com\/sq\/wp-json\/wp\/v2\/product"}],"about":[{"href":"https:\/\/edfrozen.com\/sq\/wp-json\/wp\/v2\/types\/product"}],"wp:featuredmedia":[{"embeddable":true,"href":"https:\/\/edfrozen.com\/sq\/wp-json\/wp\/v2\/media\/12249"}],"wp:attachment":[{"href":"https:\/\/edfrozen.com\/sq\/wp-json\/wp\/v2\/media?parent=12445"}],"wp:term":[{"taxonomy":"product_cat","embeddable":true,"href":"https:\/\/edfrozen.com\/sq\/wp-json\/wp\/v2\/product_cat?post=12445"},{"taxonomy":"product_tag","embeddable":true,"href":"https:\/\/edfrozen.com\/sq\/wp-json\/wp\/v2\/product_tag?post=12445"}],"curies":[{"name":"wp","href":"https:\/\/api.w.org\/{rel}","templated":true}]}}