{"id":12455,"date":"2025-06-09T16:23:11","date_gmt":"2025-06-09T14:23:11","guid":{"rendered":"https:\/\/edfrozen.com\/product\/pici\/"},"modified":"2025-06-17T09:45:46","modified_gmt":"2025-06-17T07:45:46","slug":"pici","status":"publish","type":"product","link":"https:\/\/edfrozen.com\/sq\/product\/pici\/","title":{"rendered":"Pici"},"content":{"rendered":"","protected":false},"excerpt":{"rendered":"<div class=\"s-editable\">\n<div class=\"s-editable\">\n<div class=\"s-editable\">\n<div class=\"s-editable\">\n<div class=\"s-editable\">\n<p><strong>P\u00ebrb\u00ebr\u00ebsit<\/strong>: semolina gruri durum, vez\u00eb hambari.<\/p>\n<p><strong>Formati<\/strong>: Pici-t fillimisht u prodhuan n\u00eb pjes\u00ebn e Toskan\u00ebs midis Sien\u00ebs dhe Grosetos. Ato p\u00ebrgatiten nga nj\u00eb brum\u00eb i thjesht\u00eb mielli dhe uji i cili shtypet, pritet n\u00eb shirita dhe mb\u00ebshtillet derisa t\u00eb duket si spageti e trash\u00eb dhe e pabarabart\u00eb. Pici-t jan\u00eb simbol i nj\u00eb tradite gatimi fshatare dhe, si t\u00eb tilla, vler\u00ebsohen gjithnj\u00eb e m\u00eb shum\u00eb n\u00eb dit\u00ebt e sotme. Kombinimet e tyre klasike jan\u00eb me &#8220;aglione&#8221;, nj\u00eb salc\u00eb domatesh me arom\u00eb t\u00eb fort\u00eb hudhre, dhe me buk\u00eb t\u00eb skuqur. Ato shkojn\u00eb gjithashtu mir\u00eb me salca t\u00eb pasura me mish, ve\u00e7an\u00ebrisht me ros\u00eb.<\/p>\n<p><strong>Informacion mbi Produktin<\/strong><\/p>\n<\/div>\n<\/div>\n<\/div>\n<\/div>\n<\/div>\n<table class=\"style-1\" style=\"height: 195px;\" width=\"644\">\n<tbody>\n<tr>\n<td style=\"text-align: left;\">Koha e ruajtjes (-18 \u00b0 C):<\/td>\n<td>24 muaj<\/td>\n<\/tr>\n<tr>\n<td style=\"text-align: left;\">Pesha p\u00ebr cop\u00eb:<\/td>\n<td>+-35 g<\/td>\n<\/tr>\n<tr>\n<td style=\"text-align: left;\">Rendimenti i porcionit pas gatimit:<\/td>\n<td>90<\/td>\n<\/tr>\n<\/tbody>\n<\/table>\n","protected":false},"featured_media":12234,"template":"","meta":{"inline_featured_image":false},"product_cat":[88],"product_tag":[],"class_list":{"0":"post-12455","1":"product","2":"type-product","3":"status-publish","4":"has-post-thumbnail","6":"product_cat-pasta-fresca-normale-sq","8":"first","9":"instock","10":"shipping-taxable","11":"product-type-simple"},"yoast_head":"<!-- This site is optimized with the Yoast SEO plugin v27.4 - https:\/\/yoast.com\/product\/yoast-seo-wordpress\/ -->\n<title>Pici - Ed Frozen<\/title>\n<meta name=\"robots\" content=\"index, follow, max-snippet:-1, max-image-preview:large, max-video-preview:-1\" \/>\n<link rel=\"canonical\" href=\"https:\/\/edfrozen.com\/sq\/product\/pici\/\" \/>\n<meta property=\"og:locale\" content=\"sq_AL\" \/>\n<meta property=\"og:type\" content=\"article\" \/>\n<meta property=\"og:title\" content=\"Pici - Ed Frozen\" \/>\n<meta property=\"og:description\" content=\"P\u00ebrb\u00ebr\u00ebsit: semolina gruri durum, vez\u00eb hambari.  Formati: Pici-t fillimisht u prodhuan n\u00eb pjes\u00ebn e Toskan\u00ebs midis Sien\u00ebs dhe Grosetos. Ato p\u00ebrgatiten nga nj\u00eb brum\u00eb i thjesht\u00eb mielli dhe uji i cili shtypet, pritet n\u00eb shirita dhe mb\u00ebshtillet derisa t\u00eb duket si spageti e trash\u00eb dhe e pabarabart\u00eb. Pici-t jan\u00eb simbol i nj\u00eb tradite gatimi fshatare dhe, si t\u00eb tilla, vler\u00ebsohen gjithnj\u00eb e m\u00eb shum\u00eb n\u00eb dit\u00ebt e sotme. Kombinimet e tyre klasike jan\u00eb me &quot;aglione&quot;, nj\u00eb salc\u00eb domatesh me arom\u00eb t\u00eb fort\u00eb hudhre, dhe me buk\u00eb t\u00eb skuqur. Ato shkojn\u00eb gjithashtu mir\u00eb me salca t\u00eb pasura me mish, ve\u00e7an\u00ebrisht me ros\u00eb.  Informacion mbi Produktin          Koha e ruajtjes (-18 \u00b0 C): 24 muaj   Pesha p\u00ebr cop\u00eb: +-35 g   Rendimenti i porcionit pas gatimit: 90\" \/>\n<meta property=\"og:url\" content=\"https:\/\/edfrozen.com\/sq\/product\/pici\/\" \/>\n<meta property=\"og:site_name\" content=\"Ed Frozen\" \/>\n<meta property=\"article:publisher\" content=\"https:\/\/www.facebook.com\/edfrozenalbania\/\" \/>\n<meta property=\"article:modified_time\" content=\"2025-06-17T07:45:46+00:00\" \/>\n<meta property=\"og:image\" content=\"https:\/\/edfrozen.com\/wp-content\/uploads\/2025\/06\/laboratorio-tortellini-pici-e14.png\" \/>\n\t<meta property=\"og:image:width\" content=\"1000\" \/>\n\t<meta property=\"og:image:height\" content=\"1000\" \/>\n\t<meta property=\"og:image:type\" content=\"image\/png\" \/>\n<meta name=\"twitter:card\" content=\"summary_large_image\" \/>\n<meta name=\"twitter:label1\" content=\"Est. reading time\" \/>\n\t<meta name=\"twitter:data1\" content=\"1 minute\" \/>\n<script type=\"application\/ld+json\" class=\"yoast-schema-graph\">{\"@context\":\"https:\\\/\\\/schema.org\",\"@graph\":[{\"@type\":\"WebPage\",\"@id\":\"https:\\\/\\\/edfrozen.com\\\/sq\\\/product\\\/pici\\\/\",\"url\":\"https:\\\/\\\/edfrozen.com\\\/sq\\\/product\\\/pici\\\/\",\"name\":\"Pici - Ed Frozen\",\"isPartOf\":{\"@id\":\"https:\\\/\\\/edfrozen.com\\\/#website\"},\"primaryImageOfPage\":{\"@id\":\"https:\\\/\\\/edfrozen.com\\\/sq\\\/product\\\/pici\\\/#primaryimage\"},\"image\":{\"@id\":\"https:\\\/\\\/edfrozen.com\\\/sq\\\/product\\\/pici\\\/#primaryimage\"},\"thumbnailUrl\":\"https:\\\/\\\/edfrozen.com\\\/wp-content\\\/uploads\\\/2025\\\/06\\\/laboratorio-tortellini-pici-e14.png\",\"datePublished\":\"2025-06-09T14:23:11+00:00\",\"dateModified\":\"2025-06-17T07:45:46+00:00\",\"breadcrumb\":{\"@id\":\"https:\\\/\\\/edfrozen.com\\\/sq\\\/product\\\/pici\\\/#breadcrumb\"},\"inLanguage\":\"sq-AL\",\"potentialAction\":[{\"@type\":\"ReadAction\",\"target\":[\"https:\\\/\\\/edfrozen.com\\\/sq\\\/product\\\/pici\\\/\"]}]},{\"@type\":\"ImageObject\",\"inLanguage\":\"sq-AL\",\"@id\":\"https:\\\/\\\/edfrozen.com\\\/sq\\\/product\\\/pici\\\/#primaryimage\",\"url\":\"https:\\\/\\\/edfrozen.com\\\/wp-content\\\/uploads\\\/2025\\\/06\\\/laboratorio-tortellini-pici-e14.png\",\"contentUrl\":\"https:\\\/\\\/edfrozen.com\\\/wp-content\\\/uploads\\\/2025\\\/06\\\/laboratorio-tortellini-pici-e14.png\",\"width\":1000,\"height\":1000},{\"@type\":\"BreadcrumbList\",\"@id\":\"https:\\\/\\\/edfrozen.com\\\/sq\\\/product\\\/pici\\\/#breadcrumb\",\"itemListElement\":[{\"@type\":\"ListItem\",\"position\":1,\"name\":\"Home\",\"item\":\"https:\\\/\\\/edfrozen.com\\\/\"},{\"@type\":\"ListItem\",\"position\":2,\"name\":\"Shop\",\"item\":\"https:\\\/\\\/edfrozen.com\\\/?page_id=11590\"},{\"@type\":\"ListItem\",\"position\":3,\"name\":\"Pici\"}]},{\"@type\":\"WebSite\",\"@id\":\"https:\\\/\\\/edfrozen.com\\\/#website\",\"url\":\"https:\\\/\\\/edfrozen.com\\\/\",\"name\":\"Ed Frozen\",\"description\":\"Food &amp; Distribution in Albania\",\"publisher\":{\"@id\":\"https:\\\/\\\/edfrozen.com\\\/#organization\"},\"potentialAction\":[{\"@type\":\"SearchAction\",\"target\":{\"@type\":\"EntryPoint\",\"urlTemplate\":\"https:\\\/\\\/edfrozen.com\\\/?s={search_term_string}\"},\"query-input\":{\"@type\":\"PropertyValueSpecification\",\"valueRequired\":true,\"valueName\":\"search_term_string\"}}],\"inLanguage\":\"sq-AL\"},{\"@type\":\"Organization\",\"@id\":\"https:\\\/\\\/edfrozen.com\\\/#organization\",\"name\":\"ED FROZEN\",\"url\":\"https:\\\/\\\/edfrozen.com\\\/\",\"logo\":{\"@type\":\"ImageObject\",\"inLanguage\":\"sq-AL\",\"@id\":\"https:\\\/\\\/edfrozen.com\\\/#\\\/schema\\\/logo\\\/image\\\/\",\"url\":\"https:\\\/\\\/edfrozen.com\\\/wp-content\\\/uploads\\\/2021\\\/11\\\/logo-edfrozen-copy.png\",\"contentUrl\":\"https:\\\/\\\/edfrozen.com\\\/wp-content\\\/uploads\\\/2021\\\/11\\\/logo-edfrozen-copy.png\",\"width\":1017,\"height\":286,\"caption\":\"ED FROZEN\"},\"image\":{\"@id\":\"https:\\\/\\\/edfrozen.com\\\/#\\\/schema\\\/logo\\\/image\\\/\"},\"sameAs\":[\"https:\\\/\\\/www.facebook.com\\\/edfrozenalbania\\\/\"]}]}<\/script>\n<!-- \/ Yoast SEO plugin. -->","yoast_head_json":{"title":"Pici - Ed Frozen","robots":{"index":"index","follow":"follow","max-snippet":"max-snippet:-1","max-image-preview":"max-image-preview:large","max-video-preview":"max-video-preview:-1"},"canonical":"https:\/\/edfrozen.com\/sq\/product\/pici\/","og_locale":"sq_AL","og_type":"article","og_title":"Pici - Ed Frozen","og_description":"P\u00ebrb\u00ebr\u00ebsit: semolina gruri durum, vez\u00eb hambari.  Formati: Pici-t fillimisht u prodhuan n\u00eb pjes\u00ebn e Toskan\u00ebs midis Sien\u00ebs dhe Grosetos. Ato p\u00ebrgatiten nga nj\u00eb brum\u00eb i thjesht\u00eb mielli dhe uji i cili shtypet, pritet n\u00eb shirita dhe mb\u00ebshtillet derisa t\u00eb duket si spageti e trash\u00eb dhe e pabarabart\u00eb. Pici-t jan\u00eb simbol i nj\u00eb tradite gatimi fshatare dhe, si t\u00eb tilla, vler\u00ebsohen gjithnj\u00eb e m\u00eb shum\u00eb n\u00eb dit\u00ebt e sotme. Kombinimet e tyre klasike jan\u00eb me \"aglione\", nj\u00eb salc\u00eb domatesh me arom\u00eb t\u00eb fort\u00eb hudhre, dhe me buk\u00eb t\u00eb skuqur. Ato shkojn\u00eb gjithashtu mir\u00eb me salca t\u00eb pasura me mish, ve\u00e7an\u00ebrisht me ros\u00eb.  Informacion mbi Produktin          Koha e ruajtjes (-18 \u00b0 C): 24 muaj   Pesha p\u00ebr cop\u00eb: +-35 g   Rendimenti i porcionit pas gatimit: 90","og_url":"https:\/\/edfrozen.com\/sq\/product\/pici\/","og_site_name":"Ed Frozen","article_publisher":"https:\/\/www.facebook.com\/edfrozenalbania\/","article_modified_time":"2025-06-17T07:45:46+00:00","og_image":[{"width":1000,"height":1000,"url":"https:\/\/edfrozen.com\/wp-content\/uploads\/2025\/06\/laboratorio-tortellini-pici-e14.png","type":"image\/png"}],"twitter_card":"summary_large_image","twitter_misc":{"Est. reading time":"1 minute"},"schema":{"@context":"https:\/\/schema.org","@graph":[{"@type":"WebPage","@id":"https:\/\/edfrozen.com\/sq\/product\/pici\/","url":"https:\/\/edfrozen.com\/sq\/product\/pici\/","name":"Pici - Ed Frozen","isPartOf":{"@id":"https:\/\/edfrozen.com\/#website"},"primaryImageOfPage":{"@id":"https:\/\/edfrozen.com\/sq\/product\/pici\/#primaryimage"},"image":{"@id":"https:\/\/edfrozen.com\/sq\/product\/pici\/#primaryimage"},"thumbnailUrl":"https:\/\/edfrozen.com\/wp-content\/uploads\/2025\/06\/laboratorio-tortellini-pici-e14.png","datePublished":"2025-06-09T14:23:11+00:00","dateModified":"2025-06-17T07:45:46+00:00","breadcrumb":{"@id":"https:\/\/edfrozen.com\/sq\/product\/pici\/#breadcrumb"},"inLanguage":"sq-AL","potentialAction":[{"@type":"ReadAction","target":["https:\/\/edfrozen.com\/sq\/product\/pici\/"]}]},{"@type":"ImageObject","inLanguage":"sq-AL","@id":"https:\/\/edfrozen.com\/sq\/product\/pici\/#primaryimage","url":"https:\/\/edfrozen.com\/wp-content\/uploads\/2025\/06\/laboratorio-tortellini-pici-e14.png","contentUrl":"https:\/\/edfrozen.com\/wp-content\/uploads\/2025\/06\/laboratorio-tortellini-pici-e14.png","width":1000,"height":1000},{"@type":"BreadcrumbList","@id":"https:\/\/edfrozen.com\/sq\/product\/pici\/#breadcrumb","itemListElement":[{"@type":"ListItem","position":1,"name":"Home","item":"https:\/\/edfrozen.com\/"},{"@type":"ListItem","position":2,"name":"Shop","item":"https:\/\/edfrozen.com\/?page_id=11590"},{"@type":"ListItem","position":3,"name":"Pici"}]},{"@type":"WebSite","@id":"https:\/\/edfrozen.com\/#website","url":"https:\/\/edfrozen.com\/","name":"Ed Frozen","description":"Food &amp; Distribution in Albania","publisher":{"@id":"https:\/\/edfrozen.com\/#organization"},"potentialAction":[{"@type":"SearchAction","target":{"@type":"EntryPoint","urlTemplate":"https:\/\/edfrozen.com\/?s={search_term_string}"},"query-input":{"@type":"PropertyValueSpecification","valueRequired":true,"valueName":"search_term_string"}}],"inLanguage":"sq-AL"},{"@type":"Organization","@id":"https:\/\/edfrozen.com\/#organization","name":"ED FROZEN","url":"https:\/\/edfrozen.com\/","logo":{"@type":"ImageObject","inLanguage":"sq-AL","@id":"https:\/\/edfrozen.com\/#\/schema\/logo\/image\/","url":"https:\/\/edfrozen.com\/wp-content\/uploads\/2021\/11\/logo-edfrozen-copy.png","contentUrl":"https:\/\/edfrozen.com\/wp-content\/uploads\/2021\/11\/logo-edfrozen-copy.png","width":1017,"height":286,"caption":"ED FROZEN"},"image":{"@id":"https:\/\/edfrozen.com\/#\/schema\/logo\/image\/"},"sameAs":["https:\/\/www.facebook.com\/edfrozenalbania\/"]}]}},"_links":{"self":[{"href":"https:\/\/edfrozen.com\/sq\/wp-json\/wp\/v2\/product\/12455","targetHints":{"allow":["GET"]}}],"collection":[{"href":"https:\/\/edfrozen.com\/sq\/wp-json\/wp\/v2\/product"}],"about":[{"href":"https:\/\/edfrozen.com\/sq\/wp-json\/wp\/v2\/types\/product"}],"wp:featuredmedia":[{"embeddable":true,"href":"https:\/\/edfrozen.com\/sq\/wp-json\/wp\/v2\/media\/12234"}],"wp:attachment":[{"href":"https:\/\/edfrozen.com\/sq\/wp-json\/wp\/v2\/media?parent=12455"}],"wp:term":[{"taxonomy":"product_cat","embeddable":true,"href":"https:\/\/edfrozen.com\/sq\/wp-json\/wp\/v2\/product_cat?post=12455"},{"taxonomy":"product_tag","embeddable":true,"href":"https:\/\/edfrozen.com\/sq\/wp-json\/wp\/v2\/product_tag?post=12455"}],"curies":[{"name":"wp","href":"https:\/\/api.w.org\/{rel}","templated":true}]}}