{"id":12459,"date":"2025-06-09T16:09:56","date_gmt":"2025-06-09T14:09:56","guid":{"rendered":"https:\/\/edfrozen.com\/product\/grantortellone-with-ricotta-and-spinach\/"},"modified":"2025-06-17T09:51:09","modified_gmt":"2025-06-17T07:51:09","slug":"grantortellone-me-rikota-dhe-spinaq","status":"publish","type":"product","link":"https:\/\/edfrozen.com\/sq\/product\/grantortellone-me-rikota-dhe-spinaq\/","title":{"rendered":"Grantortellone\u00ae me rikota dhe spinaq"},"content":{"rendered":"","protected":false},"excerpt":{"rendered":"<div class=\"s-editable\">\n<div class=\"s-editable\">\n<div class=\"s-editable\">\n<div class=\"s-editable\">\n<div class=\"s-editable\">\n<p><strong>P\u00ebrb\u00ebr\u00ebsit<\/strong>: miell gruri durum, vez\u00eb hambari.<\/p>\n<p><strong>P\u00ebrb\u00ebr\u00ebsit (mbushja):<\/strong> Rikota 70%, spinaq 17%, Grana Padano DOP, buk\u00eb e thekur, krip\u00eb.<\/p>\n<p><strong>Informacion mbi Produktin<\/strong><\/p>\n<\/div>\n<\/div>\n<\/div>\n<\/div>\n<\/div>\n<table class=\"style-1\" style=\"height: 195px;\" width=\"644\">\n<tbody>\n<tr>\n<td style=\"text-align: left;\">Koha e ruajtjes (-18 \u00b0 C):<\/td>\n<td>24 muaj<\/td>\n<\/tr>\n<tr>\n<td style=\"text-align: left;\">Pesha p\u00ebr cop\u00eb:<\/td>\n<td>+-15,3 g<\/td>\n<\/tr>\n<tr>\n<td style=\"text-align: left;\">Rendimenti i porcionit pas gatimit:<\/td>\n<td>25<\/td>\n<\/tr>\n<tr>\n<td style=\"text-align: left;\">P\u00ebrqindja e makaronave (%):<\/td>\n<td>48<\/td>\n<\/tr>\n<tr>\n<td style=\"text-align: left;\">P\u00ebrqindja e mbushjes (%):<\/td>\n<td>52<\/td>\n<\/tr>\n<\/tbody>\n<\/table>\n","protected":false},"featured_media":12226,"template":"","meta":{"inline_featured_image":false},"product_cat":[87],"product_tag":[],"class_list":{"0":"post-12459","1":"product","2":"type-product","3":"status-publish","4":"has-post-thumbnail","6":"product_cat-pasta-gourmet-sq","8":"first","9":"instock","10":"shipping-taxable","11":"product-type-simple"},"yoast_head":"<!-- This site is optimized with the Yoast SEO plugin v27.3 - https:\/\/yoast.com\/product\/yoast-seo-wordpress\/ -->\n<title>Grantortellone\u00ae me rikota dhe spinaq - Ed Frozen<\/title>\n<meta name=\"robots\" content=\"index, follow, max-snippet:-1, max-image-preview:large, max-video-preview:-1\" \/>\n<link rel=\"canonical\" href=\"https:\/\/edfrozen.com\/sq\/product\/grantortellone-me-rikota-dhe-spinaq\/\" \/>\n<meta property=\"og:locale\" content=\"sq_AL\" \/>\n<meta property=\"og:type\" content=\"article\" \/>\n<meta property=\"og:title\" content=\"Grantortellone\u00ae me rikota dhe spinaq - Ed Frozen\" \/>\n<meta property=\"og:description\" content=\"P\u00ebrb\u00ebr\u00ebsit: miell gruri durum, vez\u00eb hambari.  P\u00ebrb\u00ebr\u00ebsit (mbushja): Rikota 70%, spinaq 17%, Grana Padano DOP, buk\u00eb e thekur, krip\u00eb.  Informacion mbi Produktin          Koha e ruajtjes (-18 \u00b0 C): 24 muaj   Pesha p\u00ebr cop\u00eb: +-15,3 g   Rendimenti i porcionit pas gatimit: 25   P\u00ebrqindja e makaronave (%): 48   P\u00ebrqindja e mbushjes (%): 52\" \/>\n<meta property=\"og:url\" content=\"https:\/\/edfrozen.com\/sq\/product\/grantortellone-me-rikota-dhe-spinaq\/\" \/>\n<meta property=\"og:site_name\" content=\"Ed Frozen\" \/>\n<meta property=\"article:publisher\" content=\"https:\/\/www.facebook.com\/edfrozenalbania\/\" \/>\n<meta property=\"article:modified_time\" content=\"2025-06-17T07:51:09+00:00\" \/>\n<meta property=\"og:image\" content=\"https:\/\/edfrozen.com\/wp-content\/uploads\/2025\/06\/laboratorio-tortellini-grantortellone-ricotta-e-spinaci-b15-11.png\" \/>\n\t<meta property=\"og:image:width\" content=\"1000\" \/>\n\t<meta property=\"og:image:height\" content=\"1000\" \/>\n\t<meta property=\"og:image:type\" content=\"image\/png\" \/>\n<meta name=\"twitter:card\" content=\"summary_large_image\" \/>\n<meta name=\"twitter:label1\" content=\"Est. reading time\" \/>\n\t<meta name=\"twitter:data1\" content=\"1 minute\" \/>\n<script type=\"application\/ld+json\" class=\"yoast-schema-graph\">{\"@context\":\"https:\\\/\\\/schema.org\",\"@graph\":[{\"@type\":\"WebPage\",\"@id\":\"https:\\\/\\\/edfrozen.com\\\/sq\\\/product\\\/grantortellone-me-rikota-dhe-spinaq\\\/\",\"url\":\"https:\\\/\\\/edfrozen.com\\\/sq\\\/product\\\/grantortellone-me-rikota-dhe-spinaq\\\/\",\"name\":\"Grantortellone\u00ae me rikota dhe spinaq - Ed Frozen\",\"isPartOf\":{\"@id\":\"https:\\\/\\\/edfrozen.com\\\/#website\"},\"primaryImageOfPage\":{\"@id\":\"https:\\\/\\\/edfrozen.com\\\/sq\\\/product\\\/grantortellone-me-rikota-dhe-spinaq\\\/#primaryimage\"},\"image\":{\"@id\":\"https:\\\/\\\/edfrozen.com\\\/sq\\\/product\\\/grantortellone-me-rikota-dhe-spinaq\\\/#primaryimage\"},\"thumbnailUrl\":\"https:\\\/\\\/edfrozen.com\\\/wp-content\\\/uploads\\\/2025\\\/06\\\/laboratorio-tortellini-grantortellone-ricotta-e-spinaci-b15-11.png\",\"datePublished\":\"2025-06-09T14:09:56+00:00\",\"dateModified\":\"2025-06-17T07:51:09+00:00\",\"breadcrumb\":{\"@id\":\"https:\\\/\\\/edfrozen.com\\\/sq\\\/product\\\/grantortellone-me-rikota-dhe-spinaq\\\/#breadcrumb\"},\"inLanguage\":\"sq-AL\",\"potentialAction\":[{\"@type\":\"ReadAction\",\"target\":[\"https:\\\/\\\/edfrozen.com\\\/sq\\\/product\\\/grantortellone-me-rikota-dhe-spinaq\\\/\"]}]},{\"@type\":\"ImageObject\",\"inLanguage\":\"sq-AL\",\"@id\":\"https:\\\/\\\/edfrozen.com\\\/sq\\\/product\\\/grantortellone-me-rikota-dhe-spinaq\\\/#primaryimage\",\"url\":\"https:\\\/\\\/edfrozen.com\\\/wp-content\\\/uploads\\\/2025\\\/06\\\/laboratorio-tortellini-grantortellone-ricotta-e-spinaci-b15-11.png\",\"contentUrl\":\"https:\\\/\\\/edfrozen.com\\\/wp-content\\\/uploads\\\/2025\\\/06\\\/laboratorio-tortellini-grantortellone-ricotta-e-spinaci-b15-11.png\",\"width\":1000,\"height\":1000},{\"@type\":\"BreadcrumbList\",\"@id\":\"https:\\\/\\\/edfrozen.com\\\/sq\\\/product\\\/grantortellone-me-rikota-dhe-spinaq\\\/#breadcrumb\",\"itemListElement\":[{\"@type\":\"ListItem\",\"position\":1,\"name\":\"Home\",\"item\":\"https:\\\/\\\/edfrozen.com\\\/\"},{\"@type\":\"ListItem\",\"position\":2,\"name\":\"Shop\",\"item\":\"https:\\\/\\\/edfrozen.com\\\/?page_id=11590\"},{\"@type\":\"ListItem\",\"position\":3,\"name\":\"Grantortellone\u00ae me rikota dhe spinaq\"}]},{\"@type\":\"WebSite\",\"@id\":\"https:\\\/\\\/edfrozen.com\\\/#website\",\"url\":\"https:\\\/\\\/edfrozen.com\\\/\",\"name\":\"Ed Frozen\",\"description\":\"Food &amp; Distribution in Albania\",\"publisher\":{\"@id\":\"https:\\\/\\\/edfrozen.com\\\/#organization\"},\"potentialAction\":[{\"@type\":\"SearchAction\",\"target\":{\"@type\":\"EntryPoint\",\"urlTemplate\":\"https:\\\/\\\/edfrozen.com\\\/?s={search_term_string}\"},\"query-input\":{\"@type\":\"PropertyValueSpecification\",\"valueRequired\":true,\"valueName\":\"search_term_string\"}}],\"inLanguage\":\"sq-AL\"},{\"@type\":\"Organization\",\"@id\":\"https:\\\/\\\/edfrozen.com\\\/#organization\",\"name\":\"ED FROZEN\",\"url\":\"https:\\\/\\\/edfrozen.com\\\/\",\"logo\":{\"@type\":\"ImageObject\",\"inLanguage\":\"sq-AL\",\"@id\":\"https:\\\/\\\/edfrozen.com\\\/#\\\/schema\\\/logo\\\/image\\\/\",\"url\":\"https:\\\/\\\/edfrozen.com\\\/wp-content\\\/uploads\\\/2021\\\/11\\\/logo-edfrozen-copy.png\",\"contentUrl\":\"https:\\\/\\\/edfrozen.com\\\/wp-content\\\/uploads\\\/2021\\\/11\\\/logo-edfrozen-copy.png\",\"width\":1017,\"height\":286,\"caption\":\"ED FROZEN\"},\"image\":{\"@id\":\"https:\\\/\\\/edfrozen.com\\\/#\\\/schema\\\/logo\\\/image\\\/\"},\"sameAs\":[\"https:\\\/\\\/www.facebook.com\\\/edfrozenalbania\\\/\"]}]}<\/script>\n<!-- \/ Yoast SEO plugin. -->","yoast_head_json":{"title":"Grantortellone\u00ae me rikota dhe spinaq - Ed Frozen","robots":{"index":"index","follow":"follow","max-snippet":"max-snippet:-1","max-image-preview":"max-image-preview:large","max-video-preview":"max-video-preview:-1"},"canonical":"https:\/\/edfrozen.com\/sq\/product\/grantortellone-me-rikota-dhe-spinaq\/","og_locale":"sq_AL","og_type":"article","og_title":"Grantortellone\u00ae me rikota dhe spinaq - Ed Frozen","og_description":"P\u00ebrb\u00ebr\u00ebsit: miell gruri durum, vez\u00eb hambari.  P\u00ebrb\u00ebr\u00ebsit (mbushja): Rikota 70%, spinaq 17%, Grana Padano DOP, buk\u00eb e thekur, krip\u00eb.  Informacion mbi Produktin          Koha e ruajtjes (-18 \u00b0 C): 24 muaj   Pesha p\u00ebr cop\u00eb: +-15,3 g   Rendimenti i porcionit pas gatimit: 25   P\u00ebrqindja e makaronave (%): 48   P\u00ebrqindja e mbushjes (%): 52","og_url":"https:\/\/edfrozen.com\/sq\/product\/grantortellone-me-rikota-dhe-spinaq\/","og_site_name":"Ed Frozen","article_publisher":"https:\/\/www.facebook.com\/edfrozenalbania\/","article_modified_time":"2025-06-17T07:51:09+00:00","og_image":[{"width":1000,"height":1000,"url":"https:\/\/edfrozen.com\/wp-content\/uploads\/2025\/06\/laboratorio-tortellini-grantortellone-ricotta-e-spinaci-b15-11.png","type":"image\/png"}],"twitter_card":"summary_large_image","twitter_misc":{"Est. reading time":"1 minute"},"schema":{"@context":"https:\/\/schema.org","@graph":[{"@type":"WebPage","@id":"https:\/\/edfrozen.com\/sq\/product\/grantortellone-me-rikota-dhe-spinaq\/","url":"https:\/\/edfrozen.com\/sq\/product\/grantortellone-me-rikota-dhe-spinaq\/","name":"Grantortellone\u00ae me rikota dhe spinaq - Ed Frozen","isPartOf":{"@id":"https:\/\/edfrozen.com\/#website"},"primaryImageOfPage":{"@id":"https:\/\/edfrozen.com\/sq\/product\/grantortellone-me-rikota-dhe-spinaq\/#primaryimage"},"image":{"@id":"https:\/\/edfrozen.com\/sq\/product\/grantortellone-me-rikota-dhe-spinaq\/#primaryimage"},"thumbnailUrl":"https:\/\/edfrozen.com\/wp-content\/uploads\/2025\/06\/laboratorio-tortellini-grantortellone-ricotta-e-spinaci-b15-11.png","datePublished":"2025-06-09T14:09:56+00:00","dateModified":"2025-06-17T07:51:09+00:00","breadcrumb":{"@id":"https:\/\/edfrozen.com\/sq\/product\/grantortellone-me-rikota-dhe-spinaq\/#breadcrumb"},"inLanguage":"sq-AL","potentialAction":[{"@type":"ReadAction","target":["https:\/\/edfrozen.com\/sq\/product\/grantortellone-me-rikota-dhe-spinaq\/"]}]},{"@type":"ImageObject","inLanguage":"sq-AL","@id":"https:\/\/edfrozen.com\/sq\/product\/grantortellone-me-rikota-dhe-spinaq\/#primaryimage","url":"https:\/\/edfrozen.com\/wp-content\/uploads\/2025\/06\/laboratorio-tortellini-grantortellone-ricotta-e-spinaci-b15-11.png","contentUrl":"https:\/\/edfrozen.com\/wp-content\/uploads\/2025\/06\/laboratorio-tortellini-grantortellone-ricotta-e-spinaci-b15-11.png","width":1000,"height":1000},{"@type":"BreadcrumbList","@id":"https:\/\/edfrozen.com\/sq\/product\/grantortellone-me-rikota-dhe-spinaq\/#breadcrumb","itemListElement":[{"@type":"ListItem","position":1,"name":"Home","item":"https:\/\/edfrozen.com\/"},{"@type":"ListItem","position":2,"name":"Shop","item":"https:\/\/edfrozen.com\/?page_id=11590"},{"@type":"ListItem","position":3,"name":"Grantortellone\u00ae me rikota dhe spinaq"}]},{"@type":"WebSite","@id":"https:\/\/edfrozen.com\/#website","url":"https:\/\/edfrozen.com\/","name":"Ed Frozen","description":"Food &amp; Distribution in Albania","publisher":{"@id":"https:\/\/edfrozen.com\/#organization"},"potentialAction":[{"@type":"SearchAction","target":{"@type":"EntryPoint","urlTemplate":"https:\/\/edfrozen.com\/?s={search_term_string}"},"query-input":{"@type":"PropertyValueSpecification","valueRequired":true,"valueName":"search_term_string"}}],"inLanguage":"sq-AL"},{"@type":"Organization","@id":"https:\/\/edfrozen.com\/#organization","name":"ED FROZEN","url":"https:\/\/edfrozen.com\/","logo":{"@type":"ImageObject","inLanguage":"sq-AL","@id":"https:\/\/edfrozen.com\/#\/schema\/logo\/image\/","url":"https:\/\/edfrozen.com\/wp-content\/uploads\/2021\/11\/logo-edfrozen-copy.png","contentUrl":"https:\/\/edfrozen.com\/wp-content\/uploads\/2021\/11\/logo-edfrozen-copy.png","width":1017,"height":286,"caption":"ED FROZEN"},"image":{"@id":"https:\/\/edfrozen.com\/#\/schema\/logo\/image\/"},"sameAs":["https:\/\/www.facebook.com\/edfrozenalbania\/"]}]}},"_links":{"self":[{"href":"https:\/\/edfrozen.com\/sq\/wp-json\/wp\/v2\/product\/12459","targetHints":{"allow":["GET"]}}],"collection":[{"href":"https:\/\/edfrozen.com\/sq\/wp-json\/wp\/v2\/product"}],"about":[{"href":"https:\/\/edfrozen.com\/sq\/wp-json\/wp\/v2\/types\/product"}],"wp:featuredmedia":[{"embeddable":true,"href":"https:\/\/edfrozen.com\/sq\/wp-json\/wp\/v2\/media\/12226"}],"wp:attachment":[{"href":"https:\/\/edfrozen.com\/sq\/wp-json\/wp\/v2\/media?parent=12459"}],"wp:term":[{"taxonomy":"product_cat","embeddable":true,"href":"https:\/\/edfrozen.com\/sq\/wp-json\/wp\/v2\/product_cat?post=12459"},{"taxonomy":"product_tag","embeddable":true,"href":"https:\/\/edfrozen.com\/sq\/wp-json\/wp\/v2\/product_tag?post=12459"}],"curies":[{"name":"wp","href":"https:\/\/api.w.org\/{rel}","templated":true}]}}