{"id":12553,"date":"2025-08-13T12:40:52","date_gmt":"2025-08-13T10:40:52","guid":{"rendered":"https:\/\/edfrozen.com\/product\/pizza-bases-2x150g-gluten-free\/"},"modified":"2025-08-21T12:37:37","modified_gmt":"2025-08-21T10:37:37","slug":"brume-pizza-2x150g-pa-gluten","status":"publish","type":"product","link":"https:\/\/edfrozen.com\/sq\/product\/brume-pizza-2x150g-pa-gluten\/","title":{"rendered":"Brume pizza 2x150g. pa gluten"},"content":{"rendered":"","protected":false},"excerpt":{"rendered":"<p><strong>P\u00ebrb\u00ebr\u00ebsit:<\/strong> uj\u00eb, niseshte misri, brum\u00eb i thart\u00eb 19%: miell orizi, uj\u00eb; miell hik\u00ebrrori, shurup sheqeri invert, miell orizi, fibra molle, niseshte orizi, vaj luledielli, protein\u00eb soje, sheqer, krip\u00eb, trash\u00ebsues: hidroksipropilmetilceluloz\u00eb, guma guar; maja, fibra: bizele, plantain. Mund t\u00eb p\u00ebrmbaj\u00eb susam.<\/p>\n<p><strong>P\u00ebrgatitja: piqet me p\u00ebrb\u00ebr\u00ebsit p\u00ebr 5\u20138 minuta n\u00eb 220\u2013230\u00b0C.<\/strong><\/p>\n<p>Produkt gati p\u00ebr konsum. T\u00eb konsumohet brenda 48 or\u00ebsh pas hapjes.<\/p>\n<div class=\"s-editable\">\n<div class=\"s-editable\">\n<div class=\"s-editable\">\n<div class=\"s-editable\">\n<div class=\"s-editable\">\n<div class=\"c-product-head__description\">\n<p><strong>Informacion mbi produktin:<\/strong><\/p>\n<\/div>\n<\/div>\n<\/div>\n<\/div>\n<\/div>\n<\/div>\n<table class=\"style-1\" style=\"height: 195px;\" width=\"644\">\n<tbody>\n<tr>\n<td style=\"text-align: left;\"><strong>Vlerat e energjis\u00eb:<\/strong><\/td>\n<td>926kj\/219 kcal<\/td>\n<\/tr>\n<tr>\n<td style=\"text-align: left;\"><strong>Yndyrna (g):<\/strong><\/td>\n<td>3.2<\/td>\n<\/tr>\n<tr>\n<td style=\"text-align: left;\"><strong>Karbohidrate (g):<\/strong><\/td>\n<td>42.6<\/td>\n<\/tr>\n<tr>\n<td style=\"text-align: left;\"><strong>Karbohidrate (sheqerna):<\/strong><\/td>\n<td>3.3<\/td>\n<\/tr>\n<tr>\n<td style=\"text-align: left;\"><strong>Fibra:<\/strong><\/td>\n<td>3.1<\/td>\n<\/tr>\n<tr>\n<td style=\"text-align: left;\"><strong>Proteina:<\/strong><\/td>\n<td>3.4<\/td>\n<\/tr>\n<tr>\n<td style=\"text-align: left;\"><strong>Krip\u00eb:<\/strong><\/td>\n<td>1.69<\/td>\n<\/tr>\n<tr>\n<td style=\"text-align: left;\"><strong>Pesha (g):<\/strong><\/td>\n<td>150g<\/td>\n<\/tr>\n<\/tbody>\n<\/table>\n","protected":false},"featured_media":12511,"template":"","meta":{"inline_featured_image":false},"product_cat":[116],"product_tag":[],"class_list":{"0":"post-12553","1":"product","2":"type-product","3":"status-publish","4":"has-post-thumbnail","6":"product_brand-balviten","7":"product_cat-gluten-free-sq","9":"first","10":"instock","11":"shipping-taxable","12":"product-type-simple"},"yoast_head":"<!-- This site is optimized with the Yoast SEO plugin v27.4 - https:\/\/yoast.com\/product\/yoast-seo-wordpress\/ -->\n<title>Brume pizza 2x150g. pa gluten - Ed Frozen<\/title>\n<meta name=\"robots\" content=\"index, follow, max-snippet:-1, max-image-preview:large, max-video-preview:-1\" \/>\n<link rel=\"canonical\" href=\"https:\/\/edfrozen.com\/sq\/product\/brume-pizza-2x150g-pa-gluten\/\" \/>\n<meta property=\"og:locale\" content=\"sq_AL\" \/>\n<meta property=\"og:type\" content=\"article\" \/>\n<meta property=\"og:title\" content=\"Brume pizza 2x150g. pa gluten - Ed Frozen\" \/>\n<meta property=\"og:description\" content=\"P\u00ebrb\u00ebr\u00ebsit: uj\u00eb, niseshte misri, brum\u00eb i thart\u00eb 19%: miell orizi, uj\u00eb; miell hik\u00ebrrori, shurup sheqeri invert, miell orizi, fibra molle, niseshte orizi, vaj luledielli, protein\u00eb soje, sheqer, krip\u00eb, trash\u00ebsues: hidroksipropilmetilceluloz\u00eb, guma guar; maja, fibra: bizele, plantain. Mund t\u00eb p\u00ebrmbaj\u00eb susam.  P\u00ebrgatitja: piqet me p\u00ebrb\u00ebr\u00ebsit p\u00ebr 5\u20138 minuta n\u00eb 220\u2013230\u00b0C.  Produkt gati p\u00ebr konsum. T\u00eb konsumohet brenda 48 or\u00ebsh pas hapjes.        Informacion mbi produktin:           Vlerat e energjis\u00eb: 926kj\/219 kcal   Yndyrna (g): 3.2   Karbohidrate (g): 42.6   Karbohidrate (sheqerna): 3.3   Fibra: 3.1   Proteina: 3.4   Krip\u00eb: 1.69   Pesha (g): 150g\" \/>\n<meta property=\"og:url\" content=\"https:\/\/edfrozen.com\/sq\/product\/brume-pizza-2x150g-pa-gluten\/\" \/>\n<meta property=\"og:site_name\" content=\"Ed Frozen\" \/>\n<meta property=\"article:publisher\" content=\"https:\/\/www.facebook.com\/edfrozenalbania\/\" \/>\n<meta property=\"article:modified_time\" content=\"2025-08-21T10:37:37+00:00\" \/>\n<meta property=\"og:image\" content=\"https:\/\/edfrozen.com\/wp-content\/uploads\/2025\/08\/Pizza-bases-2x150g-.-Gluten-free-product.png\" \/>\n\t<meta property=\"og:image:width\" content=\"800\" \/>\n\t<meta property=\"og:image:height\" content=\"600\" \/>\n\t<meta property=\"og:image:type\" content=\"image\/png\" \/>\n<meta name=\"twitter:card\" content=\"summary_large_image\" \/>\n<meta name=\"twitter:label1\" content=\"Est. reading time\" \/>\n\t<meta name=\"twitter:data1\" content=\"1 minute\" \/>\n<script type=\"application\/ld+json\" class=\"yoast-schema-graph\">{\"@context\":\"https:\\\/\\\/schema.org\",\"@graph\":[{\"@type\":\"WebPage\",\"@id\":\"https:\\\/\\\/edfrozen.com\\\/sq\\\/product\\\/brume-pizza-2x150g-pa-gluten\\\/\",\"url\":\"https:\\\/\\\/edfrozen.com\\\/sq\\\/product\\\/brume-pizza-2x150g-pa-gluten\\\/\",\"name\":\"Brume pizza 2x150g. pa gluten - Ed Frozen\",\"isPartOf\":{\"@id\":\"https:\\\/\\\/edfrozen.com\\\/#website\"},\"primaryImageOfPage\":{\"@id\":\"https:\\\/\\\/edfrozen.com\\\/sq\\\/product\\\/brume-pizza-2x150g-pa-gluten\\\/#primaryimage\"},\"image\":{\"@id\":\"https:\\\/\\\/edfrozen.com\\\/sq\\\/product\\\/brume-pizza-2x150g-pa-gluten\\\/#primaryimage\"},\"thumbnailUrl\":\"https:\\\/\\\/edfrozen.com\\\/wp-content\\\/uploads\\\/2025\\\/08\\\/Pizza-bases-2x150g-.-Gluten-free-product.png\",\"datePublished\":\"2025-08-13T10:40:52+00:00\",\"dateModified\":\"2025-08-21T10:37:37+00:00\",\"breadcrumb\":{\"@id\":\"https:\\\/\\\/edfrozen.com\\\/sq\\\/product\\\/brume-pizza-2x150g-pa-gluten\\\/#breadcrumb\"},\"inLanguage\":\"sq-AL\",\"potentialAction\":[{\"@type\":\"ReadAction\",\"target\":[\"https:\\\/\\\/edfrozen.com\\\/sq\\\/product\\\/brume-pizza-2x150g-pa-gluten\\\/\"]}]},{\"@type\":\"ImageObject\",\"inLanguage\":\"sq-AL\",\"@id\":\"https:\\\/\\\/edfrozen.com\\\/sq\\\/product\\\/brume-pizza-2x150g-pa-gluten\\\/#primaryimage\",\"url\":\"https:\\\/\\\/edfrozen.com\\\/wp-content\\\/uploads\\\/2025\\\/08\\\/Pizza-bases-2x150g-.-Gluten-free-product.png\",\"contentUrl\":\"https:\\\/\\\/edfrozen.com\\\/wp-content\\\/uploads\\\/2025\\\/08\\\/Pizza-bases-2x150g-.-Gluten-free-product.png\",\"width\":800,\"height\":600},{\"@type\":\"BreadcrumbList\",\"@id\":\"https:\\\/\\\/edfrozen.com\\\/sq\\\/product\\\/brume-pizza-2x150g-pa-gluten\\\/#breadcrumb\",\"itemListElement\":[{\"@type\":\"ListItem\",\"position\":1,\"name\":\"Home\",\"item\":\"https:\\\/\\\/edfrozen.com\\\/\"},{\"@type\":\"ListItem\",\"position\":2,\"name\":\"Shop\",\"item\":\"https:\\\/\\\/edfrozen.com\\\/?page_id=11590\"},{\"@type\":\"ListItem\",\"position\":3,\"name\":\"Brume pizza 2x150g. pa gluten\"}]},{\"@type\":\"WebSite\",\"@id\":\"https:\\\/\\\/edfrozen.com\\\/#website\",\"url\":\"https:\\\/\\\/edfrozen.com\\\/\",\"name\":\"Ed Frozen\",\"description\":\"Food &amp; Distribution in Albania\",\"publisher\":{\"@id\":\"https:\\\/\\\/edfrozen.com\\\/#organization\"},\"potentialAction\":[{\"@type\":\"SearchAction\",\"target\":{\"@type\":\"EntryPoint\",\"urlTemplate\":\"https:\\\/\\\/edfrozen.com\\\/?s={search_term_string}\"},\"query-input\":{\"@type\":\"PropertyValueSpecification\",\"valueRequired\":true,\"valueName\":\"search_term_string\"}}],\"inLanguage\":\"sq-AL\"},{\"@type\":\"Organization\",\"@id\":\"https:\\\/\\\/edfrozen.com\\\/#organization\",\"name\":\"ED FROZEN\",\"url\":\"https:\\\/\\\/edfrozen.com\\\/\",\"logo\":{\"@type\":\"ImageObject\",\"inLanguage\":\"sq-AL\",\"@id\":\"https:\\\/\\\/edfrozen.com\\\/#\\\/schema\\\/logo\\\/image\\\/\",\"url\":\"https:\\\/\\\/edfrozen.com\\\/wp-content\\\/uploads\\\/2021\\\/11\\\/logo-edfrozen-copy.png\",\"contentUrl\":\"https:\\\/\\\/edfrozen.com\\\/wp-content\\\/uploads\\\/2021\\\/11\\\/logo-edfrozen-copy.png\",\"width\":1017,\"height\":286,\"caption\":\"ED FROZEN\"},\"image\":{\"@id\":\"https:\\\/\\\/edfrozen.com\\\/#\\\/schema\\\/logo\\\/image\\\/\"},\"sameAs\":[\"https:\\\/\\\/www.facebook.com\\\/edfrozenalbania\\\/\"]}]}<\/script>\n<!-- \/ Yoast SEO plugin. -->","yoast_head_json":{"title":"Brume pizza 2x150g. pa gluten - Ed Frozen","robots":{"index":"index","follow":"follow","max-snippet":"max-snippet:-1","max-image-preview":"max-image-preview:large","max-video-preview":"max-video-preview:-1"},"canonical":"https:\/\/edfrozen.com\/sq\/product\/brume-pizza-2x150g-pa-gluten\/","og_locale":"sq_AL","og_type":"article","og_title":"Brume pizza 2x150g. pa gluten - Ed Frozen","og_description":"P\u00ebrb\u00ebr\u00ebsit: uj\u00eb, niseshte misri, brum\u00eb i thart\u00eb 19%: miell orizi, uj\u00eb; miell hik\u00ebrrori, shurup sheqeri invert, miell orizi, fibra molle, niseshte orizi, vaj luledielli, protein\u00eb soje, sheqer, krip\u00eb, trash\u00ebsues: hidroksipropilmetilceluloz\u00eb, guma guar; maja, fibra: bizele, plantain. Mund t\u00eb p\u00ebrmbaj\u00eb susam.  P\u00ebrgatitja: piqet me p\u00ebrb\u00ebr\u00ebsit p\u00ebr 5\u20138 minuta n\u00eb 220\u2013230\u00b0C.  Produkt gati p\u00ebr konsum. T\u00eb konsumohet brenda 48 or\u00ebsh pas hapjes.        Informacion mbi produktin:           Vlerat e energjis\u00eb: 926kj\/219 kcal   Yndyrna (g): 3.2   Karbohidrate (g): 42.6   Karbohidrate (sheqerna): 3.3   Fibra: 3.1   Proteina: 3.4   Krip\u00eb: 1.69   Pesha (g): 150g","og_url":"https:\/\/edfrozen.com\/sq\/product\/brume-pizza-2x150g-pa-gluten\/","og_site_name":"Ed Frozen","article_publisher":"https:\/\/www.facebook.com\/edfrozenalbania\/","article_modified_time":"2025-08-21T10:37:37+00:00","og_image":[{"width":800,"height":600,"url":"https:\/\/edfrozen.com\/wp-content\/uploads\/2025\/08\/Pizza-bases-2x150g-.-Gluten-free-product.png","type":"image\/png"}],"twitter_card":"summary_large_image","twitter_misc":{"Est. reading time":"1 minute"},"schema":{"@context":"https:\/\/schema.org","@graph":[{"@type":"WebPage","@id":"https:\/\/edfrozen.com\/sq\/product\/brume-pizza-2x150g-pa-gluten\/","url":"https:\/\/edfrozen.com\/sq\/product\/brume-pizza-2x150g-pa-gluten\/","name":"Brume pizza 2x150g. pa gluten - Ed Frozen","isPartOf":{"@id":"https:\/\/edfrozen.com\/#website"},"primaryImageOfPage":{"@id":"https:\/\/edfrozen.com\/sq\/product\/brume-pizza-2x150g-pa-gluten\/#primaryimage"},"image":{"@id":"https:\/\/edfrozen.com\/sq\/product\/brume-pizza-2x150g-pa-gluten\/#primaryimage"},"thumbnailUrl":"https:\/\/edfrozen.com\/wp-content\/uploads\/2025\/08\/Pizza-bases-2x150g-.-Gluten-free-product.png","datePublished":"2025-08-13T10:40:52+00:00","dateModified":"2025-08-21T10:37:37+00:00","breadcrumb":{"@id":"https:\/\/edfrozen.com\/sq\/product\/brume-pizza-2x150g-pa-gluten\/#breadcrumb"},"inLanguage":"sq-AL","potentialAction":[{"@type":"ReadAction","target":["https:\/\/edfrozen.com\/sq\/product\/brume-pizza-2x150g-pa-gluten\/"]}]},{"@type":"ImageObject","inLanguage":"sq-AL","@id":"https:\/\/edfrozen.com\/sq\/product\/brume-pizza-2x150g-pa-gluten\/#primaryimage","url":"https:\/\/edfrozen.com\/wp-content\/uploads\/2025\/08\/Pizza-bases-2x150g-.-Gluten-free-product.png","contentUrl":"https:\/\/edfrozen.com\/wp-content\/uploads\/2025\/08\/Pizza-bases-2x150g-.-Gluten-free-product.png","width":800,"height":600},{"@type":"BreadcrumbList","@id":"https:\/\/edfrozen.com\/sq\/product\/brume-pizza-2x150g-pa-gluten\/#breadcrumb","itemListElement":[{"@type":"ListItem","position":1,"name":"Home","item":"https:\/\/edfrozen.com\/"},{"@type":"ListItem","position":2,"name":"Shop","item":"https:\/\/edfrozen.com\/?page_id=11590"},{"@type":"ListItem","position":3,"name":"Brume pizza 2x150g. pa gluten"}]},{"@type":"WebSite","@id":"https:\/\/edfrozen.com\/#website","url":"https:\/\/edfrozen.com\/","name":"Ed Frozen","description":"Food &amp; Distribution in Albania","publisher":{"@id":"https:\/\/edfrozen.com\/#organization"},"potentialAction":[{"@type":"SearchAction","target":{"@type":"EntryPoint","urlTemplate":"https:\/\/edfrozen.com\/?s={search_term_string}"},"query-input":{"@type":"PropertyValueSpecification","valueRequired":true,"valueName":"search_term_string"}}],"inLanguage":"sq-AL"},{"@type":"Organization","@id":"https:\/\/edfrozen.com\/#organization","name":"ED FROZEN","url":"https:\/\/edfrozen.com\/","logo":{"@type":"ImageObject","inLanguage":"sq-AL","@id":"https:\/\/edfrozen.com\/#\/schema\/logo\/image\/","url":"https:\/\/edfrozen.com\/wp-content\/uploads\/2021\/11\/logo-edfrozen-copy.png","contentUrl":"https:\/\/edfrozen.com\/wp-content\/uploads\/2021\/11\/logo-edfrozen-copy.png","width":1017,"height":286,"caption":"ED FROZEN"},"image":{"@id":"https:\/\/edfrozen.com\/#\/schema\/logo\/image\/"},"sameAs":["https:\/\/www.facebook.com\/edfrozenalbania\/"]}]}},"_links":{"self":[{"href":"https:\/\/edfrozen.com\/sq\/wp-json\/wp\/v2\/product\/12553","targetHints":{"allow":["GET"]}}],"collection":[{"href":"https:\/\/edfrozen.com\/sq\/wp-json\/wp\/v2\/product"}],"about":[{"href":"https:\/\/edfrozen.com\/sq\/wp-json\/wp\/v2\/types\/product"}],"wp:featuredmedia":[{"embeddable":true,"href":"https:\/\/edfrozen.com\/sq\/wp-json\/wp\/v2\/media\/12511"}],"wp:attachment":[{"href":"https:\/\/edfrozen.com\/sq\/wp-json\/wp\/v2\/media?parent=12553"}],"wp:term":[{"taxonomy":"product_cat","embeddable":true,"href":"https:\/\/edfrozen.com\/sq\/wp-json\/wp\/v2\/product_cat?post=12553"},{"taxonomy":"product_tag","embeddable":true,"href":"https:\/\/edfrozen.com\/sq\/wp-json\/wp\/v2\/product_tag?post=12553"}],"curies":[{"name":"wp","href":"https:\/\/api.w.org\/{rel}","templated":true}]}}