{"id":12558,"date":"2025-08-13T12:49:41","date_gmt":"2025-08-13T10:49:41","guid":{"rendered":"https:\/\/edfrozen.com\/product\/low-carb-low-carbohydrate-bread-190g-gluten-free\/"},"modified":"2025-08-21T12:37:17","modified_gmt":"2025-08-21T10:37:17","slug":"buke-e-zeze-low-carb-190g-pa-gluten","status":"publish","type":"product","link":"https:\/\/edfrozen.com\/sq\/product\/buke-e-zeze-low-carb-190g-pa-gluten\/","title":{"rendered":"Buk\u00eb e zez\u00eb low carb 190g. pa gluten"},"content":{"rendered":"","protected":false},"excerpt":{"rendered":"<p><strong>P\u00ebrb\u00ebr\u00ebsit<\/strong>: uj\u00eb, fara (lini, luledielli, k\u00ebrpi), l\u00ebvozhga psyllium, miell liri, miell kokosi, vaj luledielli, pluhur t\u00eb bardh\u00ebsh veze (nga rritja pa kafaze), fibra molle, maja, \u00e7ereme qum\u00ebshti, fibra: agrume, bambu; krip\u00eb.<\/p>\n<p>Ruajtja: n\u00eb vend t\u00eb that\u00eb, t\u00eb fresk\u00ebt dhe t\u00eb mbrojtur nga drita.<\/p>\n<div class=\"s-editable\">\n<div class=\"s-editable\">\n<div class=\"s-editable\">\n<div class=\"s-editable\">\n<div class=\"s-editable\">\n<div class=\"c-product-head__description\">\n<p><strong>Informacion mbi produktin:<\/strong><\/p>\n<\/div>\n<\/div>\n<\/div>\n<\/div>\n<\/div>\n<\/div>\n<table class=\"style-1\" style=\"height: 195px;\" width=\"644\">\n<tbody>\n<tr>\n<td style=\"text-align: left;\"><strong>Vlerat e energjis\u00eb:<\/strong><\/td>\n<td>1150kj\/279 kcal<\/td>\n<\/tr>\n<tr>\n<td style=\"text-align: left;\"><strong>Yndyrna (g):<\/strong><\/td>\n<td>20<\/td>\n<\/tr>\n<tr>\n<td style=\"text-align: left;\"><strong>Karbohidrate (g):<\/strong><\/td>\n<td>1.7<\/td>\n<\/tr>\n<tr>\n<td style=\"text-align: left;\"><strong>Karbohidrate (sheqerna):<\/strong><\/td>\n<td>0.2<\/td>\n<\/tr>\n<tr>\n<td style=\"text-align: left;\"><strong>Fibra:<\/strong><\/td>\n<td>19<\/td>\n<\/tr>\n<tr>\n<td style=\"text-align: left;\"><strong>Proteina:<\/strong><\/td>\n<td>13<\/td>\n<\/tr>\n<tr>\n<td style=\"text-align: left;\"><strong>Krip\u00eb:<\/strong><\/td>\n<td>0.8<\/td>\n<\/tr>\n<tr>\n<td style=\"text-align: left;\"><strong>Pesha (g):<\/strong><\/td>\n<td>190g<\/td>\n<\/tr>\n<\/tbody>\n<\/table>\n<p>&nbsp;<\/p>\n","protected":false},"featured_media":12514,"template":"","meta":{"inline_featured_image":false},"product_cat":[116],"product_tag":[],"class_list":{"0":"post-12558","1":"product","2":"type-product","3":"status-publish","4":"has-post-thumbnail","6":"product_brand-balviten","7":"product_cat-gluten-free-sq","9":"first","10":"instock","11":"shipping-taxable","12":"product-type-simple"},"yoast_head":"<!-- This site is optimized with the Yoast SEO plugin v27.4 - https:\/\/yoast.com\/product\/yoast-seo-wordpress\/ -->\n<title>Buk\u00eb e zez\u00eb low carb 190g. pa gluten - Ed Frozen<\/title>\n<meta name=\"robots\" content=\"index, follow, max-snippet:-1, max-image-preview:large, max-video-preview:-1\" \/>\n<link rel=\"canonical\" href=\"https:\/\/edfrozen.com\/sq\/product\/buke-e-zeze-low-carb-190g-pa-gluten\/\" \/>\n<meta property=\"og:locale\" content=\"sq_AL\" \/>\n<meta property=\"og:type\" content=\"article\" \/>\n<meta property=\"og:title\" content=\"Buk\u00eb e zez\u00eb low carb 190g. pa gluten - Ed Frozen\" \/>\n<meta property=\"og:description\" content=\"P\u00ebrb\u00ebr\u00ebsit: uj\u00eb, fara (lini, luledielli, k\u00ebrpi), l\u00ebvozhga psyllium, miell liri, miell kokosi, vaj luledielli, pluhur t\u00eb bardh\u00ebsh veze (nga rritja pa kafaze), fibra molle, maja, \u00e7ereme qum\u00ebshti, fibra: agrume, bambu; krip\u00eb.  Ruajtja: n\u00eb vend t\u00eb that\u00eb, t\u00eb fresk\u00ebt dhe t\u00eb mbrojtur nga drita.        Informacion mbi produktin:           Vlerat e energjis\u00eb: 1150kj\/279 kcal   Yndyrna (g): 20   Karbohidrate (g): 1.7   Karbohidrate (sheqerna): 0.2   Fibra: 19   Proteina: 13   Krip\u00eb: 0.8   Pesha (g): 190g    &nbsp;\" \/>\n<meta property=\"og:url\" content=\"https:\/\/edfrozen.com\/sq\/product\/buke-e-zeze-low-carb-190g-pa-gluten\/\" \/>\n<meta property=\"og:site_name\" content=\"Ed Frozen\" \/>\n<meta property=\"article:publisher\" content=\"https:\/\/www.facebook.com\/edfrozenalbania\/\" \/>\n<meta property=\"article:modified_time\" content=\"2025-08-21T10:37:17+00:00\" \/>\n<meta property=\"og:image\" content=\"https:\/\/edfrozen.com\/wp-content\/uploads\/2025\/08\/GLUTEN-FREE-LOW-CARB-BREAD-190g.png\" \/>\n\t<meta property=\"og:image:width\" content=\"800\" \/>\n\t<meta property=\"og:image:height\" content=\"600\" \/>\n\t<meta property=\"og:image:type\" content=\"image\/png\" \/>\n<meta name=\"twitter:card\" content=\"summary_large_image\" \/>\n<meta name=\"twitter:label1\" content=\"Est. reading time\" \/>\n\t<meta name=\"twitter:data1\" content=\"1 minute\" \/>\n<script type=\"application\/ld+json\" class=\"yoast-schema-graph\">{\"@context\":\"https:\\\/\\\/schema.org\",\"@graph\":[{\"@type\":\"WebPage\",\"@id\":\"https:\\\/\\\/edfrozen.com\\\/sq\\\/product\\\/buke-e-zeze-low-carb-190g-pa-gluten\\\/\",\"url\":\"https:\\\/\\\/edfrozen.com\\\/sq\\\/product\\\/buke-e-zeze-low-carb-190g-pa-gluten\\\/\",\"name\":\"Buk\u00eb e zez\u00eb low carb 190g. pa gluten - Ed Frozen\",\"isPartOf\":{\"@id\":\"https:\\\/\\\/edfrozen.com\\\/#website\"},\"primaryImageOfPage\":{\"@id\":\"https:\\\/\\\/edfrozen.com\\\/sq\\\/product\\\/buke-e-zeze-low-carb-190g-pa-gluten\\\/#primaryimage\"},\"image\":{\"@id\":\"https:\\\/\\\/edfrozen.com\\\/sq\\\/product\\\/buke-e-zeze-low-carb-190g-pa-gluten\\\/#primaryimage\"},\"thumbnailUrl\":\"https:\\\/\\\/edfrozen.com\\\/wp-content\\\/uploads\\\/2025\\\/08\\\/GLUTEN-FREE-LOW-CARB-BREAD-190g.png\",\"datePublished\":\"2025-08-13T10:49:41+00:00\",\"dateModified\":\"2025-08-21T10:37:17+00:00\",\"breadcrumb\":{\"@id\":\"https:\\\/\\\/edfrozen.com\\\/sq\\\/product\\\/buke-e-zeze-low-carb-190g-pa-gluten\\\/#breadcrumb\"},\"inLanguage\":\"sq-AL\",\"potentialAction\":[{\"@type\":\"ReadAction\",\"target\":[\"https:\\\/\\\/edfrozen.com\\\/sq\\\/product\\\/buke-e-zeze-low-carb-190g-pa-gluten\\\/\"]}]},{\"@type\":\"ImageObject\",\"inLanguage\":\"sq-AL\",\"@id\":\"https:\\\/\\\/edfrozen.com\\\/sq\\\/product\\\/buke-e-zeze-low-carb-190g-pa-gluten\\\/#primaryimage\",\"url\":\"https:\\\/\\\/edfrozen.com\\\/wp-content\\\/uploads\\\/2025\\\/08\\\/GLUTEN-FREE-LOW-CARB-BREAD-190g.png\",\"contentUrl\":\"https:\\\/\\\/edfrozen.com\\\/wp-content\\\/uploads\\\/2025\\\/08\\\/GLUTEN-FREE-LOW-CARB-BREAD-190g.png\",\"width\":800,\"height\":600},{\"@type\":\"BreadcrumbList\",\"@id\":\"https:\\\/\\\/edfrozen.com\\\/sq\\\/product\\\/buke-e-zeze-low-carb-190g-pa-gluten\\\/#breadcrumb\",\"itemListElement\":[{\"@type\":\"ListItem\",\"position\":1,\"name\":\"Home\",\"item\":\"https:\\\/\\\/edfrozen.com\\\/\"},{\"@type\":\"ListItem\",\"position\":2,\"name\":\"Shop\",\"item\":\"https:\\\/\\\/edfrozen.com\\\/?page_id=11590\"},{\"@type\":\"ListItem\",\"position\":3,\"name\":\"Buk\u00eb e zez\u00eb low carb 190g. pa gluten\"}]},{\"@type\":\"WebSite\",\"@id\":\"https:\\\/\\\/edfrozen.com\\\/#website\",\"url\":\"https:\\\/\\\/edfrozen.com\\\/\",\"name\":\"Ed Frozen\",\"description\":\"Food &amp; Distribution in Albania\",\"publisher\":{\"@id\":\"https:\\\/\\\/edfrozen.com\\\/#organization\"},\"potentialAction\":[{\"@type\":\"SearchAction\",\"target\":{\"@type\":\"EntryPoint\",\"urlTemplate\":\"https:\\\/\\\/edfrozen.com\\\/?s={search_term_string}\"},\"query-input\":{\"@type\":\"PropertyValueSpecification\",\"valueRequired\":true,\"valueName\":\"search_term_string\"}}],\"inLanguage\":\"sq-AL\"},{\"@type\":\"Organization\",\"@id\":\"https:\\\/\\\/edfrozen.com\\\/#organization\",\"name\":\"ED FROZEN\",\"url\":\"https:\\\/\\\/edfrozen.com\\\/\",\"logo\":{\"@type\":\"ImageObject\",\"inLanguage\":\"sq-AL\",\"@id\":\"https:\\\/\\\/edfrozen.com\\\/#\\\/schema\\\/logo\\\/image\\\/\",\"url\":\"https:\\\/\\\/edfrozen.com\\\/wp-content\\\/uploads\\\/2021\\\/11\\\/logo-edfrozen-copy.png\",\"contentUrl\":\"https:\\\/\\\/edfrozen.com\\\/wp-content\\\/uploads\\\/2021\\\/11\\\/logo-edfrozen-copy.png\",\"width\":1017,\"height\":286,\"caption\":\"ED FROZEN\"},\"image\":{\"@id\":\"https:\\\/\\\/edfrozen.com\\\/#\\\/schema\\\/logo\\\/image\\\/\"},\"sameAs\":[\"https:\\\/\\\/www.facebook.com\\\/edfrozenalbania\\\/\"]}]}<\/script>\n<!-- \/ Yoast SEO plugin. -->","yoast_head_json":{"title":"Buk\u00eb e zez\u00eb low carb 190g. pa gluten - Ed Frozen","robots":{"index":"index","follow":"follow","max-snippet":"max-snippet:-1","max-image-preview":"max-image-preview:large","max-video-preview":"max-video-preview:-1"},"canonical":"https:\/\/edfrozen.com\/sq\/product\/buke-e-zeze-low-carb-190g-pa-gluten\/","og_locale":"sq_AL","og_type":"article","og_title":"Buk\u00eb e zez\u00eb low carb 190g. pa gluten - Ed Frozen","og_description":"P\u00ebrb\u00ebr\u00ebsit: uj\u00eb, fara (lini, luledielli, k\u00ebrpi), l\u00ebvozhga psyllium, miell liri, miell kokosi, vaj luledielli, pluhur t\u00eb bardh\u00ebsh veze (nga rritja pa kafaze), fibra molle, maja, \u00e7ereme qum\u00ebshti, fibra: agrume, bambu; krip\u00eb.  Ruajtja: n\u00eb vend t\u00eb that\u00eb, t\u00eb fresk\u00ebt dhe t\u00eb mbrojtur nga drita.        Informacion mbi produktin:           Vlerat e energjis\u00eb: 1150kj\/279 kcal   Yndyrna (g): 20   Karbohidrate (g): 1.7   Karbohidrate (sheqerna): 0.2   Fibra: 19   Proteina: 13   Krip\u00eb: 0.8   Pesha (g): 190g    &nbsp;","og_url":"https:\/\/edfrozen.com\/sq\/product\/buke-e-zeze-low-carb-190g-pa-gluten\/","og_site_name":"Ed Frozen","article_publisher":"https:\/\/www.facebook.com\/edfrozenalbania\/","article_modified_time":"2025-08-21T10:37:17+00:00","og_image":[{"width":800,"height":600,"url":"https:\/\/edfrozen.com\/wp-content\/uploads\/2025\/08\/GLUTEN-FREE-LOW-CARB-BREAD-190g.png","type":"image\/png"}],"twitter_card":"summary_large_image","twitter_misc":{"Est. reading time":"1 minute"},"schema":{"@context":"https:\/\/schema.org","@graph":[{"@type":"WebPage","@id":"https:\/\/edfrozen.com\/sq\/product\/buke-e-zeze-low-carb-190g-pa-gluten\/","url":"https:\/\/edfrozen.com\/sq\/product\/buke-e-zeze-low-carb-190g-pa-gluten\/","name":"Buk\u00eb e zez\u00eb low carb 190g. pa gluten - Ed Frozen","isPartOf":{"@id":"https:\/\/edfrozen.com\/#website"},"primaryImageOfPage":{"@id":"https:\/\/edfrozen.com\/sq\/product\/buke-e-zeze-low-carb-190g-pa-gluten\/#primaryimage"},"image":{"@id":"https:\/\/edfrozen.com\/sq\/product\/buke-e-zeze-low-carb-190g-pa-gluten\/#primaryimage"},"thumbnailUrl":"https:\/\/edfrozen.com\/wp-content\/uploads\/2025\/08\/GLUTEN-FREE-LOW-CARB-BREAD-190g.png","datePublished":"2025-08-13T10:49:41+00:00","dateModified":"2025-08-21T10:37:17+00:00","breadcrumb":{"@id":"https:\/\/edfrozen.com\/sq\/product\/buke-e-zeze-low-carb-190g-pa-gluten\/#breadcrumb"},"inLanguage":"sq-AL","potentialAction":[{"@type":"ReadAction","target":["https:\/\/edfrozen.com\/sq\/product\/buke-e-zeze-low-carb-190g-pa-gluten\/"]}]},{"@type":"ImageObject","inLanguage":"sq-AL","@id":"https:\/\/edfrozen.com\/sq\/product\/buke-e-zeze-low-carb-190g-pa-gluten\/#primaryimage","url":"https:\/\/edfrozen.com\/wp-content\/uploads\/2025\/08\/GLUTEN-FREE-LOW-CARB-BREAD-190g.png","contentUrl":"https:\/\/edfrozen.com\/wp-content\/uploads\/2025\/08\/GLUTEN-FREE-LOW-CARB-BREAD-190g.png","width":800,"height":600},{"@type":"BreadcrumbList","@id":"https:\/\/edfrozen.com\/sq\/product\/buke-e-zeze-low-carb-190g-pa-gluten\/#breadcrumb","itemListElement":[{"@type":"ListItem","position":1,"name":"Home","item":"https:\/\/edfrozen.com\/"},{"@type":"ListItem","position":2,"name":"Shop","item":"https:\/\/edfrozen.com\/?page_id=11590"},{"@type":"ListItem","position":3,"name":"Buk\u00eb e zez\u00eb low carb 190g. pa gluten"}]},{"@type":"WebSite","@id":"https:\/\/edfrozen.com\/#website","url":"https:\/\/edfrozen.com\/","name":"Ed Frozen","description":"Food &amp; Distribution in Albania","publisher":{"@id":"https:\/\/edfrozen.com\/#organization"},"potentialAction":[{"@type":"SearchAction","target":{"@type":"EntryPoint","urlTemplate":"https:\/\/edfrozen.com\/?s={search_term_string}"},"query-input":{"@type":"PropertyValueSpecification","valueRequired":true,"valueName":"search_term_string"}}],"inLanguage":"sq-AL"},{"@type":"Organization","@id":"https:\/\/edfrozen.com\/#organization","name":"ED FROZEN","url":"https:\/\/edfrozen.com\/","logo":{"@type":"ImageObject","inLanguage":"sq-AL","@id":"https:\/\/edfrozen.com\/#\/schema\/logo\/image\/","url":"https:\/\/edfrozen.com\/wp-content\/uploads\/2021\/11\/logo-edfrozen-copy.png","contentUrl":"https:\/\/edfrozen.com\/wp-content\/uploads\/2021\/11\/logo-edfrozen-copy.png","width":1017,"height":286,"caption":"ED FROZEN"},"image":{"@id":"https:\/\/edfrozen.com\/#\/schema\/logo\/image\/"},"sameAs":["https:\/\/www.facebook.com\/edfrozenalbania\/"]}]}},"_links":{"self":[{"href":"https:\/\/edfrozen.com\/sq\/wp-json\/wp\/v2\/product\/12558","targetHints":{"allow":["GET"]}}],"collection":[{"href":"https:\/\/edfrozen.com\/sq\/wp-json\/wp\/v2\/product"}],"about":[{"href":"https:\/\/edfrozen.com\/sq\/wp-json\/wp\/v2\/types\/product"}],"wp:featuredmedia":[{"embeddable":true,"href":"https:\/\/edfrozen.com\/sq\/wp-json\/wp\/v2\/media\/12514"}],"wp:attachment":[{"href":"https:\/\/edfrozen.com\/sq\/wp-json\/wp\/v2\/media?parent=12558"}],"wp:term":[{"taxonomy":"product_cat","embeddable":true,"href":"https:\/\/edfrozen.com\/sq\/wp-json\/wp\/v2\/product_cat?post=12558"},{"taxonomy":"product_tag","embeddable":true,"href":"https:\/\/edfrozen.com\/sq\/wp-json\/wp\/v2\/product_tag?post=12558"}],"curies":[{"name":"wp","href":"https:\/\/api.w.org\/{rel}","templated":true}]}}