{"id":12600,"date":"2025-08-18T18:08:57","date_gmt":"2025-08-18T16:08:57","guid":{"rendered":"https:\/\/edfrozen.com\/product\/ladybugs-130g-gluten-free\/"},"modified":"2025-08-21T12:39:01","modified_gmt":"2025-08-21T10:39:01","slug":"biskota-me-cokollate-130g-pa-gluten","status":"publish","type":"product","link":"https:\/\/edfrozen.com\/sq\/product\/biskota-me-cokollate-130g-pa-gluten\/","title":{"rendered":"Biskota me \u00c7okollat\u00eb 130g. Pa gluten"},"content":{"rendered":"","protected":false},"excerpt":{"rendered":"<p data-start=\"0\" data-end=\"67\">E zhvilluar posa\u00e7\u00ebrisht p\u00ebr persona me intoleranc\u00eb ndaj glutenit.<\/p>\n<p data-start=\"69\" data-end=\"494\"><strong data-start=\"69\" data-end=\"84\">P\u00ebrb\u00ebr\u00ebsit:<\/strong> niseshte gruri pa gluten, yndyr\u00eb bimore pjes\u00ebrisht e hidrogjenuar (palme, rapice), vez\u00eb, kokrra \u00e7okollate 16% (mas\u00eb kakao, pluhur kakao i skremuar, gjalp\u00eb kakao, emulgator: lecitin\u00eb soje. P\u00ebrmbajtja minimale e mas\u00ebs s\u00eb kakaos 45%), niseshte misri, sheqer, glukoz\u00eb, agjent trash\u00ebsues: gum\u00eb guar, pektin\u00eb, fibra dietike, emulgator: mono- dhe digliceride t\u00eb acideve yndyrore, rregullues aciditeti: E575; arom\u00eb.<\/p>\n<p data-start=\"496\" data-end=\"593\">N\u00eb ambientin e fabrik\u00ebs s\u00eb prodhimit p\u00ebrdoren edhe k\u00ebto p\u00ebrb\u00ebr\u00ebs: qum\u00ebsht, arra, selino, susam.<\/p>\n<p data-start=\"595\" data-end=\"642\"><strong data-start=\"595\" data-end=\"640\">T\u00eb ruhet n\u00eb vend t\u00eb that\u00eb dhe t\u00eb fresk\u00ebt.<\/strong><\/p>\n<p data-start=\"644\" data-end=\"680\">E paketuar n\u00eb atmosfer\u00eb mbrojt\u00ebse.<\/p>\n<p data-start=\"682\" data-end=\"729\" data-is-last-node=\"\" data-is-only-node=\"\"><strong data-start=\"682\" data-end=\"700\">Nj\u00ebsia mat\u00ebse:<\/strong> paketim<br data-start=\"708\" data-end=\"711\" \/><strong data-start=\"711\" data-end=\"721\">Pesha:<\/strong> 130 g<\/p>\n<div class=\"s-editable\">\n<div class=\"s-editable\">\n<div class=\"s-editable\">\n<div class=\"s-editable\">\n<div class=\"s-editable\">\n<div class=\"c-product-head__description\">\n<p><strong>Informacion mbi produktin:<\/strong><\/p>\n<\/div>\n<\/div>\n<\/div>\n<\/div>\n<\/div>\n<\/div>\n<table class=\"style-1\" style=\"height: 195px;\" width=\"644\">\n<tbody>\n<tr>\n<td style=\"text-align: left;\"><strong>Vlerat e energjis\u00eb:<\/strong><\/td>\n<td>2098kj\/501 kcal<\/td>\n<\/tr>\n<tr>\n<td style=\"text-align: left;\"><strong>Yndyrna (g):<\/strong><\/td>\n<td>25<\/td>\n<\/tr>\n<tr>\n<td style=\"text-align: left;\"><strong>Karbohidrate (g):<\/strong><\/td>\n<td>65<\/td>\n<\/tr>\n<tr>\n<td style=\"text-align: left;\"><strong>Karbohidrate (sheqerna):<\/strong><\/td>\n<td>28<\/td>\n<\/tr>\n<tr>\n<td style=\"text-align: left;\"><strong>Fibra:<\/strong><\/td>\n<td>1.9<\/td>\n<\/tr>\n<tr>\n<td style=\"text-align: left;\"><strong>Proteina:<\/strong><\/td>\n<td>3.3<\/td>\n<\/tr>\n<tr>\n<td style=\"text-align: left;\"><strong>Krip\u00eb:<\/strong><\/td>\n<td>0.24<\/td>\n<\/tr>\n<tr>\n<td style=\"text-align: left;\"><strong>Pesha (g):<\/strong><\/td>\n<td>130g<\/td>\n<\/tr>\n<\/tbody>\n<\/table>\n","protected":false},"featured_media":12530,"template":"","meta":{"inline_featured_image":false},"product_cat":[116],"product_tag":[],"class_list":{"0":"post-12600","1":"product","2":"type-product","3":"status-publish","4":"has-post-thumbnail","6":"product_brand-balviten","7":"product_cat-gluten-free-sq","9":"first","10":"instock","11":"shipping-taxable","12":"product-type-simple"},"yoast_head":"<!-- This site is optimized with the Yoast SEO plugin v27.4 - https:\/\/yoast.com\/product\/yoast-seo-wordpress\/ -->\n<title>Biskota me \u00c7okollat\u00eb 130g. Pa gluten - Ed Frozen<\/title>\n<meta name=\"robots\" content=\"index, follow, max-snippet:-1, max-image-preview:large, max-video-preview:-1\" \/>\n<link rel=\"canonical\" href=\"https:\/\/edfrozen.com\/sq\/product\/biskota-me-cokollate-130g-pa-gluten\/\" \/>\n<meta property=\"og:locale\" content=\"sq_AL\" \/>\n<meta property=\"og:type\" content=\"article\" \/>\n<meta property=\"og:title\" content=\"Biskota me \u00c7okollat\u00eb 130g. Pa gluten - Ed Frozen\" \/>\n<meta property=\"og:description\" content=\"E zhvilluar posa\u00e7\u00ebrisht p\u00ebr persona me intoleranc\u00eb ndaj glutenit. P\u00ebrb\u00ebr\u00ebsit: niseshte gruri pa gluten, yndyr\u00eb bimore pjes\u00ebrisht e hidrogjenuar (palme, rapice), vez\u00eb, kokrra \u00e7okollate 16% (mas\u00eb kakao, pluhur kakao i skremuar, gjalp\u00eb kakao, emulgator: lecitin\u00eb soje. P\u00ebrmbajtja minimale e mas\u00ebs s\u00eb kakaos 45%), niseshte misri, sheqer, glukoz\u00eb, agjent trash\u00ebsues: gum\u00eb guar, pektin\u00eb, fibra dietike, emulgator: mono- dhe digliceride t\u00eb acideve yndyrore, rregullues aciditeti: E575; arom\u00eb. N\u00eb ambientin e fabrik\u00ebs s\u00eb prodhimit p\u00ebrdoren edhe k\u00ebto p\u00ebrb\u00ebr\u00ebs: qum\u00ebsht, arra, selino, susam. T\u00eb ruhet n\u00eb vend t\u00eb that\u00eb dhe t\u00eb fresk\u00ebt. E paketuar n\u00eb atmosfer\u00eb mbrojt\u00ebse. Nj\u00ebsia mat\u00ebse: paketimPesha: 130 g         Informacion mbi produktin:           Vlerat e energjis\u00eb: 2098kj\/501 kcal   Yndyrna (g): 25   Karbohidrate (g): 65   Karbohidrate (sheqerna): 28   Fibra: 1.9   Proteina: 3.3   Krip\u00eb: 0.24   Pesha (g): 130g\" \/>\n<meta property=\"og:url\" content=\"https:\/\/edfrozen.com\/sq\/product\/biskota-me-cokollate-130g-pa-gluten\/\" \/>\n<meta property=\"og:site_name\" content=\"Ed Frozen\" \/>\n<meta property=\"article:publisher\" content=\"https:\/\/www.facebook.com\/edfrozenalbania\/\" \/>\n<meta property=\"article:modified_time\" content=\"2025-08-21T10:39:01+00:00\" \/>\n<meta property=\"og:image\" content=\"https:\/\/edfrozen.com\/wp-content\/uploads\/2025\/08\/GLUTEN-FREE-CHOCCO-POINTS.jpg\" \/>\n\t<meta property=\"og:image:width\" content=\"800\" \/>\n\t<meta property=\"og:image:height\" content=\"600\" \/>\n\t<meta property=\"og:image:type\" content=\"image\/jpeg\" \/>\n<meta name=\"twitter:card\" content=\"summary_large_image\" \/>\n<meta name=\"twitter:label1\" content=\"Est. reading time\" \/>\n\t<meta name=\"twitter:data1\" content=\"1 minute\" \/>\n<script type=\"application\/ld+json\" class=\"yoast-schema-graph\">{\"@context\":\"https:\\\/\\\/schema.org\",\"@graph\":[{\"@type\":\"WebPage\",\"@id\":\"https:\\\/\\\/edfrozen.com\\\/sq\\\/product\\\/biskota-me-cokollate-130g-pa-gluten\\\/\",\"url\":\"https:\\\/\\\/edfrozen.com\\\/sq\\\/product\\\/biskota-me-cokollate-130g-pa-gluten\\\/\",\"name\":\"Biskota me \u00c7okollat\u00eb 130g. Pa gluten - Ed Frozen\",\"isPartOf\":{\"@id\":\"https:\\\/\\\/edfrozen.com\\\/#website\"},\"primaryImageOfPage\":{\"@id\":\"https:\\\/\\\/edfrozen.com\\\/sq\\\/product\\\/biskota-me-cokollate-130g-pa-gluten\\\/#primaryimage\"},\"image\":{\"@id\":\"https:\\\/\\\/edfrozen.com\\\/sq\\\/product\\\/biskota-me-cokollate-130g-pa-gluten\\\/#primaryimage\"},\"thumbnailUrl\":\"https:\\\/\\\/edfrozen.com\\\/wp-content\\\/uploads\\\/2025\\\/08\\\/GLUTEN-FREE-CHOCCO-POINTS.jpg\",\"datePublished\":\"2025-08-18T16:08:57+00:00\",\"dateModified\":\"2025-08-21T10:39:01+00:00\",\"breadcrumb\":{\"@id\":\"https:\\\/\\\/edfrozen.com\\\/sq\\\/product\\\/biskota-me-cokollate-130g-pa-gluten\\\/#breadcrumb\"},\"inLanguage\":\"sq-AL\",\"potentialAction\":[{\"@type\":\"ReadAction\",\"target\":[\"https:\\\/\\\/edfrozen.com\\\/sq\\\/product\\\/biskota-me-cokollate-130g-pa-gluten\\\/\"]}]},{\"@type\":\"ImageObject\",\"inLanguage\":\"sq-AL\",\"@id\":\"https:\\\/\\\/edfrozen.com\\\/sq\\\/product\\\/biskota-me-cokollate-130g-pa-gluten\\\/#primaryimage\",\"url\":\"https:\\\/\\\/edfrozen.com\\\/wp-content\\\/uploads\\\/2025\\\/08\\\/GLUTEN-FREE-CHOCCO-POINTS.jpg\",\"contentUrl\":\"https:\\\/\\\/edfrozen.com\\\/wp-content\\\/uploads\\\/2025\\\/08\\\/GLUTEN-FREE-CHOCCO-POINTS.jpg\",\"width\":800,\"height\":600},{\"@type\":\"BreadcrumbList\",\"@id\":\"https:\\\/\\\/edfrozen.com\\\/sq\\\/product\\\/biskota-me-cokollate-130g-pa-gluten\\\/#breadcrumb\",\"itemListElement\":[{\"@type\":\"ListItem\",\"position\":1,\"name\":\"Home\",\"item\":\"https:\\\/\\\/edfrozen.com\\\/\"},{\"@type\":\"ListItem\",\"position\":2,\"name\":\"Shop\",\"item\":\"https:\\\/\\\/edfrozen.com\\\/?page_id=11590\"},{\"@type\":\"ListItem\",\"position\":3,\"name\":\"Biskota me \u00c7okollat\u00eb 130g. Pa gluten\"}]},{\"@type\":\"WebSite\",\"@id\":\"https:\\\/\\\/edfrozen.com\\\/#website\",\"url\":\"https:\\\/\\\/edfrozen.com\\\/\",\"name\":\"Ed Frozen\",\"description\":\"Food &amp; Distribution in Albania\",\"publisher\":{\"@id\":\"https:\\\/\\\/edfrozen.com\\\/#organization\"},\"potentialAction\":[{\"@type\":\"SearchAction\",\"target\":{\"@type\":\"EntryPoint\",\"urlTemplate\":\"https:\\\/\\\/edfrozen.com\\\/?s={search_term_string}\"},\"query-input\":{\"@type\":\"PropertyValueSpecification\",\"valueRequired\":true,\"valueName\":\"search_term_string\"}}],\"inLanguage\":\"sq-AL\"},{\"@type\":\"Organization\",\"@id\":\"https:\\\/\\\/edfrozen.com\\\/#organization\",\"name\":\"ED FROZEN\",\"url\":\"https:\\\/\\\/edfrozen.com\\\/\",\"logo\":{\"@type\":\"ImageObject\",\"inLanguage\":\"sq-AL\",\"@id\":\"https:\\\/\\\/edfrozen.com\\\/#\\\/schema\\\/logo\\\/image\\\/\",\"url\":\"https:\\\/\\\/edfrozen.com\\\/wp-content\\\/uploads\\\/2021\\\/11\\\/logo-edfrozen-copy.png\",\"contentUrl\":\"https:\\\/\\\/edfrozen.com\\\/wp-content\\\/uploads\\\/2021\\\/11\\\/logo-edfrozen-copy.png\",\"width\":1017,\"height\":286,\"caption\":\"ED FROZEN\"},\"image\":{\"@id\":\"https:\\\/\\\/edfrozen.com\\\/#\\\/schema\\\/logo\\\/image\\\/\"},\"sameAs\":[\"https:\\\/\\\/www.facebook.com\\\/edfrozenalbania\\\/\"]}]}<\/script>\n<!-- \/ Yoast SEO plugin. -->","yoast_head_json":{"title":"Biskota me \u00c7okollat\u00eb 130g. Pa gluten - Ed Frozen","robots":{"index":"index","follow":"follow","max-snippet":"max-snippet:-1","max-image-preview":"max-image-preview:large","max-video-preview":"max-video-preview:-1"},"canonical":"https:\/\/edfrozen.com\/sq\/product\/biskota-me-cokollate-130g-pa-gluten\/","og_locale":"sq_AL","og_type":"article","og_title":"Biskota me \u00c7okollat\u00eb 130g. Pa gluten - Ed Frozen","og_description":"E zhvilluar posa\u00e7\u00ebrisht p\u00ebr persona me intoleranc\u00eb ndaj glutenit. P\u00ebrb\u00ebr\u00ebsit: niseshte gruri pa gluten, yndyr\u00eb bimore pjes\u00ebrisht e hidrogjenuar (palme, rapice), vez\u00eb, kokrra \u00e7okollate 16% (mas\u00eb kakao, pluhur kakao i skremuar, gjalp\u00eb kakao, emulgator: lecitin\u00eb soje. P\u00ebrmbajtja minimale e mas\u00ebs s\u00eb kakaos 45%), niseshte misri, sheqer, glukoz\u00eb, agjent trash\u00ebsues: gum\u00eb guar, pektin\u00eb, fibra dietike, emulgator: mono- dhe digliceride t\u00eb acideve yndyrore, rregullues aciditeti: E575; arom\u00eb. N\u00eb ambientin e fabrik\u00ebs s\u00eb prodhimit p\u00ebrdoren edhe k\u00ebto p\u00ebrb\u00ebr\u00ebs: qum\u00ebsht, arra, selino, susam. T\u00eb ruhet n\u00eb vend t\u00eb that\u00eb dhe t\u00eb fresk\u00ebt. E paketuar n\u00eb atmosfer\u00eb mbrojt\u00ebse. Nj\u00ebsia mat\u00ebse: paketimPesha: 130 g         Informacion mbi produktin:           Vlerat e energjis\u00eb: 2098kj\/501 kcal   Yndyrna (g): 25   Karbohidrate (g): 65   Karbohidrate (sheqerna): 28   Fibra: 1.9   Proteina: 3.3   Krip\u00eb: 0.24   Pesha (g): 130g","og_url":"https:\/\/edfrozen.com\/sq\/product\/biskota-me-cokollate-130g-pa-gluten\/","og_site_name":"Ed Frozen","article_publisher":"https:\/\/www.facebook.com\/edfrozenalbania\/","article_modified_time":"2025-08-21T10:39:01+00:00","og_image":[{"width":800,"height":600,"url":"https:\/\/edfrozen.com\/wp-content\/uploads\/2025\/08\/GLUTEN-FREE-CHOCCO-POINTS.jpg","type":"image\/jpeg"}],"twitter_card":"summary_large_image","twitter_misc":{"Est. reading time":"1 minute"},"schema":{"@context":"https:\/\/schema.org","@graph":[{"@type":"WebPage","@id":"https:\/\/edfrozen.com\/sq\/product\/biskota-me-cokollate-130g-pa-gluten\/","url":"https:\/\/edfrozen.com\/sq\/product\/biskota-me-cokollate-130g-pa-gluten\/","name":"Biskota me \u00c7okollat\u00eb 130g. Pa gluten - Ed Frozen","isPartOf":{"@id":"https:\/\/edfrozen.com\/#website"},"primaryImageOfPage":{"@id":"https:\/\/edfrozen.com\/sq\/product\/biskota-me-cokollate-130g-pa-gluten\/#primaryimage"},"image":{"@id":"https:\/\/edfrozen.com\/sq\/product\/biskota-me-cokollate-130g-pa-gluten\/#primaryimage"},"thumbnailUrl":"https:\/\/edfrozen.com\/wp-content\/uploads\/2025\/08\/GLUTEN-FREE-CHOCCO-POINTS.jpg","datePublished":"2025-08-18T16:08:57+00:00","dateModified":"2025-08-21T10:39:01+00:00","breadcrumb":{"@id":"https:\/\/edfrozen.com\/sq\/product\/biskota-me-cokollate-130g-pa-gluten\/#breadcrumb"},"inLanguage":"sq-AL","potentialAction":[{"@type":"ReadAction","target":["https:\/\/edfrozen.com\/sq\/product\/biskota-me-cokollate-130g-pa-gluten\/"]}]},{"@type":"ImageObject","inLanguage":"sq-AL","@id":"https:\/\/edfrozen.com\/sq\/product\/biskota-me-cokollate-130g-pa-gluten\/#primaryimage","url":"https:\/\/edfrozen.com\/wp-content\/uploads\/2025\/08\/GLUTEN-FREE-CHOCCO-POINTS.jpg","contentUrl":"https:\/\/edfrozen.com\/wp-content\/uploads\/2025\/08\/GLUTEN-FREE-CHOCCO-POINTS.jpg","width":800,"height":600},{"@type":"BreadcrumbList","@id":"https:\/\/edfrozen.com\/sq\/product\/biskota-me-cokollate-130g-pa-gluten\/#breadcrumb","itemListElement":[{"@type":"ListItem","position":1,"name":"Home","item":"https:\/\/edfrozen.com\/"},{"@type":"ListItem","position":2,"name":"Shop","item":"https:\/\/edfrozen.com\/?page_id=11590"},{"@type":"ListItem","position":3,"name":"Biskota me \u00c7okollat\u00eb 130g. Pa gluten"}]},{"@type":"WebSite","@id":"https:\/\/edfrozen.com\/#website","url":"https:\/\/edfrozen.com\/","name":"Ed Frozen","description":"Food &amp; Distribution in Albania","publisher":{"@id":"https:\/\/edfrozen.com\/#organization"},"potentialAction":[{"@type":"SearchAction","target":{"@type":"EntryPoint","urlTemplate":"https:\/\/edfrozen.com\/?s={search_term_string}"},"query-input":{"@type":"PropertyValueSpecification","valueRequired":true,"valueName":"search_term_string"}}],"inLanguage":"sq-AL"},{"@type":"Organization","@id":"https:\/\/edfrozen.com\/#organization","name":"ED FROZEN","url":"https:\/\/edfrozen.com\/","logo":{"@type":"ImageObject","inLanguage":"sq-AL","@id":"https:\/\/edfrozen.com\/#\/schema\/logo\/image\/","url":"https:\/\/edfrozen.com\/wp-content\/uploads\/2021\/11\/logo-edfrozen-copy.png","contentUrl":"https:\/\/edfrozen.com\/wp-content\/uploads\/2021\/11\/logo-edfrozen-copy.png","width":1017,"height":286,"caption":"ED FROZEN"},"image":{"@id":"https:\/\/edfrozen.com\/#\/schema\/logo\/image\/"},"sameAs":["https:\/\/www.facebook.com\/edfrozenalbania\/"]}]}},"_links":{"self":[{"href":"https:\/\/edfrozen.com\/sq\/wp-json\/wp\/v2\/product\/12600","targetHints":{"allow":["GET"]}}],"collection":[{"href":"https:\/\/edfrozen.com\/sq\/wp-json\/wp\/v2\/product"}],"about":[{"href":"https:\/\/edfrozen.com\/sq\/wp-json\/wp\/v2\/types\/product"}],"wp:featuredmedia":[{"embeddable":true,"href":"https:\/\/edfrozen.com\/sq\/wp-json\/wp\/v2\/media\/12530"}],"wp:attachment":[{"href":"https:\/\/edfrozen.com\/sq\/wp-json\/wp\/v2\/media?parent=12600"}],"wp:term":[{"taxonomy":"product_cat","embeddable":true,"href":"https:\/\/edfrozen.com\/sq\/wp-json\/wp\/v2\/product_cat?post=12600"},{"taxonomy":"product_tag","embeddable":true,"href":"https:\/\/edfrozen.com\/sq\/wp-json\/wp\/v2\/product_tag?post=12600"}],"curies":[{"name":"wp","href":"https:\/\/api.w.org\/{rel}","templated":true}]}}