{"id":12724,"date":"2026-02-18T14:49:48","date_gmt":"2026-02-18T12:49:48","guid":{"rendered":"https:\/\/edfrozen.com\/product\/rustiguette-52-cm\/"},"modified":"2026-02-18T18:15:33","modified_gmt":"2026-02-18T16:15:33","slug":"rustiguette-52-cm","status":"publish","type":"product","link":"https:\/\/edfrozen.com\/sq\/product\/rustiguette-52-cm\/","title":{"rendered":"Rustiguette 52 cm"},"content":{"rendered":"","protected":false},"excerpt":{"rendered":"<p>\u2022 Nj\u00eb p\u00ebrzierje mielli gruri dhe mielli gruri t\u00eb maltuar.<br data-start=\"80\" data-end=\"83\" \/>\u2022 Pamje dalluese fal\u00eb skajeve t\u00eb pjerr\u00ebta.<br data-start=\"125\" data-end=\"128\" \/>\u2022 Brend\u00ebsi e ajrosur q\u00eb shkrihet n\u00eb goj\u00eb.<br data-start=\"169\" data-end=\"172\" \/>\u2022 Koh\u00eb m\u00eb e gjat\u00eb fermentimi p\u00ebr zhvillim m\u00eb t\u00eb mir\u00eb t\u00eb arom\u00ebs dhe nj\u00eb tekstur\u00eb delikate.<\/p>\n","protected":false},"featured_media":12696,"template":"","meta":{"inline_featured_image":false},"product_cat":[113],"product_tag":[],"class_list":{"0":"post-12724","1":"product","2":"type-product","3":"status-publish","4":"has-post-thumbnail","6":"product_cat-bakery-sq","8":"first","9":"instock","10":"shipping-taxable","11":"product-type-simple"},"yoast_head":"<!-- This site is optimized with the Yoast SEO plugin v27.3 - https:\/\/yoast.com\/product\/yoast-seo-wordpress\/ -->\n<title>Rustiguette 52 cm - Ed Frozen<\/title>\n<meta name=\"robots\" content=\"index, follow, max-snippet:-1, max-image-preview:large, max-video-preview:-1\" \/>\n<link rel=\"canonical\" href=\"https:\/\/edfrozen.com\/sq\/product\/rustiguette-52-cm\/\" \/>\n<meta property=\"og:locale\" content=\"sq_AL\" \/>\n<meta property=\"og:type\" content=\"article\" \/>\n<meta property=\"og:title\" content=\"Rustiguette 52 cm - Ed Frozen\" \/>\n<meta property=\"og:description\" content=\"\u2022 Nj\u00eb p\u00ebrzierje mielli gruri dhe mielli gruri t\u00eb maltuar.\u2022 Pamje dalluese fal\u00eb skajeve t\u00eb pjerr\u00ebta.\u2022 Brend\u00ebsi e ajrosur q\u00eb shkrihet n\u00eb goj\u00eb.\u2022 Koh\u00eb m\u00eb e gjat\u00eb fermentimi p\u00ebr zhvillim m\u00eb t\u00eb mir\u00eb t\u00eb arom\u00ebs dhe nj\u00eb tekstur\u00eb delikate.\" \/>\n<meta property=\"og:url\" content=\"https:\/\/edfrozen.com\/sq\/product\/rustiguette-52-cm\/\" \/>\n<meta property=\"og:site_name\" content=\"Ed Frozen\" \/>\n<meta property=\"article:publisher\" content=\"https:\/\/www.facebook.com\/edfrozenalbania\/\" \/>\n<meta property=\"article:modified_time\" content=\"2026-02-18T16:15:33+00:00\" \/>\n<meta property=\"og:image\" content=\"https:\/\/edfrozen.com\/wp-content\/uploads\/2026\/02\/Rustic-Baguette-52cm.jpg.jpeg\" \/>\n\t<meta property=\"og:image:width\" content=\"1275\" \/>\n\t<meta property=\"og:image:height\" content=\"1275\" \/>\n\t<meta property=\"og:image:type\" content=\"image\/jpeg\" \/>\n<meta name=\"twitter:card\" content=\"summary_large_image\" \/>\n<meta name=\"twitter:label1\" content=\"Est. reading time\" \/>\n\t<meta name=\"twitter:data1\" content=\"1 minute\" \/>\n<script type=\"application\/ld+json\" class=\"yoast-schema-graph\">{\"@context\":\"https:\\\/\\\/schema.org\",\"@graph\":[{\"@type\":\"WebPage\",\"@id\":\"https:\\\/\\\/edfrozen.com\\\/sq\\\/product\\\/rustiguette-52-cm\\\/\",\"url\":\"https:\\\/\\\/edfrozen.com\\\/sq\\\/product\\\/rustiguette-52-cm\\\/\",\"name\":\"Rustiguette 52 cm - Ed Frozen\",\"isPartOf\":{\"@id\":\"https:\\\/\\\/edfrozen.com\\\/#website\"},\"primaryImageOfPage\":{\"@id\":\"https:\\\/\\\/edfrozen.com\\\/sq\\\/product\\\/rustiguette-52-cm\\\/#primaryimage\"},\"image\":{\"@id\":\"https:\\\/\\\/edfrozen.com\\\/sq\\\/product\\\/rustiguette-52-cm\\\/#primaryimage\"},\"thumbnailUrl\":\"https:\\\/\\\/edfrozen.com\\\/wp-content\\\/uploads\\\/2026\\\/02\\\/Rustic-Baguette-52cm.jpg.jpeg\",\"datePublished\":\"2026-02-18T12:49:48+00:00\",\"dateModified\":\"2026-02-18T16:15:33+00:00\",\"breadcrumb\":{\"@id\":\"https:\\\/\\\/edfrozen.com\\\/sq\\\/product\\\/rustiguette-52-cm\\\/#breadcrumb\"},\"inLanguage\":\"sq-AL\",\"potentialAction\":[{\"@type\":\"ReadAction\",\"target\":[\"https:\\\/\\\/edfrozen.com\\\/sq\\\/product\\\/rustiguette-52-cm\\\/\"]}]},{\"@type\":\"ImageObject\",\"inLanguage\":\"sq-AL\",\"@id\":\"https:\\\/\\\/edfrozen.com\\\/sq\\\/product\\\/rustiguette-52-cm\\\/#primaryimage\",\"url\":\"https:\\\/\\\/edfrozen.com\\\/wp-content\\\/uploads\\\/2026\\\/02\\\/Rustic-Baguette-52cm.jpg.jpeg\",\"contentUrl\":\"https:\\\/\\\/edfrozen.com\\\/wp-content\\\/uploads\\\/2026\\\/02\\\/Rustic-Baguette-52cm.jpg.jpeg\",\"width\":1275,\"height\":1275},{\"@type\":\"BreadcrumbList\",\"@id\":\"https:\\\/\\\/edfrozen.com\\\/sq\\\/product\\\/rustiguette-52-cm\\\/#breadcrumb\",\"itemListElement\":[{\"@type\":\"ListItem\",\"position\":1,\"name\":\"Home\",\"item\":\"https:\\\/\\\/edfrozen.com\\\/\"},{\"@type\":\"ListItem\",\"position\":2,\"name\":\"Shop\",\"item\":\"https:\\\/\\\/edfrozen.com\\\/?page_id=11590\"},{\"@type\":\"ListItem\",\"position\":3,\"name\":\"Rustiguette 52 cm\"}]},{\"@type\":\"WebSite\",\"@id\":\"https:\\\/\\\/edfrozen.com\\\/#website\",\"url\":\"https:\\\/\\\/edfrozen.com\\\/\",\"name\":\"Ed Frozen\",\"description\":\"Food &amp; Distribution in Albania\",\"publisher\":{\"@id\":\"https:\\\/\\\/edfrozen.com\\\/#organization\"},\"potentialAction\":[{\"@type\":\"SearchAction\",\"target\":{\"@type\":\"EntryPoint\",\"urlTemplate\":\"https:\\\/\\\/edfrozen.com\\\/?s={search_term_string}\"},\"query-input\":{\"@type\":\"PropertyValueSpecification\",\"valueRequired\":true,\"valueName\":\"search_term_string\"}}],\"inLanguage\":\"sq-AL\"},{\"@type\":\"Organization\",\"@id\":\"https:\\\/\\\/edfrozen.com\\\/#organization\",\"name\":\"ED FROZEN\",\"url\":\"https:\\\/\\\/edfrozen.com\\\/\",\"logo\":{\"@type\":\"ImageObject\",\"inLanguage\":\"sq-AL\",\"@id\":\"https:\\\/\\\/edfrozen.com\\\/#\\\/schema\\\/logo\\\/image\\\/\",\"url\":\"https:\\\/\\\/edfrozen.com\\\/wp-content\\\/uploads\\\/2021\\\/11\\\/logo-edfrozen-copy.png\",\"contentUrl\":\"https:\\\/\\\/edfrozen.com\\\/wp-content\\\/uploads\\\/2021\\\/11\\\/logo-edfrozen-copy.png\",\"width\":1017,\"height\":286,\"caption\":\"ED FROZEN\"},\"image\":{\"@id\":\"https:\\\/\\\/edfrozen.com\\\/#\\\/schema\\\/logo\\\/image\\\/\"},\"sameAs\":[\"https:\\\/\\\/www.facebook.com\\\/edfrozenalbania\\\/\"]}]}<\/script>\n<!-- \/ Yoast SEO plugin. -->","yoast_head_json":{"title":"Rustiguette 52 cm - Ed Frozen","robots":{"index":"index","follow":"follow","max-snippet":"max-snippet:-1","max-image-preview":"max-image-preview:large","max-video-preview":"max-video-preview:-1"},"canonical":"https:\/\/edfrozen.com\/sq\/product\/rustiguette-52-cm\/","og_locale":"sq_AL","og_type":"article","og_title":"Rustiguette 52 cm - Ed Frozen","og_description":"\u2022 Nj\u00eb p\u00ebrzierje mielli gruri dhe mielli gruri t\u00eb maltuar.\u2022 Pamje dalluese fal\u00eb skajeve t\u00eb pjerr\u00ebta.\u2022 Brend\u00ebsi e ajrosur q\u00eb shkrihet n\u00eb goj\u00eb.\u2022 Koh\u00eb m\u00eb e gjat\u00eb fermentimi p\u00ebr zhvillim m\u00eb t\u00eb mir\u00eb t\u00eb arom\u00ebs dhe nj\u00eb tekstur\u00eb delikate.","og_url":"https:\/\/edfrozen.com\/sq\/product\/rustiguette-52-cm\/","og_site_name":"Ed Frozen","article_publisher":"https:\/\/www.facebook.com\/edfrozenalbania\/","article_modified_time":"2026-02-18T16:15:33+00:00","og_image":[{"width":1275,"height":1275,"url":"https:\/\/edfrozen.com\/wp-content\/uploads\/2026\/02\/Rustic-Baguette-52cm.jpg.jpeg","type":"image\/jpeg"}],"twitter_card":"summary_large_image","twitter_misc":{"Est. reading time":"1 minute"},"schema":{"@context":"https:\/\/schema.org","@graph":[{"@type":"WebPage","@id":"https:\/\/edfrozen.com\/sq\/product\/rustiguette-52-cm\/","url":"https:\/\/edfrozen.com\/sq\/product\/rustiguette-52-cm\/","name":"Rustiguette 52 cm - Ed Frozen","isPartOf":{"@id":"https:\/\/edfrozen.com\/#website"},"primaryImageOfPage":{"@id":"https:\/\/edfrozen.com\/sq\/product\/rustiguette-52-cm\/#primaryimage"},"image":{"@id":"https:\/\/edfrozen.com\/sq\/product\/rustiguette-52-cm\/#primaryimage"},"thumbnailUrl":"https:\/\/edfrozen.com\/wp-content\/uploads\/2026\/02\/Rustic-Baguette-52cm.jpg.jpeg","datePublished":"2026-02-18T12:49:48+00:00","dateModified":"2026-02-18T16:15:33+00:00","breadcrumb":{"@id":"https:\/\/edfrozen.com\/sq\/product\/rustiguette-52-cm\/#breadcrumb"},"inLanguage":"sq-AL","potentialAction":[{"@type":"ReadAction","target":["https:\/\/edfrozen.com\/sq\/product\/rustiguette-52-cm\/"]}]},{"@type":"ImageObject","inLanguage":"sq-AL","@id":"https:\/\/edfrozen.com\/sq\/product\/rustiguette-52-cm\/#primaryimage","url":"https:\/\/edfrozen.com\/wp-content\/uploads\/2026\/02\/Rustic-Baguette-52cm.jpg.jpeg","contentUrl":"https:\/\/edfrozen.com\/wp-content\/uploads\/2026\/02\/Rustic-Baguette-52cm.jpg.jpeg","width":1275,"height":1275},{"@type":"BreadcrumbList","@id":"https:\/\/edfrozen.com\/sq\/product\/rustiguette-52-cm\/#breadcrumb","itemListElement":[{"@type":"ListItem","position":1,"name":"Home","item":"https:\/\/edfrozen.com\/"},{"@type":"ListItem","position":2,"name":"Shop","item":"https:\/\/edfrozen.com\/?page_id=11590"},{"@type":"ListItem","position":3,"name":"Rustiguette 52 cm"}]},{"@type":"WebSite","@id":"https:\/\/edfrozen.com\/#website","url":"https:\/\/edfrozen.com\/","name":"Ed Frozen","description":"Food &amp; Distribution in Albania","publisher":{"@id":"https:\/\/edfrozen.com\/#organization"},"potentialAction":[{"@type":"SearchAction","target":{"@type":"EntryPoint","urlTemplate":"https:\/\/edfrozen.com\/?s={search_term_string}"},"query-input":{"@type":"PropertyValueSpecification","valueRequired":true,"valueName":"search_term_string"}}],"inLanguage":"sq-AL"},{"@type":"Organization","@id":"https:\/\/edfrozen.com\/#organization","name":"ED FROZEN","url":"https:\/\/edfrozen.com\/","logo":{"@type":"ImageObject","inLanguage":"sq-AL","@id":"https:\/\/edfrozen.com\/#\/schema\/logo\/image\/","url":"https:\/\/edfrozen.com\/wp-content\/uploads\/2021\/11\/logo-edfrozen-copy.png","contentUrl":"https:\/\/edfrozen.com\/wp-content\/uploads\/2021\/11\/logo-edfrozen-copy.png","width":1017,"height":286,"caption":"ED FROZEN"},"image":{"@id":"https:\/\/edfrozen.com\/#\/schema\/logo\/image\/"},"sameAs":["https:\/\/www.facebook.com\/edfrozenalbania\/"]}]}},"_links":{"self":[{"href":"https:\/\/edfrozen.com\/sq\/wp-json\/wp\/v2\/product\/12724","targetHints":{"allow":["GET"]}}],"collection":[{"href":"https:\/\/edfrozen.com\/sq\/wp-json\/wp\/v2\/product"}],"about":[{"href":"https:\/\/edfrozen.com\/sq\/wp-json\/wp\/v2\/types\/product"}],"wp:featuredmedia":[{"embeddable":true,"href":"https:\/\/edfrozen.com\/sq\/wp-json\/wp\/v2\/media\/12696"}],"wp:attachment":[{"href":"https:\/\/edfrozen.com\/sq\/wp-json\/wp\/v2\/media?parent=12724"}],"wp:term":[{"taxonomy":"product_cat","embeddable":true,"href":"https:\/\/edfrozen.com\/sq\/wp-json\/wp\/v2\/product_cat?post=12724"},{"taxonomy":"product_tag","embeddable":true,"href":"https:\/\/edfrozen.com\/sq\/wp-json\/wp\/v2\/product_tag?post=12724"}],"curies":[{"name":"wp","href":"https:\/\/api.w.org\/{rel}","templated":true}]}}